{"id":5483,"date":"2020-04-23T12:31:43","date_gmt":"2020-04-23T10:31:43","guid":{"rendered":"https:\/\/www.rd-as.com\/?page_id=5483"},"modified":"2025-04-30T16:17:30","modified_gmt":"2025-04-30T14:17:30","slug":"datenschutzerklaerung","status":"publish","type":"page","link":"https:\/\/rdtestsystems.wpdrift.dev\/de\/datenschutzerklaerung\/","title":{"rendered":"Datenschutzerkl\u00e4rung"},"content":{"rendered":"","protected":false},"excerpt":{"rendered":"","protected":false},"author":14,"featured_media":0,"parent":0,"menu_order":20,"comment_status":"closed","ping_status":"closed","template":"views\/template-modules.blade.php","meta":{"footnotes":""},"class_list":["post-5483","page","type-page","status-publish","hentry"],"yoast_head":"<!-- This site is optimized with the Yoast SEO plugin v25.7 - https:\/\/yoast.com\/wordpress\/plugins\/seo\/ -->\n<title>Datenschutzerkl\u00e4rung - R&amp;D Test Systems<\/title>\n<meta name=\"robots\" content=\"noindex, nofollow\" \/>\n<meta property=\"og:locale\" content=\"de_DE\" \/>\n<meta property=\"og:type\" content=\"article\" \/>\n<meta property=\"og:title\" content=\"Datenschutzerkl\u00e4rung - R&amp;D Test Systems\" \/>\n<meta property=\"og:url\" content=\"https:\/\/rdtestsystems.wpdrift.dev\/de\/datenschutzerklaerung\/\" \/>\n<meta property=\"og:site_name\" content=\"R&amp;D Test Systems\" \/>\n<meta property=\"article:modified_time\" content=\"2025-04-30T14:17:30+00:00\" \/>\n<meta name=\"twitter:card\" content=\"summary_large_image\" \/>\n<meta name=\"twitter:label1\" content=\"Est. reading time\" \/>\n\t<meta name=\"twitter:data1\" content=\"7 minutes\" \/>\n<script type=\"application\/ld+json\" class=\"yoast-schema-graph\">{\"@context\":\"https:\/\/schema.org\",\"@graph\":[{\"@type\":\"WebPage\",\"@id\":\"https:\/\/rdtestsystems.wpdrift.dev\/de\/datenschutzerklaerung\/\",\"url\":\"https:\/\/rdtestsystems.wpdrift.dev\/de\/datenschutzerklaerung\/\",\"name\":\"Datenschutzerkl\u00e4rung - R&amp;D Test Systems\",\"isPartOf\":{\"@id\":\"https:\/\/rdtestsystems.wpdrift.dev\/#website\"},\"datePublished\":\"2020-04-23T10:31:43+00:00\",\"dateModified\":\"2025-04-30T14:17:30+00:00\",\"breadcrumb\":{\"@id\":\"https:\/\/rdtestsystems.wpdrift.dev\/de\/datenschutzerklaerung\/#breadcrumb\"},\"inLanguage\":\"de-DE\",\"potentialAction\":[{\"@type\":\"ReadAction\",\"target\":[\"https:\/\/rdtestsystems.wpdrift.dev\/de\/datenschutzerklaerung\/\"]}]},{\"@type\":\"BreadcrumbList\",\"@id\":\"https:\/\/rdtestsystems.wpdrift.dev\/de\/datenschutzerklaerung\/#breadcrumb\",\"itemListElement\":[{\"@type\":\"ListItem\",\"position\":1,\"name\":\"Home\",\"item\":\"https:\/\/rdtestsystems.wpdrift.dev\/de\/\"},{\"@type\":\"ListItem\",\"position\":2,\"name\":\"Datenschutzerkl\u00e4rung\"}]},{\"@type\":\"WebSite\",\"@id\":\"https:\/\/rdtestsystems.wpdrift.dev\/#website\",\"url\":\"https:\/\/rdtestsystems.wpdrift.dev\/\",\"name\":\"R&amp;D Test Systems\",\"description\":\"Creating Value Through World-Class Engineering\",\"potentialAction\":[{\"@type\":\"SearchAction\",\"target\":{\"@type\":\"EntryPoint\",\"urlTemplate\":\"https:\/\/rdtestsystems.wpdrift.dev\/?s={search_term_string}\"},\"query-input\":{\"@type\":\"PropertyValueSpecification\",\"valueRequired\":true,\"valueName\":\"search_term_string\"}}],\"inLanguage\":\"de-DE\"}]}<\/script>\n<!-- \/ Yoast SEO plugin. -->","yoast_head_json":{"title":"Datenschutzerkl\u00e4rung - R&amp;D Test Systems","robots":{"index":"noindex","follow":"nofollow"},"og_locale":"de_DE","og_type":"article","og_title":"Datenschutzerkl\u00e4rung - R&amp;D Test Systems","og_url":"https:\/\/rdtestsystems.wpdrift.dev\/de\/datenschutzerklaerung\/","og_site_name":"R&amp;D Test Systems","article_modified_time":"2025-04-30T14:17:30+00:00","twitter_card":"summary_large_image","twitter_misc":{"Est. reading time":"7 minutes"},"schema":{"@context":"https:\/\/schema.org","@graph":[{"@type":"WebPage","@id":"https:\/\/rdtestsystems.wpdrift.dev\/de\/datenschutzerklaerung\/","url":"https:\/\/rdtestsystems.wpdrift.dev\/de\/datenschutzerklaerung\/","name":"Datenschutzerkl\u00e4rung - R&amp;D Test Systems","isPartOf":{"@id":"https:\/\/rdtestsystems.wpdrift.dev\/#website"},"datePublished":"2020-04-23T10:31:43+00:00","dateModified":"2025-04-30T14:17:30+00:00","breadcrumb":{"@id":"https:\/\/rdtestsystems.wpdrift.dev\/de\/datenschutzerklaerung\/#breadcrumb"},"inLanguage":"de-DE","potentialAction":[{"@type":"ReadAction","target":["https:\/\/rdtestsystems.wpdrift.dev\/de\/datenschutzerklaerung\/"]}]},{"@type":"BreadcrumbList","@id":"https:\/\/rdtestsystems.wpdrift.dev\/de\/datenschutzerklaerung\/#breadcrumb","itemListElement":[{"@type":"ListItem","position":1,"name":"Home","item":"https:\/\/rdtestsystems.wpdrift.dev\/de\/"},{"@type":"ListItem","position":2,"name":"Datenschutzerkl\u00e4rung"}]},{"@type":"WebSite","@id":"https:\/\/rdtestsystems.wpdrift.dev\/#website","url":"https:\/\/rdtestsystems.wpdrift.dev\/","name":"R&amp;D Test Systems","description":"Creating Value Through World-Class Engineering","potentialAction":[{"@type":"SearchAction","target":{"@type":"EntryPoint","urlTemplate":"https:\/\/rdtestsystems.wpdrift.dev\/?s={search_term_string}"},"query-input":{"@type":"PropertyValueSpecification","valueRequired":true,"valueName":"search_term_string"}}],"inLanguage":"de-DE"}]}},"app_templates_about_top_banner_image":"","app_templates_about_top_banner_video":"","app_templates_about_top_banner_subtitle":"","app_templates_about_top_banner_title":"","app_templates_about_modules_sections":[],"app_templates_about_clients_bg_color":"transparent","app_templates_about_clients_title":"","app_templates_about_clients_logos":[],"app_templates_about_clients_button":{"value":"","url":"","anchor":"","blank":0},"app_templates_contact_top_banner_image":"","app_templates_contact_top_banner_video":"","app_templates_contact_top_banner_subtitle":"","app_templates_contact_top_banner_title":"","app_templates_contact_legal_company_name":"","app_templates_contact_legal_street":"","app_templates_contact_legal_zip":"","app_templates_contact_legal_city":"","app_templates_contact_offices_title":"","app_templates_contact_offices_description":"","app_templates_contact_form_subjects":[],"app_templates_contact_modules_sections":[],"app_templates_homepage_top_slider_slides":[],"app_templates_homepage_modules_sections":[],"app_templates_modules_top_banner_image":"5443","app_templates_modules_top_banner_video":"","app_templates_modules_top_banner_subtitle":"","app_templates_modules_top_banner_title":"","app_templates_modules_modules_sections":[{"_type":"text_columns","nav_title":"","bg_color":"transparent","title":"","text":"<h2>Wer ist R&amp;D Test Systems?<\/h2>\r\nVielen Dank f\u00fcr Ihr Interesse an R&amp;D Test Systems ApS (\u201eR&amp;D\u201c, \u201ewir\u201c, \u201euns\u201c, \u201eunser\u201c). Bei R&amp;D verarbeiten wir Ihre personenbezogenen Daten in unterschiedlichsten Situationen.\r\n\r\nWir informieren Sie \u00fcber unsere Nutzung Ihrer personenbezogenen Daten, da wir durch die Datenschutz-Grundverordnung dazu verpflichtet sind. Nachfolgend erfahren Sie mehr \u00fcber die Zwecke und Rechtsgrundlage der Datenverarbeitung und erhalten Sie einen \u00dcberblick \u00fcber die Empf\u00e4nger und die Speicherung Ihrer personenbezogenen Daten.\r\n<h2>Datenverantwortung<\/h2>\r\nR&amp;D ist der Verantwortliche f\u00fcr die Verarbeitung Ihrer personenbezogenen Daten im Zusammenhang mit\r\n\r\n(i)\u00a0 \u00a0 Ihrer Nutzung unserer Website (Cookies)\r\n(ii)\u00a0 \u00a0Ihrer Kommunikation mit uns\r\n(iii)\u00a0 dem Erhalt unseres Newsletters und unserer Whitepaper und\r\n(iv)\u00a0 unserem Kundenbeziehungsmanagement\r\n<h2>Zweck und Rechtsgrundlage<\/h2>\r\n<em>(i) Nutzung unserer Website (Cookies)<\/em>\r\n\r\nWenn Sie unsere Website besuchen, erfassen wir mit Hilfe von Cookies Daten \u00fcber Ihre Besuche, darunter zum Beispiel Ihr Onlineverhalten auf unserer Website (d.\u00a0h. welche Seiten Sie sich anschauen), welchen Browser Sie verwenden, Ihren geografischen Standort, welche IP-Adresse Sie verwenden und Ihre Anmeldedaten (Benutzername und Passwort). In manchen F\u00e4llen k\u00f6nnen diese Informationen personenbezogene Daten enthalten.\r\n\r\nWir erfassen die Daten, um den Besuch der Website sicher, stabil und kundenfreundlich zu gestalten sowie um die Nutzung unserer Website zu verfolgen. Dar\u00fcber hinaus werden die Daten in bestimmten F\u00e4llen f\u00fcr ein gezieltes Marketing auf der Grundlage des Benutzerverhaltens verarbeitet.\r\n\r\nDie Rechtsgrundlage f\u00fcr die Verarbeitung ergibt sich\r\n<ul>\r\n \t<li>bei notwendigen funktionalen Cookies: aus \u00a7 4 des d\u00e4nischen Cookie-Gesetzes, vgl. Artikel 6, Unterabsatz 1, Buchstabe f Datenschutz-Grundverordnung, da wir bei der Aufrechterhaltung der Funktionalit\u00e4t und Sicherheit der Website unsere berechtigten Interessen verfolgen, und<\/li>\r\n \t<li>bei anderen Cookies:\u00a0 aus \u00a7 3 des d\u00e4nischen Cookie-Gesetzes, vgl. Artikel 6, Unterabsatz 1, Buchstabe a Datenschutz-Grundverordnung, da wir Ihre Einwilligung eingeholt haben.<\/li>\r\n<\/ul>\r\nMehr \u00fcber unsere Verwendung von Cookies erfahren Sie in unserer <a href=\"https:\/\/rdtestsystems.wpdrift.dev\/cookie-policy\/\">Cookie-Richtlinie<\/a>.\r\n\r\n<em>(ii) Kommunikation mit uns<\/em>\r\n\r\nWenn Sie \u2013 als Kunde, Lieferant oder in \u00e4hnlicher Eigenschaft \u2013 Kontakt zu uns aufnehmen (zum Beispiel per E-Mail), enth\u00e4lt Ihre Anfrage oftmals personenbezogene Daten, wie z.\u00a0B. Kontaktinformationen, Ihre Zugeh\u00f6rigkeit zu einem bestimmten Unternehmen oder andere personenbezogene Daten, die Sie uns eventuell mitteilen. In bestimmten F\u00e4llen k\u00f6nnen wir \u00e4hnliche personenbezogene Daten \u00fcber Sie von einem Dritten, wie zum Beispiel Ihrem Arbeitgeber, erhalten.\r\n\r\nWir verarbeiten die Daten, um Ihre Anfragen zu bearbeiten und zu beantworten und um mit Ihnen und dem von Ihnen vertretenen Unternehmen zu kommunizieren.\r\n\r\nDie Rechtsgrundlage f\u00fcr unsere Verarbeitung ergibt sich aus Artikel\u00a06, Unterabsatz\u00a01, Buchstabe\u00a0f Datenschutz-Grundverordnung, da wir bei der Beantwortung allgemeiner Anfragen unsere berechtigten Interessen verfolgen und einer mit Ihnen oder dem von Ihnen vertretenen Unternehmen getroffenen Vereinbarung nachkommen.\r\n\r\n<em>\u00a0(iii) Elektronische Newsletter<\/em>\r\n\r\nWenn Sie sich f\u00fcr die Newsletter und Whitepaper von R&amp;D anmelden, erfassen wir Ihre E-Mail-Adresse, Ihren Namen, Ihren Arbeitgeber, Ihr Land und Ihre thematischen Pr\u00e4ferenzen. Wir erfassen diese Informationen, um Ihnen relevante Nachrichten und Whitepaper \u00fcbermitteln zu k\u00f6nnen. Die Rechtsgrundlage f\u00fcr unsere Bearbeitung ergibt sich aus der Einwilligung, die Sie uns im Einklang mit \u00a7\u00a010 des Marketinggesetzes erteilt haben.\r\n\r\n<em>\u00a0(iv) Kundenbeziehungsmanagement (Customer Relationship Management \u2013 CRM)<\/em>\r\n\r\nWenn Sie ein Kunde sind oder einen unserer Kunden vertreten, k\u00f6nnen wir Informationen \u00fcber Sie in unserem CRM-System erfassen, darunter Ihren Namen, Ihre Kontaktinformationen und Informationen \u00fcber Ihre Zugeh\u00f6rigkeit zu einem bestimmten Unternehmen. Zur Kontakt- und Beziehungspflege zu unserem Kunden verarbeiten wir diese Informationen im Rahmen unseres t\u00e4glichen Kundenmanagements.\r\n\r\nDie Rechtsgrundlage f\u00fcr unsere Verarbeitung ergibt sich aus Artikel\u00a06, Unterabsatz\u00a01, Buchstabe\u00a0f Datenschutz-Grundverordnung, da wir mit unserer F\u00e4higkeit zur Erledigung des t\u00e4glichen Kundenbeziehungsmanagements und Erf\u00fcllung finanzieller Aufgaben unsere berechtigten Interessen verfolgen.\r\n<h2>Empf\u00e4nger Ihrer personenbezogenen Daten<\/h2>\r\nWenn Sie uns Ihre Einwilligung in die Nutzung der Cookies von Drittanbietern auf der Website erteilt haben, werden bei Ihrem Besuch unserer Website Cookies und darin enthaltene personenbezogene Daten gesammelt und an einen Dritten weitergegeben.\r\n\r\nWenn Sie mit uns kommunizieren, k\u00f6nnen wir Ihre Informationen an unsere Konzernunternehmen weitergeben.\r\n\r\nFerner k\u00f6nnen in unseren Buchhaltungsunterlagen (z.\u00a0B. Rechnungen) enthaltene personenbezogene Daten an die Beh\u00f6rden, darunter die d\u00e4nische Steuerbeh\u00f6rde (SKAT), weitergegeben werden.\r\n\r\nDar\u00fcber hinaus k\u00f6nnen die personenbezogenen Daten, die wir im Zusammenhang mit dem Kundenbeziehungsmanagement (Customer Relationship Management \u2013 CRM) nutzen, an unsere Konzernunternehmen weitergegeben werden.\r\n\r\nZudem werden Ihre personenbezogenen Daten an unsere Auftragsverarbeiter \u00fcbermittelt. Mit jedem Auftragsverarbeiter wurde ein Auftragsverarbeitungsvertrag geschlossen.\r\n<h2>\u00dcbermittlung an Drittl\u00e4nder<\/h2>\r\nIhre personenbezogenen Daten werden in die Vereinigten Staaten von Amerika \u00fcbermittelt. Die \u00dcbermittlung erfolgt auf der Grundlage der Standardvertragsklauseln der Europ\u00e4ischen Kommission, die wir mit unserem in den Vereinigten Staaten von Amerika ans\u00e4ssigen Konzernunternehmen vereinbart haben.\r\n\r\nWenn Sie weitere Informationen zur \u00dcbermittlung personenbezogener Daten au\u00dferhalb der EU und des EWR w\u00fcnschen, wie z.\u00a0B. eine Kopie der entsprechenden Sicherheitsma\u00dfnahmen usw., k\u00f6nnen Sie diese gern bei uns anfordern (Kontaktinformationen sind dem Abschnitt \u201eKontakt\u201c zu entnehmen).\r\n<h2>Speicherung Ihrer personenbezogenen Daten<\/h2>\r\nVorbehaltlich abweichender gesetzlicher Regelung speichern wir Ihre personenbezogenen Daten nur so lange, wie es f\u00fcr die Zwecke, zu denen wir die Informationen gesammelt haben, notwendig ist.\r\n\r\nL\u00f6schgrunds\u00e4tze\r\n<ul>\r\n \t<li>Nutzung unserer Website (Cookies):\r\nInformationen im Zusammenhang mit unserer Nutzung von Cookies werden in der Regel gel\u00f6scht, wenn der Cookie auf Ihrem Ger\u00e4t gel\u00f6scht wird, und sind daher vom jeweiligen Cookie abh\u00e4ngig. Mehr \u00fcber die verschiedenen Cookies, darunter ihre Laufzeit und die M\u00f6glichkeiten ihrer Deaktivierung usw., erfahren Sie in unserer <a href=\"https:\/\/rdtestsystems.wpdrift.dev\/cookie-policy\/\">Cookie-Richtlinie<\/a>.<\/li>\r\n \t<li>Kommunikation mit uns: In der Regel werden in unseren Buchhaltungsunterlagen (z. B. Rechnungen) enthaltene Informationen f\u00fcnf Jahre ab dem Ablauf des Gesch\u00e4ftsjahres, auf das sich die Informationen beziehen, im Einklang mit den f\u00fcr uns geltenden Buchf\u00fchrungsvorschriften, vgl. unter anderem Kapitel 5 des d\u00e4nischen Buchf\u00fchrungsgesetzes, gespeichert.\r\nDie personenbezogenen Daten, die wir im Zusammenhang mit unserer allgemeinen Kommunikation mit Ihnen (wie z. B. Anfragen per E-Mail) verarbeiten, werden in der Regel sp\u00e4testens zw\u00f6lf Monate nach Abschluss\/Erledigung ihrer letzten Anfrage gel\u00f6scht.<\/li>\r\n \t<li>Elektronische Newsletter: Informationen in Bezug auf Newsletter und Whitepaper werden in der Regel zwei Jahre nach der \u00dcbermittlung der letzten E-Mail gel\u00f6scht, es sei denn, Sie haben davor Ihre Einwilligung widerrufen.<\/li>\r\n \t<li>Kundenbeziehungsmanagement (Customer Relationship Management \u2013 CRM): Kontaktinformationen von Kunden im CRM-System werden in der Regel [*] Monate nach Ablauf des Gesch\u00e4ftsjahres, in dem die Kundenbeziehung abschlie\u00dfend beendet wurde, gel\u00f6scht.<\/li>\r\n<\/ul>\r\nDie Informationen werden im Einklang mit den oben genannten Fristen gel\u00f6scht, es sei denn, es besteht eine besondere Notwendigkeit zur Verarbeitung der Informationen \u00fcber einen l\u00e4ngeren Zeitraum, z.\u00a0B. im Zusammenhang mit einem Rechtsfall oder einer Gesch\u00e4ftsvereinbarung.\r\n<h2>Ihre Rechte<\/h2>\r\nIm Einklang mit der Datenschutz-Grundverordnung haben Sie verschiedene Rechte im Hinblick auf unsere Verarbeitung von Informationen \u00fcber Sie. Nachstehend erfahren Sie mehr \u00fcber diese Rechte.\r\n\r\n<em>Das Recht auf Widerruf der Einwilligung<\/em>\r\n\r\nIn den F\u00e4llen, in denen Sie uns die Einwilligung zur Bearbeitung Ihrer personenbezogenen Daten gegeben haben, k\u00f6nnen Sie Ihre Einwilligung jederzeit widerrufen. Dies kann durch Kontaktaufnahme zu uns \u00fcber die im Abschnitt \u201eKontakt\u201c angegebenen Kontaktinformationen erfolgen.\r\n\r\nWenn Sie Ihre Einwilligung widerrufen m\u00f6chten, so ber\u00fchrt dies nicht die Rechtm\u00e4\u00dfigkeit unserer Verarbeitung Ihrer personenbezogenen Daten auf der Grundlage Ihrer zuvor mitgeteilten Einwilligung und bis zum Zeitpunkt Ihres Widerrufs. Der Widerruf gilt daher erst ab dem Zeitpunkt Ihres Widerrufs.\r\n\r\n<em>Das Recht auf Einsichtnahme in Informationen (Zugangsrecht)<\/em>\r\n\r\nSie haben das Recht, Einsicht in die Informationen, die wir \u00fcber Sie verarbeiten, sowie in einige andere Informationen zu nehmen.\r\n\r\n<em>Das Recht auf Berichtigung (Korrektur)<\/em>\r\n\r\nSie haben das Recht, falsche Informationen \u00fcber Sie berichtigen zu lassen.\r\n\r\n<em>Das Recht auf L\u00f6schung<\/em>\r\n\r\nIn bestimmten F\u00e4llen haben Sie das Recht, Informationen \u00fcber Sie selbst vor dem gem\u00e4\u00df unseren L\u00f6schgrunds\u00e4tzen \u00fcblichen Zeitpunkt l\u00f6schen zu lassen.\r\n\r\n<em>Das Recht auf Einschr\u00e4nkung der Verarbeitung<\/em>\r\n\r\nIn bestimmten F\u00e4llen haben Sie das Recht, die Verarbeitung Ihrer personenbezogenen Daten einzuschr\u00e4nken. Wenn Sie zur Einschr\u00e4nkung der Verarbeitung berechtigt sind, k\u00f6nnen wir die Informationen \u2013 mit Ausnahme der Speicherung \u2013 erst ab Ihrer Einwilligung oder zum Zwecke der Feststellung, des Nachweises oder der Abwehr rechtlicher Anspr\u00fcche oder zum Schutz einer Person oder wichtiger \u00f6ffentlicher Interessen verarbeiten.\r\n\r\n<em>Das Widerspruchsrecht<\/em>\r\n\r\nIn bestimmten F\u00e4llen haben Sie das Recht, gegen unsere ansonsten rechtm\u00e4\u00dfige Verarbeitung Ihrer personenbezogenen Daten Widerspruch einzulegen.\r\n\r\n<em>Das Recht auf \u00dcbertragung von Informationen (Daten\u00fcbertragbarkeit)<\/em>\r\n\r\nIn bestimmten F\u00e4llen haben Sie das Recht, Ihre personenbezogenen Daten in einem strukturierten, g\u00e4ngigen und maschinenlesbaren Format zu erhalten sowie diese personenbezogenen Daten uneingeschr\u00e4nkt von einem Datenverantwortlichen zu einem anderen zu \u00fcbermitteln.\r\n<h2>Beschwerde bei der d\u00e4nischen Datenschutzbeh\u00f6rde<\/h2>\r\nWenn Sie sich \u00fcber unsere Verarbeitung Ihrer personenbezogenen Daten beschweren m\u00f6chten, k\u00f6nnen Sie sich unter <a href=\"http:\/\/www.datatilsynet.dk\">www.datatilsynet.dk<\/a> an die d\u00e4nische Datenschutzbeh\u00f6rde wenden.\r\n\r\nMehr \u00fcber Ihre Rechte erfahren Sie in den Richtlinien der d\u00e4nischen Datenschutzbeh\u00f6rde zu den Rechten der betroffenen Person, die Sie unter <a href=\"http:\/\/www.datatilsynet.dk\">www.datatilsynet.dk<\/a> finden k\u00f6nnen.\r\n<h2>Kontakt<\/h2>\r\nSie k\u00f6nnen uns gern jederzeit kontaktieren, wenn Sie Fragen zum Schutz Ihrer personenbezogenen Daten haben oder wenn Sie weitere Informationen zu Ihren Rechten w\u00fcnschen. Sie k\u00f6nnen uns unter <a href=\"mailto:mail@rdas.dk\">mail@rdas.dk<\/a> oder \u00fcber das Kontaktformular auf unserer Website kontaktieren."}],"app_templates_modules_custom_backlink_link":{"value":"","url":"","anchor":"","blank":"0"},"app_templates_privacy_policy_top_banner_image":"","app_templates_privacy_policy_top_banner_video":"","app_templates_privacy_policy_top_banner_subtitle":"","app_templates_privacy_policy_top_banner_title":"","_links":{"self":[{"href":"https:\/\/rdtestsystems.wpdrift.dev\/de\/wp-json\/wp\/v2\/pages\/5483","targetHints":{"allow":["GET"]}}],"collection":[{"href":"https:\/\/rdtestsystems.wpdrift.dev\/de\/wp-json\/wp\/v2\/pages"}],"about":[{"href":"https:\/\/rdtestsystems.wpdrift.dev\/de\/wp-json\/wp\/v2\/types\/page"}],"author":[{"embeddable":true,"href":"https:\/\/rdtestsystems.wpdrift.dev\/de\/wp-json\/wp\/v2\/users\/14"}],"replies":[{"embeddable":true,"href":"https:\/\/rdtestsystems.wpdrift.dev\/de\/wp-json\/wp\/v2\/comments?post=5483"}],"version-history":[{"count":7,"href":"https:\/\/rdtestsystems.wpdrift.dev\/de\/wp-json\/wp\/v2\/pages\/5483\/revisions"}],"predecessor-version":[{"id":17950,"href":"https:\/\/rdtestsystems.wpdrift.dev\/de\/wp-json\/wp\/v2\/pages\/5483\/revisions\/17950"}],"wp:attachment":[{"href":"https:\/\/rdtestsystems.wpdrift.dev\/de\/wp-json\/wp\/v2\/media?parent=5483"}],"curies":[{"name":"wp","href":"https:\/\/api.w.org\/{rel}","templated":true}]}}