{"id":18772,"date":"2025-07-22T14:06:08","date_gmt":"2025-07-22T12:06:08","guid":{"rendered":"https:\/\/rdtestsystems.com\/bolt-check\/bolt-manufacturer\/"},"modified":"2025-08-29T11:33:15","modified_gmt":"2025-08-29T09:33:15","slug":"bolt-manufacturer","status":"publish","type":"page","link":"https:\/\/rdtestsystems.wpdrift.dev\/de\/bolt-check\/bolt-manufacturer\/","title":{"rendered":"Bolt Manufacturer"},"content":{"rendered":"","protected":false},"excerpt":{"rendered":"","protected":false},"author":23,"featured_media":0,"parent":5034,"menu_order":2,"comment_status":"closed","ping_status":"closed","template":"views\/template-modules.blade.php","meta":{"footnotes":""},"class_list":["post-18772","page","type-page","status-publish","hentry"],"yoast_head":"<!-- This site is optimized with the Yoast SEO plugin v25.7 - https:\/\/yoast.com\/wordpress\/plugins\/seo\/ -->\n<title>Bolt Manufacturer - R&amp;D Test Systems<\/title>\n<meta name=\"robots\" content=\"noindex, follow, max-snippet:-1, max-image-preview:large, max-video-preview:-1\" \/>\n<meta property=\"og:locale\" content=\"de_DE\" \/>\n<meta property=\"og:type\" content=\"article\" \/>\n<meta property=\"og:title\" content=\"Bolt Manufacturer - R&amp;D Test Systems\" \/>\n<meta property=\"og:url\" content=\"https:\/\/rdtestsystems.wpdrift.dev\/de\/bolt-check\/bolt-manufacturer\/\" \/>\n<meta property=\"og:site_name\" content=\"R&amp;D Test Systems\" \/>\n<meta property=\"article:modified_time\" content=\"2025-08-29T09:33:15+00:00\" \/>\n<meta name=\"twitter:card\" content=\"summary_large_image\" \/>\n<meta name=\"twitter:label1\" content=\"Est. reading time\" \/>\n\t<meta name=\"twitter:data1\" content=\"2 minutes\" \/>\n<script type=\"application\/ld+json\" class=\"yoast-schema-graph\">{\"@context\":\"https:\/\/schema.org\",\"@graph\":[{\"@type\":\"WebPage\",\"@id\":\"https:\/\/rdtestsystems.wpdrift.dev\/de\/bolt-check\/bolt-manufacturer\/\",\"url\":\"https:\/\/rdtestsystems.wpdrift.dev\/de\/bolt-check\/bolt-manufacturer\/\",\"name\":\"Bolt Manufacturer - R&amp;D Test Systems\",\"isPartOf\":{\"@id\":\"https:\/\/rdtestsystems.wpdrift.dev\/#website\"},\"datePublished\":\"2025-07-22T12:06:08+00:00\",\"dateModified\":\"2025-08-29T09:33:15+00:00\",\"breadcrumb\":{\"@id\":\"https:\/\/rdtestsystems.wpdrift.dev\/de\/bolt-check\/bolt-manufacturer\/#breadcrumb\"},\"inLanguage\":\"de-DE\",\"potentialAction\":[{\"@type\":\"ReadAction\",\"target\":[\"https:\/\/rdtestsystems.wpdrift.dev\/de\/bolt-check\/bolt-manufacturer\/\"]}]},{\"@type\":\"BreadcrumbList\",\"@id\":\"https:\/\/rdtestsystems.wpdrift.dev\/de\/bolt-check\/bolt-manufacturer\/#breadcrumb\",\"itemListElement\":[{\"@type\":\"ListItem\",\"position\":1,\"name\":\"Home\",\"item\":\"https:\/\/rdtestsystems.wpdrift.dev\/de\/\"},{\"@type\":\"ListItem\",\"position\":2,\"name\":\"Bolt-Check\",\"item\":\"https:\/\/rdtestsystems.wpdrift.dev\/de\/bolt-check\/\"},{\"@type\":\"ListItem\",\"position\":3,\"name\":\"Bolt Manufacturer\"}]},{\"@type\":\"WebSite\",\"@id\":\"https:\/\/rdtestsystems.wpdrift.dev\/#website\",\"url\":\"https:\/\/rdtestsystems.wpdrift.dev\/\",\"name\":\"R&amp;D Test Systems\",\"description\":\"Creating Value Through World-Class Engineering\",\"potentialAction\":[{\"@type\":\"SearchAction\",\"target\":{\"@type\":\"EntryPoint\",\"urlTemplate\":\"https:\/\/rdtestsystems.wpdrift.dev\/?s={search_term_string}\"},\"query-input\":{\"@type\":\"PropertyValueSpecification\",\"valueRequired\":true,\"valueName\":\"search_term_string\"}}],\"inLanguage\":\"de-DE\"}]}<\/script>\n<!-- \/ Yoast SEO plugin. -->","yoast_head_json":{"title":"Bolt Manufacturer - R&amp;D Test Systems","robots":{"index":"noindex","follow":"follow","max-snippet":"max-snippet:-1","max-image-preview":"max-image-preview:large","max-video-preview":"max-video-preview:-1"},"og_locale":"de_DE","og_type":"article","og_title":"Bolt Manufacturer - R&amp;D Test Systems","og_url":"https:\/\/rdtestsystems.wpdrift.dev\/de\/bolt-check\/bolt-manufacturer\/","og_site_name":"R&amp;D Test Systems","article_modified_time":"2025-08-29T09:33:15+00:00","twitter_card":"summary_large_image","twitter_misc":{"Est. reading time":"2 minutes"},"schema":{"@context":"https:\/\/schema.org","@graph":[{"@type":"WebPage","@id":"https:\/\/rdtestsystems.wpdrift.dev\/de\/bolt-check\/bolt-manufacturer\/","url":"https:\/\/rdtestsystems.wpdrift.dev\/de\/bolt-check\/bolt-manufacturer\/","name":"Bolt Manufacturer - R&amp;D Test Systems","isPartOf":{"@id":"https:\/\/rdtestsystems.wpdrift.dev\/#website"},"datePublished":"2025-07-22T12:06:08+00:00","dateModified":"2025-08-29T09:33:15+00:00","breadcrumb":{"@id":"https:\/\/rdtestsystems.wpdrift.dev\/de\/bolt-check\/bolt-manufacturer\/#breadcrumb"},"inLanguage":"de-DE","potentialAction":[{"@type":"ReadAction","target":["https:\/\/rdtestsystems.wpdrift.dev\/de\/bolt-check\/bolt-manufacturer\/"]}]},{"@type":"BreadcrumbList","@id":"https:\/\/rdtestsystems.wpdrift.dev\/de\/bolt-check\/bolt-manufacturer\/#breadcrumb","itemListElement":[{"@type":"ListItem","position":1,"name":"Home","item":"https:\/\/rdtestsystems.wpdrift.dev\/de\/"},{"@type":"ListItem","position":2,"name":"Bolt-Check","item":"https:\/\/rdtestsystems.wpdrift.dev\/de\/bolt-check\/"},{"@type":"ListItem","position":3,"name":"Bolt Manufacturer"}]},{"@type":"WebSite","@id":"https:\/\/rdtestsystems.wpdrift.dev\/#website","url":"https:\/\/rdtestsystems.wpdrift.dev\/","name":"R&amp;D Test Systems","description":"Creating Value Through World-Class Engineering","potentialAction":[{"@type":"SearchAction","target":{"@type":"EntryPoint","urlTemplate":"https:\/\/rdtestsystems.wpdrift.dev\/?s={search_term_string}"},"query-input":{"@type":"PropertyValueSpecification","valueRequired":true,"valueName":"search_term_string"}}],"inLanguage":"de-DE"}]}},"app_templates_about_top_banner_image":"","app_templates_about_top_banner_video":"","app_templates_about_top_banner_subtitle":"","app_templates_about_top_banner_title":"","app_templates_about_modules_sections":[],"app_templates_about_clients_bg_color":"transparent","app_templates_about_clients_title":"","app_templates_about_clients_logos":[],"app_templates_about_clients_button":{"value":"","url":"","anchor":"","blank":0},"app_templates_contact_top_banner_image":"","app_templates_contact_top_banner_video":"","app_templates_contact_top_banner_subtitle":"","app_templates_contact_top_banner_title":"","app_templates_contact_legal_company_name":"","app_templates_contact_legal_street":"","app_templates_contact_legal_zip":"","app_templates_contact_legal_city":"","app_templates_contact_offices_title":"","app_templates_contact_offices_description":"","app_templates_contact_form_subjects":[],"app_templates_contact_modules_sections":[],"app_templates_homepage_top_slider_slides":[],"app_templates_homepage_modules_sections":[],"app_templates_modules_top_banner_image":"17470","app_templates_modules_top_banner_video":"","app_templates_modules_top_banner_subtitle":"Schraubenhersteller","app_templates_modules_top_banner_title":"Steigern Sie den Wert Ihrer Schrauben","app_templates_modules_modules_sections":[{"_type":"text_image","nav_title":"","bg_color":"transparent","title":"Bringen Sie Ihre Schrauben zum Leben","preface":"","image":"18467","video":"","autoplay":false,"position":"right","content":"<p data-start=\"225\" data-end=\"610\">Als Schraubenhersteller spielen Sie eine Schl\u00fcsselrolle bei der Sicherstellung der Integrit\u00e4t und Sicherheit von Schraubverbindungen in Windturbinen und anderen Hochleistungsanwendungen. Mit steigenden Erwartungen von OEMs und Installateuren an h\u00f6here Standards, bessere Dokumentation und intelligentere L\u00f6sungen reicht Qualit\u00e4t allein nicht mehr aus, um wettbewerbsf\u00e4hig zu bleiben.<\/p>\r\n<p data-start=\"612\" data-end=\"1057\">Durch die Integration von Bolt-Check in Ihre Produktion wird jede Schraube \u00fcber ihren gesamten Lebenszyklus hinweg vollst\u00e4ndig r\u00fcckverfolgbar. Eine eindeutige ID verkn\u00fcpft die Schraube mit Daten wie Typ, Gr\u00f6\u00dfe, Materialg\u00fcte, E-Modul, Chargennummer und Ultraschallmessungen. Das Scannen des Tags erm\u00f6glicht sofortigen Zugriff auf diese Informationen und unterst\u00fctzt Ihre Kunden bei Qualit\u00e4tskontrolle, Serviceplanung und Lebenszyklusmanagement.<\/p>","button":{"value":"","url":"mailto:sales@bolt-check.com","anchor":"Sprechen Sie mit uns \u00fcber Bolt-Check in Ihrer Produktion","blank":"0"},"button_color":"btn-yellow","services":[]},{"_type":"content","nav_title":"","bg_color":"light","title":"","body":"<h2><em>\"Bolt-Check bietet eine einfache, aber \u00e4u\u00dferst effektive M\u00f6glichkeit, die Vorspannung zu \u00fcberpr\u00fcfen. Die Verbindungselemente werden im Werk gemessen, installiert und dann im Feld erneut \u00fcberpr\u00fcft, um eventuelle Spannungsverluste festzustellen. Es ist ein unkomplizierter Prozess, der es den Kunden erm\u00f6glicht, sicherzustellen, dass ihre Verbindungselemente zuverl\u00e4ssig gesichert bleiben.\"<\/em><\/h2>\r\n- Schraubenhersteller mit Bolt-Check","text_align":"center"},{"_type":"text_image","nav_title":"","bg_color":"transparent","title":"","preface":"<b>Gepr\u00fcfte Leistung bieten und neuen Mehrwert f\u00fcr Ihre Kunden erschlie\u00dfen<\/b>","image":"18526","video":"","autoplay":false,"position":"left","content":"<p data-start=\"1656\" data-end=\"1893\">Bolt-Check bietet mehr als nur Dokumentation. Durch die Durchf\u00fchrung einer Ultraschall-Referenzmessung an jeder Schraube w\u00e4hrend der Produktion stellen Sie eine zuverl\u00e4ssige Basis f\u00fcr zuk\u00fcnftige L\u00e4ngen- und Spannungsbewertungen bereit.<\/p>\r\n<p data-start=\"1895\" data-end=\"2182\">Dies hilft Ihren Kunden, die Installation zu vereinfachen, die Komplexit\u00e4t vor Ort zu reduzieren und eine konsistente Messgenauigkeit sicherzustellen. Au\u00dferdem erm\u00f6glicht es den Wechsel von festen Serviceintervallen zu pr\u00e4diktiver Wartung auf Basis der tats\u00e4chlichen Schraubenleistung.<\/p>\r\n<p data-start=\"2184\" data-end=\"2299\">Mit Bolt-Check liefern Sie mehr als Schrauben \u2013 Sie liefern Erkenntnisse, Zuverl\u00e4ssigkeit und langfristigen Wert.<\/p>","button":{"value":"","url":"","anchor":"","blank":"0"},"button_color":"btn-primary","services":[]},{"_type":"image_banner","nav_title":"","bg_color":"transparent","image":"18288","pretitle":"Kernfunktionen","title":"Geben Sie Kunden mehr Gr\u00fcnde, sich f\u00fcr Sie zu entscheiden","description":"<ul>\r\n \t<li data-start=\"2388\" data-end=\"2447\">\r\n<h5 data-start=\"2390\" data-end=\"2447\">Vollst\u00e4ndig dokumentierte und r\u00fcckverfolgbare Schrauben<\/h5>\r\n<\/li>\r\n \t<li data-start=\"2448\" data-end=\"2493\">\r\n<h5 data-start=\"2450\" data-end=\"2493\">Sofortiger Datenzugriff \u00fcber scannbare ID<\/h5>\r\n<\/li>\r\n \t<li data-start=\"2494\" data-end=\"2559\">\r\n<h5 data-start=\"2496\" data-end=\"2559\">Enth\u00e4lt Gr\u00f6\u00dfe, Materialg\u00fcte, E-Modul und Chargeninformationen<\/h5>\r\n<\/li>\r\n \t<li data-start=\"2560\" data-end=\"2620\">\r\n<h5 data-start=\"2562\" data-end=\"2620\">Referenzmessungen erm\u00f6glichen Spannungspr\u00fcfungen im Feld<\/h5>\r\n<\/li>\r\n \t<li data-start=\"2621\" data-end=\"2681\">\r\n<h5 data-start=\"2623\" data-end=\"2681\">Unterst\u00fctzt pr\u00e4diktive Wartung mit realen Schraubendaten<\/h5>\r\n<\/li>\r\n<\/ul>","button":{"value":"","url":"mailto:sales@bolt-check.com","anchor":"Liefern Sie ab heute intelligente, r\u00fcckverfolgbare Schrauben","blank":"0"},"button_color":"btn-yellow","services":[],"height":"short"},{"_type":"timeline","nav_title":"","bg_color":"transparent","title":"So funktioniert es","description":"Der Prozess zur Implementierung von Bolt-Check und des einzigartigen RFID-Tags in Schrauben.","items":[{"_type":"_","label":"1. Schraube vorbereiten","title":"","description":"<h5>1. Schraube f\u00fcr das Tag vorbereiten<\/h5>\r\nUm das RFID-Tag aufzunehmen, bohren Sie ein vordefiniertes kleines Loch in den Kopf Ihrer Schraube oder Ihres Bolzens."},{"_type":"_","label":"2. RFID-Tag hinzuf\u00fcgen","title":"","description":"<h5>2. RFID-Tag zur Schraube hinzuf\u00fcgen<\/h5>\r\nKleben Sie das kleine gelbe RFID-Tag in die gebohrte \u00d6ffnung der Schraube oder des Bolzens."},{"_type":"_","label":"3. Vormessung","title":"","description":"<h5>3. Daten registrieren und Vormessung durchf\u00fchren<\/h5>\r\nRegistrieren Sie die Schraube, f\u00fcgen Sie Daten wie Typ, Gr\u00f6\u00dfe, Materialg\u00fcte, E-Modul und Chargennummer hinzu und f\u00fchren Sie eine Vormessung mit Bolt-Check durch."}]},{"_type":"contact","nav_title":"","bg_color":"light","title":"Let\u2019s talk bolt quality","description":"Want to learn more about Bolt-Check and meet customer demands for documentation and traceability?\r\n\r\n<b>Contact us for a technical discussion or demonstration.<\/b>","show_categories":false,"form_text":"","subjects":[{"_type":"_","subject":"Request quote"},{"_type":"_","subject":"Book demonstration"},{"_type":"_","subject":"Training"},{"_type":"_","subject":"Calibration"},{"_type":"_","subject":"Other"}],"employees":[{"value":"post:employees:18093","type":"post","subtype":"employees","id":"18093"}],"hide_responsibilities":false}],"app_templates_modules_custom_backlink_link":{"value":"","url":"","anchor":"","blank":"0"},"app_templates_privacy_policy_top_banner_image":"","app_templates_privacy_policy_top_banner_video":"","app_templates_privacy_policy_top_banner_subtitle":"","app_templates_privacy_policy_top_banner_title":"","_links":{"self":[{"href":"https:\/\/rdtestsystems.wpdrift.dev\/de\/wp-json\/wp\/v2\/pages\/18772","targetHints":{"allow":["GET"]}}],"collection":[{"href":"https:\/\/rdtestsystems.wpdrift.dev\/de\/wp-json\/wp\/v2\/pages"}],"about":[{"href":"https:\/\/rdtestsystems.wpdrift.dev\/de\/wp-json\/wp\/v2\/types\/page"}],"author":[{"embeddable":true,"href":"https:\/\/rdtestsystems.wpdrift.dev\/de\/wp-json\/wp\/v2\/users\/23"}],"replies":[{"embeddable":true,"href":"https:\/\/rdtestsystems.wpdrift.dev\/de\/wp-json\/wp\/v2\/comments?post=18772"}],"version-history":[{"count":3,"href":"https:\/\/rdtestsystems.wpdrift.dev\/de\/wp-json\/wp\/v2\/pages\/18772\/revisions"}],"predecessor-version":[{"id":18776,"href":"https:\/\/rdtestsystems.wpdrift.dev\/de\/wp-json\/wp\/v2\/pages\/18772\/revisions\/18776"}],"up":[{"embeddable":true,"href":"https:\/\/rdtestsystems.wpdrift.dev\/de\/wp-json\/wp\/v2\/pages\/5034"}],"wp:attachment":[{"href":"https:\/\/rdtestsystems.wpdrift.dev\/de\/wp-json\/wp\/v2\/media?parent=18772"}],"curies":[{"name":"wp","href":"https:\/\/api.w.org\/{rel}","templated":true}]}}