{"id":18764,"date":"2025-07-22T13:15:53","date_gmt":"2025-07-22T11:15:53","guid":{"rendered":"https:\/\/rdtestsystems.com\/bolt-check\/installation\/"},"modified":"2025-09-24T13:52:00","modified_gmt":"2025-09-24T11:52:00","slug":"installation","status":"publish","type":"page","link":"https:\/\/rdtestsystems.wpdrift.dev\/de\/bolt-check\/installation\/","title":{"rendered":"Installation"},"content":{"rendered":"","protected":false},"excerpt":{"rendered":"","protected":false},"author":23,"featured_media":0,"parent":5034,"menu_order":1,"comment_status":"closed","ping_status":"closed","template":"views\/template-modules.blade.php","meta":{"footnotes":""},"class_list":["post-18764","page","type-page","status-publish","hentry"],"yoast_head":"<!-- This site is optimized with the Yoast SEO plugin v25.7 - https:\/\/yoast.com\/wordpress\/plugins\/seo\/ -->\n<title>Installation - R&amp;D Test Systems<\/title>\n<meta name=\"robots\" content=\"noindex, follow, max-snippet:-1, max-image-preview:large, max-video-preview:-1\" \/>\n<meta property=\"og:locale\" content=\"de_DE\" \/>\n<meta property=\"og:type\" content=\"article\" \/>\n<meta property=\"og:title\" content=\"Installation - R&amp;D Test Systems\" \/>\n<meta property=\"og:url\" content=\"https:\/\/rdtestsystems.wpdrift.dev\/de\/bolt-check\/installation\/\" \/>\n<meta property=\"og:site_name\" content=\"R&amp;D Test Systems\" \/>\n<meta property=\"article:modified_time\" content=\"2025-09-24T11:52:00+00:00\" \/>\n<meta name=\"twitter:card\" content=\"summary_large_image\" \/>\n<script type=\"application\/ld+json\" class=\"yoast-schema-graph\">{\"@context\":\"https:\/\/schema.org\",\"@graph\":[{\"@type\":\"WebPage\",\"@id\":\"https:\/\/rdtestsystems.wpdrift.dev\/de\/bolt-check\/installation\/\",\"url\":\"https:\/\/rdtestsystems.wpdrift.dev\/de\/bolt-check\/installation\/\",\"name\":\"Installation - R&amp;D Test Systems\",\"isPartOf\":{\"@id\":\"https:\/\/rdtestsystems.wpdrift.dev\/#website\"},\"datePublished\":\"2025-07-22T11:15:53+00:00\",\"dateModified\":\"2025-09-24T11:52:00+00:00\",\"breadcrumb\":{\"@id\":\"https:\/\/rdtestsystems.wpdrift.dev\/de\/bolt-check\/installation\/#breadcrumb\"},\"inLanguage\":\"de-DE\",\"potentialAction\":[{\"@type\":\"ReadAction\",\"target\":[\"https:\/\/rdtestsystems.wpdrift.dev\/de\/bolt-check\/installation\/\"]}]},{\"@type\":\"BreadcrumbList\",\"@id\":\"https:\/\/rdtestsystems.wpdrift.dev\/de\/bolt-check\/installation\/#breadcrumb\",\"itemListElement\":[{\"@type\":\"ListItem\",\"position\":1,\"name\":\"Home\",\"item\":\"https:\/\/rdtestsystems.wpdrift.dev\/de\/\"},{\"@type\":\"ListItem\",\"position\":2,\"name\":\"Bolt-Check\",\"item\":\"https:\/\/rdtestsystems.wpdrift.dev\/de\/bolt-check\/\"},{\"@type\":\"ListItem\",\"position\":3,\"name\":\"Installation\"}]},{\"@type\":\"WebSite\",\"@id\":\"https:\/\/rdtestsystems.wpdrift.dev\/#website\",\"url\":\"https:\/\/rdtestsystems.wpdrift.dev\/\",\"name\":\"R&amp;D Test Systems\",\"description\":\"Creating Value Through World-Class Engineering\",\"potentialAction\":[{\"@type\":\"SearchAction\",\"target\":{\"@type\":\"EntryPoint\",\"urlTemplate\":\"https:\/\/rdtestsystems.wpdrift.dev\/?s={search_term_string}\"},\"query-input\":{\"@type\":\"PropertyValueSpecification\",\"valueRequired\":true,\"valueName\":\"search_term_string\"}}],\"inLanguage\":\"de-DE\"}]}<\/script>\n<!-- \/ Yoast SEO plugin. -->","yoast_head_json":{"title":"Installation - R&amp;D Test Systems","robots":{"index":"noindex","follow":"follow","max-snippet":"max-snippet:-1","max-image-preview":"max-image-preview:large","max-video-preview":"max-video-preview:-1"},"og_locale":"de_DE","og_type":"article","og_title":"Installation - R&amp;D Test Systems","og_url":"https:\/\/rdtestsystems.wpdrift.dev\/de\/bolt-check\/installation\/","og_site_name":"R&amp;D Test Systems","article_modified_time":"2025-09-24T11:52:00+00:00","twitter_card":"summary_large_image","schema":{"@context":"https:\/\/schema.org","@graph":[{"@type":"WebPage","@id":"https:\/\/rdtestsystems.wpdrift.dev\/de\/bolt-check\/installation\/","url":"https:\/\/rdtestsystems.wpdrift.dev\/de\/bolt-check\/installation\/","name":"Installation - R&amp;D Test Systems","isPartOf":{"@id":"https:\/\/rdtestsystems.wpdrift.dev\/#website"},"datePublished":"2025-07-22T11:15:53+00:00","dateModified":"2025-09-24T11:52:00+00:00","breadcrumb":{"@id":"https:\/\/rdtestsystems.wpdrift.dev\/de\/bolt-check\/installation\/#breadcrumb"},"inLanguage":"de-DE","potentialAction":[{"@type":"ReadAction","target":["https:\/\/rdtestsystems.wpdrift.dev\/de\/bolt-check\/installation\/"]}]},{"@type":"BreadcrumbList","@id":"https:\/\/rdtestsystems.wpdrift.dev\/de\/bolt-check\/installation\/#breadcrumb","itemListElement":[{"@type":"ListItem","position":1,"name":"Home","item":"https:\/\/rdtestsystems.wpdrift.dev\/de\/"},{"@type":"ListItem","position":2,"name":"Bolt-Check","item":"https:\/\/rdtestsystems.wpdrift.dev\/de\/bolt-check\/"},{"@type":"ListItem","position":3,"name":"Installation"}]},{"@type":"WebSite","@id":"https:\/\/rdtestsystems.wpdrift.dev\/#website","url":"https:\/\/rdtestsystems.wpdrift.dev\/","name":"R&amp;D Test Systems","description":"Creating Value Through World-Class Engineering","potentialAction":[{"@type":"SearchAction","target":{"@type":"EntryPoint","urlTemplate":"https:\/\/rdtestsystems.wpdrift.dev\/?s={search_term_string}"},"query-input":{"@type":"PropertyValueSpecification","valueRequired":true,"valueName":"search_term_string"}}],"inLanguage":"de-DE"}]}},"app_templates_about_top_banner_image":"","app_templates_about_top_banner_video":"","app_templates_about_top_banner_subtitle":"","app_templates_about_top_banner_title":"","app_templates_about_modules_sections":[],"app_templates_about_clients_bg_color":"transparent","app_templates_about_clients_title":"","app_templates_about_clients_logos":[],"app_templates_about_clients_button":{"value":"","url":"","anchor":"","blank":0},"app_templates_contact_top_banner_image":"","app_templates_contact_top_banner_video":"","app_templates_contact_top_banner_subtitle":"","app_templates_contact_top_banner_title":"","app_templates_contact_legal_company_name":"","app_templates_contact_legal_street":"","app_templates_contact_legal_zip":"","app_templates_contact_legal_city":"","app_templates_contact_offices_title":"","app_templates_contact_offices_description":"","app_templates_contact_form_subjects":[],"app_templates_contact_modules_sections":[],"app_templates_homepage_top_slider_slides":[],"app_templates_homepage_modules_sections":[],"app_templates_modules_top_banner_image":"18880","app_templates_modules_top_banner_video":"","app_templates_modules_top_banner_subtitle":"Installation","app_templates_modules_top_banner_title":"Zuverl\u00e4ssige und datengest\u00fctzte Schraubenmontage sichern","app_templates_modules_modules_sections":[{"_type":"text_image","nav_title":"","bg_color":"transparent","title":"Einfache Schraubeninstallation","preface":"","image":"17451","video":"","autoplay":false,"position":"right","content":"<p data-start=\"204\" data-end=\"474\">Bei der Installation von Windturbinen sind Pr\u00e4zision und Dokumentation entscheidend. Jede Schraubverbindung muss strengen Spezifikationen entsprechen, um langfristige Leistung und Sicherheit zu gew\u00e4hrleisten, und der Anziehprozess muss vollst\u00e4ndig r\u00fcckverfolgbar sein.<\/p>\r\n<p data-start=\"476\" data-end=\"666\">Mit Bolt-Check k\u00f6nnen Installationsteams datengest\u00fctzte Schraubenmontage mit hoher Pr\u00e4zision durchf\u00fchren und sicherstellen, dass jede Verbindung korrekt und zuverl\u00e4ssig abgeschlossen wird.<\/p>\r\n<p data-start=\"668\" data-end=\"1016\">Manuelle Dateneingaben entfallen, da alle Anziehdaten automatisch erfasst und in die Cloud hochgeladen werden. Dies reduziert das Risiko menschlicher Fehler und stellt sicher, dass kritische Dokumentationen niemals verloren gehen. Der Prozess optimiert Arbeitsabl\u00e4ufe und unterst\u00fctzt die vollst\u00e4ndige Einhaltung von OEM- und Projektanforderungen.<\/p>\r\n<p data-start=\"980\" data-end=\"1092\"><strong>Kurz gesagt: Bolt-Check vereinfacht die Schraubenmontage und verbessert gleichzeitig Genauigkeit, R\u00fcckverfolgbarkeit und Nachvollziehbarkeit.<\/strong><\/p>","button":{"value":"","url":"","anchor":"","blank":"0"},"button_color":"btn-primary","services":[]},{"_type":"content","nav_title":"","bg_color":"light","title":"","body":"<h2><em>\"Alle gro\u00dfen Schrauben, die pr\u00e4zise vorgespannt werden m\u00fcssen, sollten mit Ultraschallmessung \u00fcberpr\u00fcft werden. Das erh\u00f6ht die Lebensdauer der Schrauben und stellt eine gleichm\u00e4\u00dfige, korrekte Vorspannung sicher.\u201d<\/em><\/h2>\r\n- Mr. Ey\u00f0finnur Lenvig, Techniker bei J&amp;K Petersen Contractors\r\n\r\n<a href=\"https:\/\/rdtestsystems.wpdrift.dev\/cases\/reduction-of-service-maintenance-costs-by-75-percent\/\">Lesen Sie die Fallstudie, wie Bolt-Check die Wartungskosten um 75 % reduziert hat.<\/a>","text_align":"center"},{"_type":"text_image","nav_title":"","bg_color":"transparent","title":"","preface":"<b>Wie Bolt-Check Mehrwert f\u00fcr Installationsteams schafft:<\/b>","image":"18874","video":"","autoplay":false,"position":"left","content":"<ul>\r\n \t<li data-start=\"1595\" data-end=\"1661\">\r\n<p data-start=\"1597\" data-end=\"1661\">Erm\u00f6glicht pr\u00e4zises, spezifikationsbasiertes Schraubenanziehen<\/p>\r\n<\/li>\r\n \t<li data-start=\"1662\" data-end=\"1717\">\r\n<p data-start=\"1664\" data-end=\"1717\">Beseitigt die Notwendigkeit manueller Dateneingaben<\/p>\r\n<\/li>\r\n \t<li data-start=\"1718\" data-end=\"1772\">\r\n<p data-start=\"1720\" data-end=\"1772\">Speichert Dokumentationen automatisch in der Cloud<\/p>\r\n<\/li>\r\n \t<li data-start=\"1773\" data-end=\"1838\">\r\n<p data-start=\"1775\" data-end=\"1838\">Minimiert das Risiko menschlicher Fehler bei der Installation<\/p>\r\n<\/li>\r\n \t<li data-start=\"1839\" data-end=\"1909\">\r\n<p data-start=\"1841\" data-end=\"1909\">Gew\u00e4hrleistet vollst\u00e4ndige R\u00fcckverfolgbarkeit und Projekterf\u00fcllung<\/p>\r\n<\/li>\r\n<\/ul>","button":{"value":"","url":"mailto:sales@bolt-check.com","anchor":"Sprechen Sie mit unseren Experten","blank":"0"},"button_color":"btn-yellow","services":[]},{"_type":"image_banner","nav_title":"","bg_color":"transparent","image":"18360","pretitle":"Kernfunktionen","title":"Pr\u00e4zises Anziehen mit vollst\u00e4ndiger Dokumentation","description":"<ul>\r\n \t<li data-start=\"2028\" data-end=\"2094\">\r\n<h5 data-start=\"2030\" data-end=\"2094\">Hochpr\u00e4zise Schraubenspannungspr\u00fcfung w\u00e4hrend der Installation<\/h5>\r\n<\/li>\r\n \t<li data-start=\"2095\" data-end=\"2153\">\r\n<h5 data-start=\"2097\" data-end=\"2153\">Automatische Erfassung und Speicherung von Anziehdaten<\/h5>\r\n<\/li>\r\n \t<li data-start=\"2154\" data-end=\"2214\">\r\n<h5 data-start=\"2156\" data-end=\"2214\">Cloudbasierter Zugriff auf alle Schraubendokumentationen<\/h5>\r\n<\/li>\r\n \t<li data-start=\"2215\" data-end=\"2280\">\r\n<h5 data-start=\"2217\" data-end=\"2280\">Unterst\u00fctzt Installationen gem\u00e4\u00df Konstruktionsspezifikationen<\/h5>\r\n<\/li>\r\n \t<li data-start=\"2281\" data-end=\"2361\">\r\n<h5 data-start=\"2283\" data-end=\"2361\">Erm\u00f6glicht vollst\u00e4ndige R\u00fcckverfolgbarkeit vom Drehmoment bis zur Endabnahme<\/h5>\r\n<\/li>\r\n<\/ul>","button":{"value":"","url":"","anchor":"","blank":"0"},"button_color":"btn-primary","services":[],"height":"short"},{"_type":"contact","nav_title":"","bg_color":"transparent","title":"Kontakt aufnehmen","description":"M\u00f6chten Sie erfahren, wie Bolt-Check die Qualit\u00e4t und Effizienz Ihrer Installationen verbessern kann?\r\n\r\n<b>Kontaktieren Sie uns f\u00fcr ein technisches Gespr\u00e4ch oder eine Vorf\u00fchrung.<\/b>","show_categories":false,"form_text":"","subjects":[{"_type":"_","subject":"Angebot anfordern"},{"_type":"_","subject":"Vorf\u00fchrung buchen"},{"_type":"_","subject":"Schulung"},{"_type":"_","subject":"Kalibrierung"},{"_type":"_","subject":"Sonstiges"}],"employees":[{"value":"post:employees:18093","type":"post","subtype":"employees","id":"18093"}],"hide_responsibilities":false}],"app_templates_modules_custom_backlink_link":{"value":"","url":"","anchor":"","blank":"0"},"app_templates_privacy_policy_top_banner_image":"","app_templates_privacy_policy_top_banner_video":"","app_templates_privacy_policy_top_banner_subtitle":"","app_templates_privacy_policy_top_banner_title":"","_links":{"self":[{"href":"https:\/\/rdtestsystems.wpdrift.dev\/de\/wp-json\/wp\/v2\/pages\/18764","targetHints":{"allow":["GET"]}}],"collection":[{"href":"https:\/\/rdtestsystems.wpdrift.dev\/de\/wp-json\/wp\/v2\/pages"}],"about":[{"href":"https:\/\/rdtestsystems.wpdrift.dev\/de\/wp-json\/wp\/v2\/types\/page"}],"author":[{"embeddable":true,"href":"https:\/\/rdtestsystems.wpdrift.dev\/de\/wp-json\/wp\/v2\/users\/23"}],"replies":[{"embeddable":true,"href":"https:\/\/rdtestsystems.wpdrift.dev\/de\/wp-json\/wp\/v2\/comments?post=18764"}],"version-history":[{"count":4,"href":"https:\/\/rdtestsystems.wpdrift.dev\/de\/wp-json\/wp\/v2\/pages\/18764\/revisions"}],"predecessor-version":[{"id":18886,"href":"https:\/\/rdtestsystems.wpdrift.dev\/de\/wp-json\/wp\/v2\/pages\/18764\/revisions\/18886"}],"up":[{"embeddable":true,"href":"https:\/\/rdtestsystems.wpdrift.dev\/de\/wp-json\/wp\/v2\/pages\/5034"}],"wp:attachment":[{"href":"https:\/\/rdtestsystems.wpdrift.dev\/de\/wp-json\/wp\/v2\/media?parent=18764"}],"curies":[{"name":"wp","href":"https:\/\/api.w.org\/{rel}","templated":true}]}}