{"id":18760,"date":"2025-07-22T14:05:09","date_gmt":"2025-07-22T12:05:09","guid":{"rendered":"https:\/\/rdtestsystems.com\/bolt-check\/service-retrofit\/"},"modified":"2025-09-25T15:49:58","modified_gmt":"2025-09-25T13:49:58","slug":"service-retrofit","status":"publish","type":"page","link":"https:\/\/rdtestsystems.wpdrift.dev\/de\/bolt-check\/service-retrofit\/","title":{"rendered":"Service and Retrofit"},"content":{"rendered":"","protected":false},"excerpt":{"rendered":"","protected":false},"author":23,"featured_media":0,"parent":5034,"menu_order":0,"comment_status":"closed","ping_status":"closed","template":"views\/template-modules.blade.php","meta":{"footnotes":""},"class_list":["post-18760","page","type-page","status-publish","hentry"],"yoast_head":"<!-- This site is optimized with the Yoast SEO plugin v25.7 - https:\/\/yoast.com\/wordpress\/plugins\/seo\/ -->\n<title>Service and Retrofit - R&amp;D Test Systems<\/title>\n<meta name=\"robots\" content=\"noindex, follow, max-snippet:-1, max-image-preview:large, max-video-preview:-1\" \/>\n<meta property=\"og:locale\" content=\"de_DE\" \/>\n<meta property=\"og:type\" content=\"article\" \/>\n<meta property=\"og:title\" content=\"Service and Retrofit - R&amp;D Test Systems\" \/>\n<meta property=\"og:url\" content=\"https:\/\/rdtestsystems.wpdrift.dev\/de\/bolt-check\/service-retrofit\/\" \/>\n<meta property=\"og:site_name\" content=\"R&amp;D Test Systems\" \/>\n<meta property=\"article:modified_time\" content=\"2025-09-25T13:49:58+00:00\" \/>\n<meta name=\"twitter:card\" content=\"summary_large_image\" \/>\n<script type=\"application\/ld+json\" class=\"yoast-schema-graph\">{\"@context\":\"https:\/\/schema.org\",\"@graph\":[{\"@type\":\"WebPage\",\"@id\":\"https:\/\/rdtestsystems.wpdrift.dev\/de\/bolt-check\/service-retrofit\/\",\"url\":\"https:\/\/rdtestsystems.wpdrift.dev\/de\/bolt-check\/service-retrofit\/\",\"name\":\"Service and Retrofit - R&amp;D Test Systems\",\"isPartOf\":{\"@id\":\"https:\/\/rdtestsystems.wpdrift.dev\/#website\"},\"datePublished\":\"2025-07-22T12:05:09+00:00\",\"dateModified\":\"2025-09-25T13:49:58+00:00\",\"breadcrumb\":{\"@id\":\"https:\/\/rdtestsystems.wpdrift.dev\/de\/bolt-check\/service-retrofit\/#breadcrumb\"},\"inLanguage\":\"de-DE\",\"potentialAction\":[{\"@type\":\"ReadAction\",\"target\":[\"https:\/\/rdtestsystems.wpdrift.dev\/de\/bolt-check\/service-retrofit\/\"]}]},{\"@type\":\"BreadcrumbList\",\"@id\":\"https:\/\/rdtestsystems.wpdrift.dev\/de\/bolt-check\/service-retrofit\/#breadcrumb\",\"itemListElement\":[{\"@type\":\"ListItem\",\"position\":1,\"name\":\"Home\",\"item\":\"https:\/\/rdtestsystems.wpdrift.dev\/de\/\"},{\"@type\":\"ListItem\",\"position\":2,\"name\":\"Bolt-Check\",\"item\":\"https:\/\/rdtestsystems.wpdrift.dev\/de\/bolt-check\/\"},{\"@type\":\"ListItem\",\"position\":3,\"name\":\"Service and Retrofit\"}]},{\"@type\":\"WebSite\",\"@id\":\"https:\/\/rdtestsystems.wpdrift.dev\/#website\",\"url\":\"https:\/\/rdtestsystems.wpdrift.dev\/\",\"name\":\"R&amp;D Test Systems\",\"description\":\"Creating Value Through World-Class Engineering\",\"potentialAction\":[{\"@type\":\"SearchAction\",\"target\":{\"@type\":\"EntryPoint\",\"urlTemplate\":\"https:\/\/rdtestsystems.wpdrift.dev\/?s={search_term_string}\"},\"query-input\":{\"@type\":\"PropertyValueSpecification\",\"valueRequired\":true,\"valueName\":\"search_term_string\"}}],\"inLanguage\":\"de-DE\"}]}<\/script>\n<!-- \/ Yoast SEO plugin. -->","yoast_head_json":{"title":"Service and Retrofit - R&amp;D Test Systems","robots":{"index":"noindex","follow":"follow","max-snippet":"max-snippet:-1","max-image-preview":"max-image-preview:large","max-video-preview":"max-video-preview:-1"},"og_locale":"de_DE","og_type":"article","og_title":"Service and Retrofit - R&amp;D Test Systems","og_url":"https:\/\/rdtestsystems.wpdrift.dev\/de\/bolt-check\/service-retrofit\/","og_site_name":"R&amp;D Test Systems","article_modified_time":"2025-09-25T13:49:58+00:00","twitter_card":"summary_large_image","schema":{"@context":"https:\/\/schema.org","@graph":[{"@type":"WebPage","@id":"https:\/\/rdtestsystems.wpdrift.dev\/de\/bolt-check\/service-retrofit\/","url":"https:\/\/rdtestsystems.wpdrift.dev\/de\/bolt-check\/service-retrofit\/","name":"Service and Retrofit - R&amp;D Test Systems","isPartOf":{"@id":"https:\/\/rdtestsystems.wpdrift.dev\/#website"},"datePublished":"2025-07-22T12:05:09+00:00","dateModified":"2025-09-25T13:49:58+00:00","breadcrumb":{"@id":"https:\/\/rdtestsystems.wpdrift.dev\/de\/bolt-check\/service-retrofit\/#breadcrumb"},"inLanguage":"de-DE","potentialAction":[{"@type":"ReadAction","target":["https:\/\/rdtestsystems.wpdrift.dev\/de\/bolt-check\/service-retrofit\/"]}]},{"@type":"BreadcrumbList","@id":"https:\/\/rdtestsystems.wpdrift.dev\/de\/bolt-check\/service-retrofit\/#breadcrumb","itemListElement":[{"@type":"ListItem","position":1,"name":"Home","item":"https:\/\/rdtestsystems.wpdrift.dev\/de\/"},{"@type":"ListItem","position":2,"name":"Bolt-Check","item":"https:\/\/rdtestsystems.wpdrift.dev\/de\/bolt-check\/"},{"@type":"ListItem","position":3,"name":"Service and Retrofit"}]},{"@type":"WebSite","@id":"https:\/\/rdtestsystems.wpdrift.dev\/#website","url":"https:\/\/rdtestsystems.wpdrift.dev\/","name":"R&amp;D Test Systems","description":"Creating Value Through World-Class Engineering","potentialAction":[{"@type":"SearchAction","target":{"@type":"EntryPoint","urlTemplate":"https:\/\/rdtestsystems.wpdrift.dev\/?s={search_term_string}"},"query-input":{"@type":"PropertyValueSpecification","valueRequired":true,"valueName":"search_term_string"}}],"inLanguage":"de-DE"}]}},"app_templates_about_top_banner_image":"","app_templates_about_top_banner_video":"","app_templates_about_top_banner_subtitle":"","app_templates_about_top_banner_title":"","app_templates_about_modules_sections":[],"app_templates_about_clients_bg_color":"transparent","app_templates_about_clients_title":"","app_templates_about_clients_logos":[],"app_templates_about_clients_button":{"value":"","url":"","anchor":"","blank":0},"app_templates_contact_top_banner_image":"","app_templates_contact_top_banner_video":"","app_templates_contact_top_banner_subtitle":"","app_templates_contact_top_banner_title":"","app_templates_contact_legal_company_name":"","app_templates_contact_legal_street":"","app_templates_contact_legal_zip":"","app_templates_contact_legal_city":"","app_templates_contact_offices_title":"","app_templates_contact_offices_description":"","app_templates_contact_form_subjects":[],"app_templates_contact_modules_sections":[],"app_templates_homepage_top_slider_slides":[],"app_templates_homepage_modules_sections":[],"app_templates_modules_top_banner_image":"18432","app_templates_modules_top_banner_video":"","app_templates_modules_top_banner_subtitle":"Service und Retrofit","app_templates_modules_top_banner_title":"Sicherere, schnellere und genauere Schraubenwartung","app_templates_modules_modules_sections":[{"_type":"text_image","nav_title":"","bg_color":"transparent","title":"Setzen Sie neue Ma\u00dfst\u00e4be f\u00fcr Service und Retrofit","preface":"","image":"18389","video":"","autoplay":false,"position":"right","content":"<p data-start=\"309\" data-end=\"666\">Service- und Retrofit-Arbeiten an Windturbinen erfordern Pr\u00e4zision, Sicherheit und effiziente Planung. Die Wartung und Modernisierung von Schraubverbindungen \u2013 insbesondere bei \u00e4lteren Turbinen \u2013 verlangt Methoden, die die Belastung der Techniker reduzieren und gleichzeitig die Integrit\u00e4t der Verbindungen sowie eine korrekte Dokumentation sicherstellen.<\/p>\r\n<p data-start=\"668\" data-end=\"963\">Indem nur die Schrauben identifiziert werden, die tats\u00e4chlich nachgestellt werden m\u00fcssen, reduziert Bolt-Check unn\u00f6tige Arbeiten und schweres Heben. Dies verbessert die Sicherheit der Techniker, beschleunigt die Serviceabl\u00e4ufe und stellt eine effiziente Nutzung von Zeit und Ressourcen sicher.<\/p>\r\n<p data-start=\"965\" data-end=\"1236\">Bolt-Check automatisiert die Datenerfassung und Dokumentation, eliminiert manuelle Eingaben und reduziert das Risiko menschlicher Fehler bei Messungen und Berichten. Mit zuverl\u00e4ssigen und pr\u00e4zisen Daten ausgestattet, arbeiten Techniker schneller und mit mehr Vertrauen.<\/p>\r\n<p data-start=\"1238\" data-end=\"1520\">Durch die Bereitstellung pr\u00e4ziser Zustandsdaten f\u00fcr jede Schraubverbindung erm\u00f6glicht Bolt-Check eine bessere Service- und Wartungsplanung, reduziert unn\u00f6tige Standortbesuche und unterst\u00fctzt Strategien zur Lebensdauerverl\u00e4ngerung \u2013 und das alles bei h\u00f6chsten Sicherheitsstandards.<\/p>","button":{"value":"","url":"","anchor":"","blank":"0"},"button_color":"btn-primary","services":[]},{"_type":"content","nav_title":"","bg_color":"light","title":"","body":"<h2><em>\u201cDer gr\u00f6\u00dfte Vorteil ist, dass wir die Schraube nicht ber\u00fchren m\u00fcssen, um ihren Zustand zu pr\u00fcfen. Das Anlegen von Kraft kann das Verhalten der Schraube ver\u00e4ndern, aber mit Bolt-Check erhalten wir pr\u00e4zise Messungen ohne Beeinflussung.\u201d<\/em><\/h2>\r\n- Pascal Rothstein, Techniker bei mh<sup>2<\/sup>\r\n\r\n<a href=\"https:\/\/rdtestsystems.wpdrift.dev\/cases\/mh2-offshore-optimizes-offshore-wind-turbine-maintenance\/\">Lesen Sie die Fallstudie, wie Bolt-Check die Effizienz und Pr\u00e4zision bei Schraubenspannungsaufgaben verbessert hat.<\/a>","text_align":"center"},{"_type":"text_image","nav_title":"","bg_color":"transparent","title":"","preface":"<b>Wie Bolt-Check Mehrwert f\u00fcr Service und Retrofit schafft:<\/b>","image":"18450","video":"","autoplay":false,"position":"left","content":"Ob Sie die Lebensdauer einer Turbine verl\u00e4ngern oder Serviceabl\u00e4ufe verbessern m\u00f6chten \u2013 Bolt-Check bietet Ihnen die Werkzeuge, dies mit Vertrauen, Pr\u00e4zision und verl\u00e4sslicher Dokumentation umzusetzen.\r\n<ul>\r\n \t<li data-start=\"471\" data-end=\"534\">\r\n<p data-start=\"473\" data-end=\"534\">Identifiziert nur die Schrauben, die gewartet werden m\u00fcssen<\/p>\r\n<\/li>\r\n \t<li data-start=\"535\" data-end=\"615\">\r\n<p data-start=\"537\" data-end=\"615\">Beschleunigt die Wartung und hilft Technikern, ihre Zeit gezielt einzusetzen<\/p>\r\n<\/li>\r\n \t<li data-start=\"616\" data-end=\"690\">\r\n<p data-start=\"618\" data-end=\"690\">Automatisiert die Datenerfassung und eliminiert manuelle Dokumentation<\/p>\r\n<\/li>\r\n \t<li data-start=\"691\" data-end=\"781\">\r\n<p data-start=\"693\" data-end=\"781\">Reduziert das Risiko menschlicher Fehler und stellt verl\u00e4ssliche Aufzeichnungen sicher<\/p>\r\n<\/li>\r\n \t<li data-start=\"782\" data-end=\"854\">\r\n<p data-start=\"784\" data-end=\"854\">Erm\u00f6glicht datengest\u00fctzte Serviceplanung und weniger Standortbesuche<\/p>\r\n<\/li>\r\n \t<li data-start=\"855\" data-end=\"933\">\r\n<p data-start=\"857\" data-end=\"933\">Unterst\u00fctzt Lebensdauerverl\u00e4ngerungen mit zustandsbasierten Schraubendaten<\/p>\r\n<\/li>\r\n<\/ul>","button":{"value":"","url":"mailto:sales@bolt-check.com","anchor":"Buchen Sie eine Demo und sehen Sie, wie Bolt-Check Sie unterst\u00fctzt","blank":"0"},"button_color":"btn-yellow","services":[]},{"_type":"image_banner","nav_title":"","bg_color":"transparent","image":"18395","pretitle":"Kernfunktionen","title":"Wartung mit verifizierten Daten optimieren","description":"<ul>\r\n \t<li data-start=\"408\" data-end=\"464\">\r\n<h5>Identifiziert nur die Schrauben, die nachgezogen werden m\u00fcssen<\/h5>\r\n<\/li>\r\n \t<li data-start=\"2833\" data-end=\"2882\">\r\n<h5 data-start=\"2835\" data-end=\"2882\">Erfasst und speichert Anziehdaten automatisch<\/h5>\r\n<\/li>\r\n \t<li data-start=\"2883\" data-end=\"2942\">\r\n<h5 data-start=\"2885\" data-end=\"2942\">Beseitigt manuelle Dateneingaben und menschliche Fehler<\/h5>\r\n<\/li>\r\n \t<li data-start=\"2943\" data-end=\"3011\">\r\n<h5 data-start=\"2945\" data-end=\"3011\">Bietet cloudbasierten Zugriff auf pr\u00e4zise Schraubenzustandsdaten<\/h5>\r\n<\/li>\r\n \t<li data-start=\"3012\" data-end=\"3087\">\r\n<h5 data-start=\"3014\" data-end=\"3087\">Erm\u00f6glicht zustandsbasierte Wartung und Lebensdauerverl\u00e4ngerungsplanung<\/h5>\r\n<\/li>\r\n<\/ul>","button":{"value":"","url":"","anchor":"","blank":"0"},"button_color":"btn-primary","services":[],"height":"short"},{"_type":"contact","nav_title":"","bg_color":"transparent","title":"Kontakt aufnehmen","description":"M\u00f6chten Sie erfahren, wie Bolt-Check Sicherheit (HSE), Geschwindigkeit und Dokumentation in Ihren Service- und Retrofit-Eins\u00e4tzen verbessern kann?\r\n\r\n<b>Kontaktieren Sie uns f\u00fcr ein technisches Gespr\u00e4ch oder eine Vorf\u00fchrung.<\/b>","show_categories":false,"form_text":"","subjects":[{"_type":"_","subject":"Request quote"},{"_type":"_","subject":"Book demonstration"},{"_type":"_","subject":"Training"},{"_type":"_","subject":"Calibration"},{"_type":"_","subject":"Other"}],"employees":[{"value":"post:employees:18093","type":"post","subtype":"employees","id":"18093"}],"hide_responsibilities":false}],"app_templates_modules_custom_backlink_link":{"value":"","url":"","anchor":"","blank":"0"},"app_templates_privacy_policy_top_banner_image":"","app_templates_privacy_policy_top_banner_video":"","app_templates_privacy_policy_top_banner_subtitle":"","app_templates_privacy_policy_top_banner_title":"","_links":{"self":[{"href":"https:\/\/rdtestsystems.wpdrift.dev\/de\/wp-json\/wp\/v2\/pages\/18760","targetHints":{"allow":["GET"]}}],"collection":[{"href":"https:\/\/rdtestsystems.wpdrift.dev\/de\/wp-json\/wp\/v2\/pages"}],"about":[{"href":"https:\/\/rdtestsystems.wpdrift.dev\/de\/wp-json\/wp\/v2\/types\/page"}],"author":[{"embeddable":true,"href":"https:\/\/rdtestsystems.wpdrift.dev\/de\/wp-json\/wp\/v2\/users\/23"}],"replies":[{"embeddable":true,"href":"https:\/\/rdtestsystems.wpdrift.dev\/de\/wp-json\/wp\/v2\/comments?post=18760"}],"version-history":[{"count":5,"href":"https:\/\/rdtestsystems.wpdrift.dev\/de\/wp-json\/wp\/v2\/pages\/18760\/revisions"}],"predecessor-version":[{"id":18894,"href":"https:\/\/rdtestsystems.wpdrift.dev\/de\/wp-json\/wp\/v2\/pages\/18760\/revisions\/18894"}],"up":[{"embeddable":true,"href":"https:\/\/rdtestsystems.wpdrift.dev\/de\/wp-json\/wp\/v2\/pages\/5034"}],"wp:attachment":[{"href":"https:\/\/rdtestsystems.wpdrift.dev\/de\/wp-json\/wp\/v2\/media?parent=18760"}],"curies":[{"name":"wp","href":"https:\/\/api.w.org\/{rel}","templated":true}]}}