{"id":5802,"date":"2020-06-22T09:42:54","date_gmt":"2020-06-22T07:42:54","guid":{"rendered":"https:\/\/www.rd-as.com\/?page_id=5802"},"modified":"2026-03-04T10:40:03","modified_gmt":"2026-03-04T09:40:03","slug":"bolt-check","status":"publish","type":"page","link":"https:\/\/rdtestsystems.wpdrift.dev\/da\/bolt-check\/","title":{"rendered":"Bolt-Check"},"content":{"rendered":"","protected":false},"excerpt":{"rendered":"","protected":false},"author":14,"featured_media":15634,"parent":0,"menu_order":2,"comment_status":"closed","ping_status":"closed","template":"views\/template-modules.blade.php","meta":{"footnotes":""},"class_list":["post-5802","page","type-page","status-publish","has-post-thumbnail","hentry"],"yoast_head":"<!-- This site is optimized with the Yoast SEO plugin v25.7 - https:\/\/yoast.com\/wordpress\/plugins\/seo\/ -->\n<title>Bolt-Check | R&amp;D Test Systems Test Systems<\/title>\n<meta name=\"description\" content=\"Bolt-Check er en ultralydsenhed, der tillader n\u00f8jagtige inspektioner af boltesamlinger. Det er den mest omkostningseffektive l\u00f8sning p\u00e5 markedet.\" \/>\n<meta name=\"robots\" content=\"noindex, follow, max-snippet:-1, max-image-preview:large, max-video-preview:-1\" \/>\n<meta property=\"og:locale\" content=\"da_DK\" \/>\n<meta property=\"og:type\" content=\"article\" \/>\n<meta property=\"og:title\" content=\"Bolt-Check | R&amp;D Test Systems Test Systems\" \/>\n<meta property=\"og:description\" content=\"Bolt-Check er en ultralydsenhed, der tillader n\u00f8jagtige inspektioner af boltesamlinger. Det er den mest omkostningseffektive l\u00f8sning p\u00e5 markedet.\" \/>\n<meta property=\"og:url\" content=\"https:\/\/rdtestsystems.wpdrift.dev\/da\/bolt-check\/\" \/>\n<meta property=\"og:site_name\" content=\"R&amp;D Test Systems\" \/>\n<meta property=\"article:modified_time\" content=\"2026-03-04T09:40:03+00:00\" \/>\n<meta property=\"og:image\" content=\"https:\/\/rdtestsystems.wpdrift.dev\/app\/uploads\/2023\/05\/DSC_0593-e1684328035804.jpg\" \/>\n\t<meta property=\"og:image:width\" content=\"3000\" \/>\n\t<meta property=\"og:image:height\" content=\"2000\" \/>\n\t<meta property=\"og:image:type\" content=\"image\/jpeg\" \/>\n<meta name=\"twitter:card\" content=\"summary_large_image\" \/>\n<meta name=\"twitter:label1\" content=\"Est. reading time\" \/>\n\t<meta name=\"twitter:data1\" content=\"1 minute\" \/>\n<script type=\"application\/ld+json\" class=\"yoast-schema-graph\">{\"@context\":\"https:\/\/schema.org\",\"@graph\":[{\"@type\":\"WebPage\",\"@id\":\"https:\/\/rdtestsystems.wpdrift.dev\/da\/bolt-check\/\",\"url\":\"https:\/\/rdtestsystems.wpdrift.dev\/da\/bolt-check\/\",\"name\":\"Bolt-Check | R&amp;D Test Systems Test Systems\",\"isPartOf\":{\"@id\":\"https:\/\/rdtestsystems.wpdrift.dev\/#website\"},\"primaryImageOfPage\":{\"@id\":\"https:\/\/rdtestsystems.wpdrift.dev\/da\/bolt-check\/#primaryimage\"},\"image\":{\"@id\":\"https:\/\/rdtestsystems.wpdrift.dev\/da\/bolt-check\/#primaryimage\"},\"thumbnailUrl\":\"https:\/\/rdtestsystems.wpdrift.dev\/app\/uploads\/2023\/05\/DSC_0593-e1684328035804.jpg\",\"datePublished\":\"2020-06-22T07:42:54+00:00\",\"dateModified\":\"2026-03-04T09:40:03+00:00\",\"description\":\"Bolt-Check er en ultralydsenhed, der tillader n\u00f8jagtige inspektioner af boltesamlinger. Det er den mest omkostningseffektive l\u00f8sning p\u00e5 markedet.\",\"breadcrumb\":{\"@id\":\"https:\/\/rdtestsystems.wpdrift.dev\/da\/bolt-check\/#breadcrumb\"},\"inLanguage\":\"da-DK\",\"potentialAction\":[{\"@type\":\"ReadAction\",\"target\":[\"https:\/\/rdtestsystems.wpdrift.dev\/da\/bolt-check\/\"]}]},{\"@type\":\"ImageObject\",\"inLanguage\":\"da-DK\",\"@id\":\"https:\/\/rdtestsystems.wpdrift.dev\/da\/bolt-check\/#primaryimage\",\"url\":\"https:\/\/rdtestsystems.wpdrift.dev\/app\/uploads\/2023\/05\/DSC_0593-e1684328035804.jpg\",\"contentUrl\":\"https:\/\/rdtestsystems.wpdrift.dev\/app\/uploads\/2023\/05\/DSC_0593-e1684328035804.jpg\",\"width\":3000,\"height\":2000},{\"@type\":\"BreadcrumbList\",\"@id\":\"https:\/\/rdtestsystems.wpdrift.dev\/da\/bolt-check\/#breadcrumb\",\"itemListElement\":[{\"@type\":\"ListItem\",\"position\":1,\"name\":\"Home\",\"item\":\"https:\/\/rdtestsystems.wpdrift.dev\/da\/\"},{\"@type\":\"ListItem\",\"position\":2,\"name\":\"Bolt-Check\"}]},{\"@type\":\"WebSite\",\"@id\":\"https:\/\/rdtestsystems.wpdrift.dev\/#website\",\"url\":\"https:\/\/rdtestsystems.wpdrift.dev\/\",\"name\":\"R&amp;D Test Systems\",\"description\":\"Creating Value Through World-Class Engineering\",\"potentialAction\":[{\"@type\":\"SearchAction\",\"target\":{\"@type\":\"EntryPoint\",\"urlTemplate\":\"https:\/\/rdtestsystems.wpdrift.dev\/?s={search_term_string}\"},\"query-input\":{\"@type\":\"PropertyValueSpecification\",\"valueRequired\":true,\"valueName\":\"search_term_string\"}}],\"inLanguage\":\"da-DK\"}]}<\/script>\n<!-- \/ Yoast SEO plugin. -->","yoast_head_json":{"title":"Bolt-Check | R&amp;D Test Systems Test Systems","description":"Bolt-Check er en ultralydsenhed, der tillader n\u00f8jagtige inspektioner af boltesamlinger. Det er den mest omkostningseffektive l\u00f8sning p\u00e5 markedet.","robots":{"index":"noindex","follow":"follow","max-snippet":"max-snippet:-1","max-image-preview":"max-image-preview:large","max-video-preview":"max-video-preview:-1"},"og_locale":"da_DK","og_type":"article","og_title":"Bolt-Check | R&amp;D Test Systems Test Systems","og_description":"Bolt-Check er en ultralydsenhed, der tillader n\u00f8jagtige inspektioner af boltesamlinger. Det er den mest omkostningseffektive l\u00f8sning p\u00e5 markedet.","og_url":"https:\/\/rdtestsystems.wpdrift.dev\/da\/bolt-check\/","og_site_name":"R&amp;D Test Systems","article_modified_time":"2026-03-04T09:40:03+00:00","og_image":[{"width":3000,"height":2000,"url":"https:\/\/rdtestsystems.wpdrift.dev\/app\/uploads\/2023\/05\/DSC_0593-e1684328035804.jpg","type":"image\/jpeg"}],"twitter_card":"summary_large_image","twitter_misc":{"Est. reading time":"1 minute"},"schema":{"@context":"https:\/\/schema.org","@graph":[{"@type":"WebPage","@id":"https:\/\/rdtestsystems.wpdrift.dev\/da\/bolt-check\/","url":"https:\/\/rdtestsystems.wpdrift.dev\/da\/bolt-check\/","name":"Bolt-Check | R&amp;D Test Systems Test Systems","isPartOf":{"@id":"https:\/\/rdtestsystems.wpdrift.dev\/#website"},"primaryImageOfPage":{"@id":"https:\/\/rdtestsystems.wpdrift.dev\/da\/bolt-check\/#primaryimage"},"image":{"@id":"https:\/\/rdtestsystems.wpdrift.dev\/da\/bolt-check\/#primaryimage"},"thumbnailUrl":"https:\/\/rdtestsystems.wpdrift.dev\/app\/uploads\/2023\/05\/DSC_0593-e1684328035804.jpg","datePublished":"2020-06-22T07:42:54+00:00","dateModified":"2026-03-04T09:40:03+00:00","description":"Bolt-Check er en ultralydsenhed, der tillader n\u00f8jagtige inspektioner af boltesamlinger. Det er den mest omkostningseffektive l\u00f8sning p\u00e5 markedet.","breadcrumb":{"@id":"https:\/\/rdtestsystems.wpdrift.dev\/da\/bolt-check\/#breadcrumb"},"inLanguage":"da-DK","potentialAction":[{"@type":"ReadAction","target":["https:\/\/rdtestsystems.wpdrift.dev\/da\/bolt-check\/"]}]},{"@type":"ImageObject","inLanguage":"da-DK","@id":"https:\/\/rdtestsystems.wpdrift.dev\/da\/bolt-check\/#primaryimage","url":"https:\/\/rdtestsystems.wpdrift.dev\/app\/uploads\/2023\/05\/DSC_0593-e1684328035804.jpg","contentUrl":"https:\/\/rdtestsystems.wpdrift.dev\/app\/uploads\/2023\/05\/DSC_0593-e1684328035804.jpg","width":3000,"height":2000},{"@type":"BreadcrumbList","@id":"https:\/\/rdtestsystems.wpdrift.dev\/da\/bolt-check\/#breadcrumb","itemListElement":[{"@type":"ListItem","position":1,"name":"Home","item":"https:\/\/rdtestsystems.wpdrift.dev\/da\/"},{"@type":"ListItem","position":2,"name":"Bolt-Check"}]},{"@type":"WebSite","@id":"https:\/\/rdtestsystems.wpdrift.dev\/#website","url":"https:\/\/rdtestsystems.wpdrift.dev\/","name":"R&amp;D Test Systems","description":"Creating Value Through World-Class Engineering","potentialAction":[{"@type":"SearchAction","target":{"@type":"EntryPoint","urlTemplate":"https:\/\/rdtestsystems.wpdrift.dev\/?s={search_term_string}"},"query-input":{"@type":"PropertyValueSpecification","valueRequired":true,"valueName":"search_term_string"}}],"inLanguage":"da-DK"}]}},"app_templates_about_top_banner_image":"","app_templates_about_top_banner_video":"","app_templates_about_top_banner_subtitle":"","app_templates_about_top_banner_title":"","app_templates_about_modules_sections":[],"app_templates_about_clients_bg_color":"transparent","app_templates_about_clients_title":"","app_templates_about_clients_logos":[],"app_templates_about_clients_button":{"value":"","url":"","anchor":"","blank":0},"app_templates_contact_top_banner_image":"","app_templates_contact_top_banner_video":"","app_templates_contact_top_banner_subtitle":"","app_templates_contact_top_banner_title":"","app_templates_contact_legal_company_name":"","app_templates_contact_legal_street":"","app_templates_contact_legal_zip":"","app_templates_contact_legal_city":"","app_templates_contact_offices_title":"","app_templates_contact_offices_description":"","app_templates_contact_form_subjects":[],"app_templates_contact_modules_sections":[],"app_templates_homepage_top_slider_slides":[],"app_templates_homepage_modules_sections":[],"app_templates_modules_top_banner_image":"18844","app_templates_modules_top_banner_video":"","app_templates_modules_top_banner_subtitle":"Bolt-Check","app_templates_modules_top_banner_title":"Pr\u00e6cis verifikation af boltesamlinger","app_templates_modules_modules_sections":[{"_type":"text_image","nav_title":"","bg_color":"transparent","title":"Nem, hurtig og pr\u00e6cis bolt-verificering","preface":"","image":"","video":"18829","autoplay":false,"position":"right","content":"<ul>\r\n \t<li data-start=\"132\" data-end=\"183\">Opn\u00e5 n\u00f8jagtig tilsp\u00e6nding af bolte<\/li>\r\n \t<li data-start=\"132\" data-end=\"183\">Sikr fuld sporbarhed med RFID-m\u00e6rkede bolte<\/li>\r\n \t<li data-start=\"132\" data-end=\"183\">Reduc\u00e9r menneskelige fejl med automatiseret datalogning og rapporterin<\/li>\r\n \t<li data-start=\"132\" data-end=\"183\">S\u00e6nk vedligeholdelsesomkostninger med optimeret, pr\u00e6diktiv service<\/li>\r\n \t<li data-start=\"132\" data-end=\"183\">Letv\u00e6gtsudstyr forbedrer HSE og reducerer fysisk belastning<\/li>\r\n<\/ul>","button":{"value":"","url":"","anchor":"","blank":"0"},"button_color":"btn-primary","services":[]},{"_type":"text_image_number","nav_title":"","bg_color":"light","title":"V\u00e6lg din kategori","boxes":[{"_type":"_","image":"18665","title":"Service og Retrofit","body":"","number":"","unit":"","number_position":"flex-row","text_position":"center","link":{"value":"","url":"\/da\/bolt-check\/service-retrofit\/","anchor":"Service og Retrofit","blank":"0"},"button_color":"btn-yellow"},{"_type":"_","image":"18673","title":"Installation","body":"","number":"","unit":"","number_position":"flex-row","text_position":"center","link":{"value":"","url":"\/da\/bolt-check\/installation\/","anchor":"Installation","blank":"0"},"button_color":"btn-yellow"},{"_type":"_","image":"18682","title":"Design og Engineering","body":"","number":"","unit":"","number_position":"flex-row","text_position":"center","link":{"value":"","url":"\/da\/bolt-check\/design-engineering\/","anchor":"Design og Engineering","blank":"0"},"button_color":"btn-yellow"},{"_type":"_","image":"18677","title":"Boltproducent","body":"","number":"","unit":"","number_position":"flex-row","text_position":"center","link":{"value":"","url":"\/da\/bolt-check\/bolt-manufacturer\/","anchor":"Boltproducent","blank":"0"},"button_color":"btn-yellow"}]},{"_type":"newsletter","nav_title":"","bg_color":"transparent","pretitle":"","title":"","description":"","shortcode":"[activecampaign form=51]","sub_description":"","full_width":true},{"_type":"text_image","nav_title":"","bg_color":"transparent","title":"Sikr boltp\u00e5lidelighed med ultralydsverifikation","preface":"","image":"18452","video":"","autoplay":false,"position":"left","content":"<p data-start=\"474\" data-end=\"771\">Bolt-Check er et avanceret ultralydsm\u00e5leinstrument, der muligg\u00f8r hurtige og pr\u00e6cise inspektioner af boltesamlinger. Den intuitive brugerflade, ultralydsteknologi og sporbarhedssystem g\u00f8r det muligt straks at lokalisere bolte i databasen og planl\u00e6gge service og vedligehold korrekt.<\/p>\r\n<p data-start=\"474\" data-end=\"771\">Bolt-Check er velegnet til de fleste bolttyper og kr\u00e6ver ingen s\u00e6rlig forbehandling. Det kan spille en vigtig rolle i at maksimere oppetid og minimere fejl. Bolt-Check leverer en cloud-l\u00f8sning med en intuitiv boltdatabase til at gemme, sortere og analysere m\u00e5lte bolte.<\/p>","button":{"value":"","url":"mailto:sales@bolt-check.com","anchor":"G\u00f8r bolt-verifikation og dokumentation enklere","blank":"0"},"button_color":"btn-primary","services":[]},{"_type":"video-module","nav_title":"","bg_color":"light","title":"Nem og hurtig service af vindm\u00f8ller","description":"Se n\u00e6rmere p\u00e5, hvordan Bolt-Check anvendt sammen med Panasonic TOUGHBOOK fungerer ved service af en vindm\u00f8lle.","video":"","embed":"https:\/\/www.youtube.com\/watch?v=u5DQY6QHhRw","video_size":"sm"},{"_type":"text_image","nav_title":"","bg_color":"transparent","title":"","preface":"<b>Ultralydsm\u00e5ling forklaret<\/b>","image":"","video":"18910","autoplay":true,"position":"right","content":"Bolt-Check bruger ultralydsteknologi til pr\u00e6cist at m\u00e5le boltens forl\u00e6ngelse \u2013 en afg\u00f8rende indikator for, om den korrekte klemkraft er opn\u00e5et. En lille transducer sender en lydb\u00f8lge gennem bolten og m\u00e5ler, hvor lang tid ekkoet er om at vende tilbage. Denne tid afspejler boltens ultralydsl\u00e6ngde.\r\n\r\nVed at sammenligne ultralydsl\u00e6ngden f\u00f8r og efter tilsp\u00e6nding beregner Bolt-Check boltens forl\u00e6ngelse. For at sikre n\u00f8jagtighed kompenserer systemet automatisk for temperatur\u00e6ndringer, der p\u00e5virker b\u00e5de boltens l\u00e6ngde og lydens hastighed i materialet.\r\n\r\nDa ultralydsl\u00e6ngde \u00e6ndrer sig anderledes end fysisk l\u00e6ngde, bruger Bolt-Check en indbygget, materialespecifik sp\u00e6ndingsfaktor til at omregne data til den reelle fysiske forl\u00e6ngelse. Resultatet er en p\u00e5lidelig, hurtig og ikke-destruktiv metode til at verificere forsp\u00e6nding i boltesamlinger.","button":{"value":"","url":"","anchor":"","blank":"0"},"button_color":"btn-primary","services":[]},{"_type":"text_image","nav_title":"","bg_color":"transparent","title":"","preface":"<b>Sporbarhed og cloud-baseret datastyring<\/b>","image":"18873","video":"","autoplay":false,"position":"left","content":"Et sporbarhedsm\u00e6rke udstyrer hver bolt med et unikt ID, hvilket sikrer fuld sporbarhed gennem hele dens livscyklus. Teknikere kan scanne boltens m\u00e6rke med Bolt-Check og RFID-pennen for straks at f\u00e5 adgang til dens m\u00e5lehistorik og identifikationsdata.\r\n\r\nAlle m\u00e5ledata synkroniseres automatisk med webappen, en cloud-baseret platform til at h\u00e5ndtere boltprojekter, gemme registreringer og dele data. N\u00e5r enheden er tilsluttet internettet, synkroniseres Bolt-Check l\u00f8bende med webappen, s\u00e5 al dokumentation altid er komplet, organiseret og tilg\u00e6ngelig hvor som helst.","button":{"value":"","url":"","anchor":"","blank":"0"},"button_color":"btn-primary","services":[]},{"_type":"info_banner","nav_title":"","bg_color":"transparent","image":"15213","video":"","pretitle":"Case","title":"Vestas forbedrer bolt-tilsp\u00e6nding med ultralydsverifikation","preface":"","content":"\u201dVed at bruge Bolt-Check som dokumentationsv\u00e6rkt\u00f8j kan vi unders\u00f8ge, hvordan installationens virkelighed og beregninger stemmer overens. R&amp;D Test Systems kan levere en l\u00f8sning, der g\u00e5r ud over teoretiske beregninger ved at bruge Bolt-Check til at indsamle faktiske data fra byggepladsen,\u201d forklarer Peter B\u00e6kh\u00f8j Schandel, Blade Bearing Engineer hos Vestas.","button":{"value":"","url":"\/cases\/vestas-achieves-efficiency-and-accuracy-of-its-bolted-joints\/","anchor":"Vestas achieves efficiency and accuracy of its bolted joints","blank":"0"},"button_color":"btn-yellow","services":[],"position":"left","background_color":"semi-white"},{"_type":"logos","nav_title":"","bg_color":"light","title":"Andre Bolt-Check-services","values":[{"_type":"_","icon":"","title":"Service og r\u00e5dgivning","text":"Vores specialister udf\u00f8rer m\u00e5linger p\u00e5 stedet og rapporterer om tilstanden p\u00e5 jeres boltforbindelser.\r\n\r\n<b>Kontakt os for mere information.<\/b>"},{"_type":"_","icon":"","title":"Specialiserede bolttests","text":"Test forholdet mellem tilsp\u00e6ndingsmoment og den resulterende boltsp\u00e6nding i vores testfaciliteter.\r\n\r\n<b>Kontakt os for mere information.<\/b>"}]},{"_type":"contact","nav_title":"","bg_color":"transparent","title":"Lad os l\u00f8se dine udfordringer med bolt-tilsp\u00e6nding","description":"Vi tilbyder dyb teknisk indsigt, praktisk vejledning og l\u00f8sninger tilpasset dine specifikke behov.","show_categories":false,"form_text":"N\u00e5r du indsender kontaktformularen, bekr\u00e6fter du samtidig, at du har l\u00e6st og accepteret vores privatlivspolitik.","subjects":[{"_type":"_","subject":"Anmod om tilbud"},{"_type":"_","subject":"Book demonstration"},{"_type":"_","subject":"Training"},{"_type":"_","subject":"Kalibrering"},{"_type":"_","subject":"Andet"}],"employees":[{"value":"post:employees:18093","type":"post","subtype":"employees","id":"18093"}],"hide_responsibilities":false}],"app_templates_modules_custom_backlink_link":{"value":"","url":"","anchor":"","blank":"0"},"app_templates_privacy_policy_top_banner_image":"","app_templates_privacy_policy_top_banner_video":"","app_templates_privacy_policy_top_banner_subtitle":"","app_templates_privacy_policy_top_banner_title":"","_links":{"self":[{"href":"https:\/\/rdtestsystems.wpdrift.dev\/da\/wp-json\/wp\/v2\/pages\/5802","targetHints":{"allow":["GET"]}}],"collection":[{"href":"https:\/\/rdtestsystems.wpdrift.dev\/da\/wp-json\/wp\/v2\/pages"}],"about":[{"href":"https:\/\/rdtestsystems.wpdrift.dev\/da\/wp-json\/wp\/v2\/types\/page"}],"author":[{"embeddable":true,"href":"https:\/\/rdtestsystems.wpdrift.dev\/da\/wp-json\/wp\/v2\/users\/14"}],"replies":[{"embeddable":true,"href":"https:\/\/rdtestsystems.wpdrift.dev\/da\/wp-json\/wp\/v2\/comments?post=5802"}],"version-history":[{"count":66,"href":"https:\/\/rdtestsystems.wpdrift.dev\/da\/wp-json\/wp\/v2\/pages\/5802\/revisions"}],"predecessor-version":[{"id":18978,"href":"https:\/\/rdtestsystems.wpdrift.dev\/da\/wp-json\/wp\/v2\/pages\/5802\/revisions\/18978"}],"wp:featuredmedia":[{"embeddable":true,"href":"https:\/\/rdtestsystems.wpdrift.dev\/da\/wp-json\/wp\/v2\/media\/15634"}],"wp:attachment":[{"href":"https:\/\/rdtestsystems.wpdrift.dev\/da\/wp-json\/wp\/v2\/media?parent=5802"}],"curies":[{"name":"wp","href":"https:\/\/api.w.org\/{rel}","templated":true}]}}