{"id":5436,"date":"2020-04-20T14:09:00","date_gmt":"2020-04-20T12:09:00","guid":{"rendered":"https:\/\/www.rd-as.com\/?page_id=5436"},"modified":"2025-04-30T16:17:00","modified_gmt":"2025-04-30T14:17:00","slug":"privatlivspolitik","status":"publish","type":"page","link":"https:\/\/rdtestsystems.wpdrift.dev\/da\/privatlivspolitik\/","title":{"rendered":"Privatlivspolitik"},"content":{"rendered":"","protected":false},"excerpt":{"rendered":"","protected":false},"author":14,"featured_media":0,"parent":0,"menu_order":20,"comment_status":"closed","ping_status":"closed","template":"views\/template-modules.blade.php","meta":{"footnotes":""},"class_list":["post-5436","page","type-page","status-publish","hentry"],"yoast_head":"<!-- This site is optimized with the Yoast SEO plugin v25.7 - https:\/\/yoast.com\/wordpress\/plugins\/seo\/ -->\n<title>Privatlivspolitik - R&amp;D Test Systems<\/title>\n<meta name=\"robots\" content=\"noindex, nofollow\" \/>\n<meta property=\"og:locale\" content=\"da_DK\" \/>\n<meta property=\"og:type\" content=\"article\" \/>\n<meta property=\"og:title\" content=\"Privatlivspolitik - R&amp;D Test Systems\" \/>\n<meta property=\"og:url\" content=\"https:\/\/rdtestsystems.wpdrift.dev\/da\/privatlivspolitik\/\" \/>\n<meta property=\"og:site_name\" content=\"R&amp;D Test Systems\" \/>\n<meta property=\"article:modified_time\" content=\"2025-04-30T14:17:00+00:00\" \/>\n<meta name=\"twitter:card\" content=\"summary_large_image\" \/>\n<meta name=\"twitter:label1\" content=\"Est. reading time\" \/>\n\t<meta name=\"twitter:data1\" content=\"6 minutes\" \/>\n<script type=\"application\/ld+json\" class=\"yoast-schema-graph\">{\"@context\":\"https:\/\/schema.org\",\"@graph\":[{\"@type\":\"WebPage\",\"@id\":\"https:\/\/rdtestsystems.wpdrift.dev\/da\/privatlivspolitik\/\",\"url\":\"https:\/\/rdtestsystems.wpdrift.dev\/da\/privatlivspolitik\/\",\"name\":\"Privatlivspolitik - R&amp;D Test Systems\",\"isPartOf\":{\"@id\":\"https:\/\/rdtestsystems.wpdrift.dev\/#website\"},\"datePublished\":\"2020-04-20T12:09:00+00:00\",\"dateModified\":\"2025-04-30T14:17:00+00:00\",\"breadcrumb\":{\"@id\":\"https:\/\/rdtestsystems.wpdrift.dev\/da\/privatlivspolitik\/#breadcrumb\"},\"inLanguage\":\"da-DK\",\"potentialAction\":[{\"@type\":\"ReadAction\",\"target\":[\"https:\/\/rdtestsystems.wpdrift.dev\/da\/privatlivspolitik\/\"]}]},{\"@type\":\"BreadcrumbList\",\"@id\":\"https:\/\/rdtestsystems.wpdrift.dev\/da\/privatlivspolitik\/#breadcrumb\",\"itemListElement\":[{\"@type\":\"ListItem\",\"position\":1,\"name\":\"Home\",\"item\":\"https:\/\/rdtestsystems.wpdrift.dev\/da\/\"},{\"@type\":\"ListItem\",\"position\":2,\"name\":\"Privatlivspolitik\"}]},{\"@type\":\"WebSite\",\"@id\":\"https:\/\/rdtestsystems.wpdrift.dev\/#website\",\"url\":\"https:\/\/rdtestsystems.wpdrift.dev\/\",\"name\":\"R&amp;D Test Systems\",\"description\":\"Creating Value Through World-Class Engineering\",\"potentialAction\":[{\"@type\":\"SearchAction\",\"target\":{\"@type\":\"EntryPoint\",\"urlTemplate\":\"https:\/\/rdtestsystems.wpdrift.dev\/?s={search_term_string}\"},\"query-input\":{\"@type\":\"PropertyValueSpecification\",\"valueRequired\":true,\"valueName\":\"search_term_string\"}}],\"inLanguage\":\"da-DK\"}]}<\/script>\n<!-- \/ Yoast SEO plugin. -->","yoast_head_json":{"title":"Privatlivspolitik - R&amp;D Test Systems","robots":{"index":"noindex","follow":"nofollow"},"og_locale":"da_DK","og_type":"article","og_title":"Privatlivspolitik - R&amp;D Test Systems","og_url":"https:\/\/rdtestsystems.wpdrift.dev\/da\/privatlivspolitik\/","og_site_name":"R&amp;D Test Systems","article_modified_time":"2025-04-30T14:17:00+00:00","twitter_card":"summary_large_image","twitter_misc":{"Est. reading time":"6 minutes"},"schema":{"@context":"https:\/\/schema.org","@graph":[{"@type":"WebPage","@id":"https:\/\/rdtestsystems.wpdrift.dev\/da\/privatlivspolitik\/","url":"https:\/\/rdtestsystems.wpdrift.dev\/da\/privatlivspolitik\/","name":"Privatlivspolitik - R&amp;D Test Systems","isPartOf":{"@id":"https:\/\/rdtestsystems.wpdrift.dev\/#website"},"datePublished":"2020-04-20T12:09:00+00:00","dateModified":"2025-04-30T14:17:00+00:00","breadcrumb":{"@id":"https:\/\/rdtestsystems.wpdrift.dev\/da\/privatlivspolitik\/#breadcrumb"},"inLanguage":"da-DK","potentialAction":[{"@type":"ReadAction","target":["https:\/\/rdtestsystems.wpdrift.dev\/da\/privatlivspolitik\/"]}]},{"@type":"BreadcrumbList","@id":"https:\/\/rdtestsystems.wpdrift.dev\/da\/privatlivspolitik\/#breadcrumb","itemListElement":[{"@type":"ListItem","position":1,"name":"Home","item":"https:\/\/rdtestsystems.wpdrift.dev\/da\/"},{"@type":"ListItem","position":2,"name":"Privatlivspolitik"}]},{"@type":"WebSite","@id":"https:\/\/rdtestsystems.wpdrift.dev\/#website","url":"https:\/\/rdtestsystems.wpdrift.dev\/","name":"R&amp;D Test Systems","description":"Creating Value Through World-Class Engineering","potentialAction":[{"@type":"SearchAction","target":{"@type":"EntryPoint","urlTemplate":"https:\/\/rdtestsystems.wpdrift.dev\/?s={search_term_string}"},"query-input":{"@type":"PropertyValueSpecification","valueRequired":true,"valueName":"search_term_string"}}],"inLanguage":"da-DK"}]}},"app_templates_about_top_banner_image":"","app_templates_about_top_banner_video":"","app_templates_about_top_banner_subtitle":"","app_templates_about_top_banner_title":"","app_templates_about_modules_sections":[],"app_templates_about_clients_bg_color":"transparent","app_templates_about_clients_title":"","app_templates_about_clients_logos":[],"app_templates_about_clients_button":{"value":"","url":"","anchor":"","blank":0},"app_templates_contact_top_banner_image":"","app_templates_contact_top_banner_video":"","app_templates_contact_top_banner_subtitle":"","app_templates_contact_top_banner_title":"","app_templates_contact_legal_company_name":"","app_templates_contact_legal_street":"","app_templates_contact_legal_zip":"","app_templates_contact_legal_city":"","app_templates_contact_offices_title":"","app_templates_contact_offices_description":"","app_templates_contact_form_subjects":[],"app_templates_contact_modules_sections":[],"app_templates_homepage_top_slider_slides":[],"app_templates_homepage_modules_sections":[],"app_templates_modules_top_banner_image":"5440","app_templates_modules_top_banner_video":"","app_templates_modules_top_banner_subtitle":"","app_templates_modules_top_banner_title":"Privatlivspolitik","app_templates_modules_modules_sections":[{"_type":"text_columns","nav_title":"","bg_color":"transparent","title":"","text":"<h2>Hvem er R&amp;D Test Systems?<\/h2>\r\nTak for din interesse i R&amp;D Test Systems ApS (\"R&amp;D\", \"vi\", \"os\", \"vores\"). Hos R&amp;D behandler vi dine personoplysninger i en r\u00e6kke forskellige situationer.\r\n\r\nVi oplyser om vores behandling af dine personoplysninger, fordi vi er forpligtede hertil efter databeskyttelsesforordningen. Du kan nedenfor l\u00e6se om form\u00e5lene med og retsgrundlaget for behandlingen, samt se et overblik over modtagere og opbevaring af dine personoplysninger.\r\n<h2>Dataansvar<\/h2>\r\nR&amp;D er dataansvarlig for behandlingen af dine personoplysninger i forbindelse med\r\n\r\n(i)\u00a0 \u00a0 \u00a0din brug af vores hjemmeside (cookies),\r\n(ii)\u00a0 \u00a0 din kommunikation med os,\r\n(iii)\u00a0 \u00a0din modtagelse af vores newsletters og whitepapers, og\r\n(iv)\u00a0 \u00a0vores kundeadministration\r\n<h2>Form\u00e5l og retsgrundlag<\/h2>\r\n<em>(i) Brug af vores hjemmeside (cookies)<\/em>\r\n\r\nN\u00e5r du bes\u00f8ger vores hjemmeside, registrerer vi via cookies oplysninger om dine bes\u00f8g, herunder fx din adf\u00e6rd p\u00e5 hjemmesiden (dvs. hvilke sider, du har kigget p\u00e5), hvilken browser du bruger, din geografiske placering, hvilken IP adresse du bruger samt dine login-oplysninger (brugernavn og password). Disse oplysninger kan i nogle tilf\u00e6lde omfatte personoplysninger.\r\n\r\nVi registrerer oplysningerne for at kunne tilbyde en sikker, stabil og kundevenlig brugeroplevelse p\u00e5 hjemmesiden, samt for at f\u00f8re statistik over brugen af vores hjemmeside. Derudover behandles oplysningerne i visse tilf\u00e6lde for at kunne m\u00e5lrette markedsf\u00f8ring, baseret p\u00e5 brugerens adf\u00e6rd.\r\n\r\nRetsgrundlaget for behandlingen er\r\n<ul>\r\n \t<li>for n\u00f8dvendige funktionalitetscookies: Cookiebekendtg\u00f8relsens \u00a7 4, jf. databeskyttelsesforordningens artikel 6, stk. 1, litra f, idet vi forf\u00f8lger vores legitime interesse i at kunne opretholde funktionaliteten og sikkerheden p\u00e5 hjemmesiden, og<\/li>\r\n \t<li>for \u00f8vrige cookies: Cookiebekendtg\u00f8relsens \u00a7 3, jf. databeskyttelsesforordningens artikel 6, stk. 1, litra a, idet vi har indhentet dit samtykke.<\/li>\r\n<\/ul>\r\nDu kan l\u00e6se mere om vores brug af cookies i vores <strong>cookiepolitik<\/strong>\u00a0.\r\n\r\n<em>(ii) N\u00e5r du kommunikerer med os<\/em>\r\n\r\nHvis du som kunde, leverand\u00f8r eller andet kontakter os (fx via e-mail) vil din henvendelse ofte indeholde personoplysninger, s\u00e5som kontaktoplysninger, din tilknytning til en bestemt virksomhed eller andre personoplysninger, som du m\u00e5tte give os. I visse tilf\u00e6lde kan vi ogs\u00e5 modtage lignende personoplysninger om dig fra tredjemand, fx din arbejdsgiver.\r\n\r\nVi behandler oplysningerne for at kunne h\u00e5ndtere og besvare dine henvendelser og for at kommunikere med dig og den virksomhed, som du repr\u00e6senterer.\r\n\r\nRetsgrundlaget for vores behandling er databeskyttelsesforordningens artikel 6, stk. 1, litra f, idet vi forf\u00f8lger vores legitime interesse i at kunne besvare generelle henvendelser, samt opfylde en aftale, vi m\u00e5tte have indg\u00e5et med dig eller den virksomhed, du repr\u00e6senterer.\r\n\r\n<em>(iii) Elektroniske nyhedsbreve<\/em>\r\n\r\nN\u00e5r du tilmelder dig R&amp;D's newsletters og whitepapers registrer vi din e-mailadresse samt navn, virksomhed, land og dine emnepr\u00e6ferencer. Vi registrerer disse oplysninger med henblik p\u00e5 at kunne sende dig relevante nyheder og whitepapers. Retsgrundlaget for vores behandling er det samtykke, du har givet i overensstemmelse med markedsf\u00f8ringslovens \u00a7 10.\r\n\r\n<em>(iv) Kundeadministration (CRM)<\/em>\r\n\r\nHvis du selv er kunde eller repr\u00e6senterer en af vores kunder, kan vi registrere oplysninger om dig i vores CRM-system, herunder dit navn, dine kontaktoplysninger, samt oplysninger om din tilknytning til en bestemt virksomhed. Vi behandler disse oplysninger som led i vores daglige kundeadministration, herunder for at kunne opretholde kontakten og relationen til vores kunder.\r\n\r\nRetsgrundlaget for vores behandling er databeskyttelsesforordningens artikel 6, stk. 1, litra f, idet vi forf\u00f8lger vores legitime interesse i at kunne varetage den daglige kundeadministration og -relation, samt h\u00e5ndtere regnskabs-\/\u00f8konomiopgaver.\r\n<h2>Modtagere af dine personoplysninger<\/h2>\r\nVed brug af vores hjemmeside indsamles cookies, og personoplysninger indeholdt heri videregives til tredjeparter, hvis du har givet samtykket til vores brug af tredjepartscookies p\u00e5 hjemmesiden.\r\n\r\nN\u00e5r du kommunikerer med os, kan vi dele dine oplysninger med vores koncernforbundne selskaber.\r\n\r\nDerudover kan personoplysninger som m\u00e5tte indg\u00e5 i vores regnskabsmateriale (fx fakturaer) videregives til myndighederne, herunder SKAT.\r\n\r\nEndvidere kan de personoplysninger, som vi benytter i forbindelse med kundeadministration (CRM) blive delt med vores koncernforbundne selskaber.\r\n\r\nDesuden overlades dine personoplysninger til vores databehandlere. Der er indg\u00e5et databehandleraftaler med alle databehandlere.\r\n<h2><\/h2>\r\n<h2>Overf\u00f8rsel til tredjelande<\/h2>\r\nDine personoplysninger overf\u00f8res til USA. Overf\u00f8rselsgrundlaget er Europa-Kommissionens Standardkontraktbestemmelser, som vi har indg\u00e5et med vores koncernforbundne selskab, som er beliggende i USA.\r\n\r\nHvis du \u00f8nsker yderligere oplysninger om vores overf\u00f8rsel af personoplysninger uden for EU og E\u00d8S, herunder en kopi af de relevante sikkerhedsforanstaltninger mv., kan du anmode herom ved at kontakte p\u00e5 de oplysninger, som du finder i afsnittet \"Kontakt\" nedenfor.\r\n<h2>Opbevaring af dine personoplysninger<\/h2>\r\nVi bevarer kun dine personoplysninger, s\u00e5 l\u00e6nge det er n\u00f8dvendigt til at opfylde de form\u00e5l, hvortil vi har indsamlet oplysningerne, medmindre andet er fastsat ved lov.\r\n\r\nSlettefrister\r\n<ul>\r\n \t<li>Brug af vores hjemmeside (cookies): Oplysninger i forbindelse med vores anvendelse af cookies, slettes som udgangspunkt, n\u00e5r cookien bliver slettet fra din enhed, og afh\u00e6nger s\u00e5ledes af den konkrete cookie. Du kan l\u00e6se mere om de forskellige cookies, herunder levetiden samt mulighederne for deaktivering mv., i vores <strong>cookiepolitik<\/strong>.<\/li>\r\n \t<li>N\u00e5r du kommunikerer med os: Oplysninger, som indg\u00e5r i vores regnskabsmateriale (fx fakturaer) opbevares som udgangspunkt i [5] \u00e5r fra udgangen af det regnskabs\u00e5r, som oplysningerne relaterer sig til, i henhold til de bogf\u00f8ringsregler, vi er underlagt, jf. bl.a. bogf\u00f8ringslovens kapitel 5.\r\nDe personoplysninger vi behandler i forbindelse med vores generelle kommunikation med dig (s\u00e5som henvendelser via e-mail), slettes som udgangspunkt senest [12] \u00a0m\u00e5neder efter din seneste henvendelse er afsluttet\/f\u00e6rdigbehandlet.<\/li>\r\n \t<li>Elektroniske nyhedsbreve: Oplysninger relateret til udsendelse af newsletters og whitepapers slettes som udgangspunkt [2] \u00e5r efter udsendelse af den seneste e-mail, medmindre du forinden har trukket dit samtykke tilbage.<\/li>\r\n \t<li>Kundeadministration (CRM): Kundekontaktoplysninger i CRM-systemet, slettes som udgangspunkt [*] m\u00e5neder efter udgangen af det regnskabs\u00e5r, hvor kundeforholdet er endeligt oph\u00f8rt.<\/li>\r\n<\/ul>\r\nOplysningerne slettes i overensstemmelse med de ovenst\u00e5ende frister, medmindre vi har et konkret behov for at behandle oplysningerne i l\u00e6ngere tid, fx i forbindelse med en sag eller aftale.\r\n<h2>Dine rettigheder<\/h2>\r\nDu har efter databeskyttelsesforordningen en r\u00e6kke rettigheder i forhold til vores behandling af oplysninger om dig. Dem kan du l\u00e6se om herunder.\r\n\r\n<em>Retten til at tr\u00e6kke samtykke tilbage<\/em>\r\n\r\nI de situationer, hvor du har givet samtykke til vores behandling af dine personoplysninger, har du til enhver tid ret til at tr\u00e6kke dit samtykke tilbage. Det kan du g\u00f8re ved at kontakte os p\u00e5 de kontaktoplysninger, der fremg\u00e5r nedenfor under afsnittet \"Kontakt\".\r\n\r\nHvis du v\u00e6lger at tr\u00e6kke dit samtykke tilbage, p\u00e5virker det ikke lovligheden af vores behandling af dine personoplysninger p\u00e5 baggrund af dit tidligere meddelte samtykke og op til tidspunktet for tilbagetr\u00e6kningen. Hvis du tr\u00e6kker dit samtykke tilbage, har det derfor f\u00f8rst virkning fra dette tidspunkt.\r\n\r\n<em>Ret til at se oplysninger (indsigtsret)<\/em>\r\n\r\nDu har ret til at f\u00e5 indsigt i de oplysninger, som vi behandler om dig, samt en r\u00e6kke yderligere oplysninger.\r\n\r\n<em>Ret til berigtigelse (rettelse)<\/em>\r\n\r\nDu har ret til at f\u00e5 urigtige oplysninger om dig selv rettet.\r\n\r\n<em>Ret til sletning<\/em>\r\n\r\nI visse tilf\u00e6lde har du ret til at f\u00e5 slettet oplysninger om dig, inden tidspunktet for vores almindelige generelle sletning indtr\u00e6ffer.\r\n\r\n<em>Ret til begr\u00e6nsning af behandling<\/em>\r\n\r\nDu har visse tilf\u00e6lde ret til at f\u00e5 behandlingen af dine personoplysninger begr\u00e6nset. Hvis du har ret til at f\u00e5 begr\u00e6nset behandlingen, m\u00e5 vi fremover kun behandle oplysningerne \u2013 bortset fra opbevaring \u2013 med dit samtykke, eller med henblik p\u00e5 at retskrav kan fastl\u00e6gges, g\u00f8res g\u00e6ldende eller forsvares, eller for at beskytte en person eller vigtige samfundsinteresser.\r\n\r\n<em>Ret til indsigelse<\/em>\r\n\r\nDu har i visse tilf\u00e6lde ret til at g\u00f8re indsigelse mod vores ellers lovlige behandling af dine personoplysninger.\r\n\r\n<em>Ret til at transmittere oplysninger (dataportabilitet)<\/em>\r\n\r\nDu har i visse tilf\u00e6lde ret til at modtage dine personoplysninger i et struktureret, almindeligt anvendt og maskinl\u00e6sbart format samt at f\u00e5 overf\u00f8rt disse personoplysninger fra \u00e9n dataansvarlig til en anden uden hindring.\r\n<h2>Klage til Datatilsynet<\/h2>\r\nHvis du vil klage over vores behandling af dine personoplysninger, har du mulighed for at kontakte Datatilsynet p\u00e5 <a href=\"http:\/\/www.datatilsynet.dk\">www.datatilsynet.dk<\/a>.\r\n\r\nDu kan l\u00e6se mere om dine rettigheder i Datatilsynets vejledning om registreredes rettigheder, som du finder p\u00e5\u00a0 <a href=\"http:\/\/www.datatilsynet.dk\">www.datatilsynet.dk<\/a>.\r\n<h2>Kontakt<\/h2>\r\nDu er velkommen til at kontakte os, hvis du har sp\u00f8rgsm\u00e5l til beskyttelsen af dine personoplysninger, eller hvis du \u00f8nsker mere information om dine rettigheder. Du kan kontakte os p\u00e5 <a href=\"mailto:mail@rdas.dk\">mail@rdas.dk<\/a>. Eller via kontaktformularen p\u00e5 vores hjemmeside."}],"app_templates_modules_custom_backlink_link":{"value":"","url":"","anchor":"","blank":"0"},"app_templates_privacy_policy_top_banner_image":"","app_templates_privacy_policy_top_banner_video":"","app_templates_privacy_policy_top_banner_subtitle":"","app_templates_privacy_policy_top_banner_title":"","_links":{"self":[{"href":"https:\/\/rdtestsystems.wpdrift.dev\/da\/wp-json\/wp\/v2\/pages\/5436","targetHints":{"allow":["GET"]}}],"collection":[{"href":"https:\/\/rdtestsystems.wpdrift.dev\/da\/wp-json\/wp\/v2\/pages"}],"about":[{"href":"https:\/\/rdtestsystems.wpdrift.dev\/da\/wp-json\/wp\/v2\/types\/page"}],"author":[{"embeddable":true,"href":"https:\/\/rdtestsystems.wpdrift.dev\/da\/wp-json\/wp\/v2\/users\/14"}],"replies":[{"embeddable":true,"href":"https:\/\/rdtestsystems.wpdrift.dev\/da\/wp-json\/wp\/v2\/comments?post=5436"}],"version-history":[{"count":7,"href":"https:\/\/rdtestsystems.wpdrift.dev\/da\/wp-json\/wp\/v2\/pages\/5436\/revisions"}],"predecessor-version":[{"id":17948,"href":"https:\/\/rdtestsystems.wpdrift.dev\/da\/wp-json\/wp\/v2\/pages\/5436\/revisions\/17948"}],"wp:attachment":[{"href":"https:\/\/rdtestsystems.wpdrift.dev\/da\/wp-json\/wp\/v2\/media?parent=5436"}],"curies":[{"name":"wp","href":"https:\/\/api.w.org\/{rel}","templated":true}]}}