{"id":4978,"date":"2018-11-12T07:23:43","date_gmt":"2018-11-12T06:23:43","guid":{"rendered":"https:\/\/www.rd-as.com\/blade-test-equipment\/"},"modified":"2024-10-31T14:52:31","modified_gmt":"2024-10-31T13:52:31","slug":"vingetest","status":"publish","type":"page","link":"https:\/\/rdtestsystems.wpdrift.dev\/da\/vingetest\/","title":{"rendered":"Vingetest"},"content":{"rendered":"","protected":false},"excerpt":{"rendered":"","protected":false},"author":1,"featured_media":0,"parent":0,"menu_order":8,"comment_status":"closed","ping_status":"closed","template":"views\/template-modules.blade.php","meta":{"footnotes":""},"class_list":["post-4978","page","type-page","status-publish","hentry"],"yoast_head":"<!-- This site is optimized with the Yoast SEO plugin v25.7 - https:\/\/yoast.com\/wordpress\/plugins\/seo\/ -->\n<title>R&amp;D Test Systems - Testsystemer til test af vindm\u00f8llevinger<\/title>\n<meta name=\"description\" content=\"Testsystemer til vindm\u00f8llevinger i henhold til den internationale standard IEC 61400-23.\" \/>\n<meta name=\"robots\" content=\"noindex, follow, max-snippet:-1, max-image-preview:large, max-video-preview:-1\" \/>\n<meta property=\"og:locale\" content=\"da_DK\" \/>\n<meta property=\"og:type\" content=\"article\" \/>\n<meta property=\"og:title\" content=\"R&amp;D Test Systems - Testsystemer til test af vindm\u00f8llevinger\" \/>\n<meta property=\"og:description\" content=\"Testsystemer til vindm\u00f8llevinger i henhold til den internationale standard IEC 61400-23.\" \/>\n<meta property=\"og:url\" content=\"https:\/\/rdtestsystems.wpdrift.dev\/da\/vingetest\/\" \/>\n<meta property=\"og:site_name\" content=\"R&amp;D Test Systems\" \/>\n<meta property=\"article:modified_time\" content=\"2024-10-31T13:52:31+00:00\" \/>\n<meta name=\"twitter:card\" content=\"summary_large_image\" \/>\n<meta name=\"twitter:label1\" content=\"Est. reading time\" \/>\n\t<meta name=\"twitter:data1\" content=\"2 minutes\" \/>\n<script type=\"application\/ld+json\" class=\"yoast-schema-graph\">{\"@context\":\"https:\/\/schema.org\",\"@graph\":[{\"@type\":\"WebPage\",\"@id\":\"https:\/\/rdtestsystems.wpdrift.dev\/da\/vingetest\/\",\"url\":\"https:\/\/rdtestsystems.wpdrift.dev\/da\/vingetest\/\",\"name\":\"R&D Test Systems - Testsystemer til test af vindm\u00f8llevinger\",\"isPartOf\":{\"@id\":\"https:\/\/rdtestsystems.wpdrift.dev\/#website\"},\"datePublished\":\"2018-11-12T06:23:43+00:00\",\"dateModified\":\"2024-10-31T13:52:31+00:00\",\"description\":\"Testsystemer til vindm\u00f8llevinger i henhold til den internationale standard IEC 61400-23.\",\"breadcrumb\":{\"@id\":\"https:\/\/rdtestsystems.wpdrift.dev\/da\/vingetest\/#breadcrumb\"},\"inLanguage\":\"da-DK\",\"potentialAction\":[{\"@type\":\"ReadAction\",\"target\":[\"https:\/\/rdtestsystems.wpdrift.dev\/da\/vingetest\/\"]}]},{\"@type\":\"BreadcrumbList\",\"@id\":\"https:\/\/rdtestsystems.wpdrift.dev\/da\/vingetest\/#breadcrumb\",\"itemListElement\":[{\"@type\":\"ListItem\",\"position\":1,\"name\":\"Home\",\"item\":\"https:\/\/rdtestsystems.wpdrift.dev\/da\/\"},{\"@type\":\"ListItem\",\"position\":2,\"name\":\"Vingetest\"}]},{\"@type\":\"WebSite\",\"@id\":\"https:\/\/rdtestsystems.wpdrift.dev\/#website\",\"url\":\"https:\/\/rdtestsystems.wpdrift.dev\/\",\"name\":\"R&amp;D Test Systems\",\"description\":\"Creating Value Through World-Class Engineering\",\"potentialAction\":[{\"@type\":\"SearchAction\",\"target\":{\"@type\":\"EntryPoint\",\"urlTemplate\":\"https:\/\/rdtestsystems.wpdrift.dev\/?s={search_term_string}\"},\"query-input\":{\"@type\":\"PropertyValueSpecification\",\"valueRequired\":true,\"valueName\":\"search_term_string\"}}],\"inLanguage\":\"da-DK\"}]}<\/script>\n<!-- \/ Yoast SEO plugin. -->","yoast_head_json":{"title":"R&D Test Systems - Testsystemer til test af vindm\u00f8llevinger","description":"Testsystemer til vindm\u00f8llevinger i henhold til den internationale standard IEC 61400-23.","robots":{"index":"noindex","follow":"follow","max-snippet":"max-snippet:-1","max-image-preview":"max-image-preview:large","max-video-preview":"max-video-preview:-1"},"og_locale":"da_DK","og_type":"article","og_title":"R&D Test Systems - Testsystemer til test af vindm\u00f8llevinger","og_description":"Testsystemer til vindm\u00f8llevinger i henhold til den internationale standard IEC 61400-23.","og_url":"https:\/\/rdtestsystems.wpdrift.dev\/da\/vingetest\/","og_site_name":"R&amp;D Test Systems","article_modified_time":"2024-10-31T13:52:31+00:00","twitter_card":"summary_large_image","twitter_misc":{"Est. reading time":"2 minutes"},"schema":{"@context":"https:\/\/schema.org","@graph":[{"@type":"WebPage","@id":"https:\/\/rdtestsystems.wpdrift.dev\/da\/vingetest\/","url":"https:\/\/rdtestsystems.wpdrift.dev\/da\/vingetest\/","name":"R&D Test Systems - Testsystemer til test af vindm\u00f8llevinger","isPartOf":{"@id":"https:\/\/rdtestsystems.wpdrift.dev\/#website"},"datePublished":"2018-11-12T06:23:43+00:00","dateModified":"2024-10-31T13:52:31+00:00","description":"Testsystemer til vindm\u00f8llevinger i henhold til den internationale standard IEC 61400-23.","breadcrumb":{"@id":"https:\/\/rdtestsystems.wpdrift.dev\/da\/vingetest\/#breadcrumb"},"inLanguage":"da-DK","potentialAction":[{"@type":"ReadAction","target":["https:\/\/rdtestsystems.wpdrift.dev\/da\/vingetest\/"]}]},{"@type":"BreadcrumbList","@id":"https:\/\/rdtestsystems.wpdrift.dev\/da\/vingetest\/#breadcrumb","itemListElement":[{"@type":"ListItem","position":1,"name":"Home","item":"https:\/\/rdtestsystems.wpdrift.dev\/da\/"},{"@type":"ListItem","position":2,"name":"Vingetest"}]},{"@type":"WebSite","@id":"https:\/\/rdtestsystems.wpdrift.dev\/#website","url":"https:\/\/rdtestsystems.wpdrift.dev\/","name":"R&amp;D Test Systems","description":"Creating Value Through World-Class Engineering","potentialAction":[{"@type":"SearchAction","target":{"@type":"EntryPoint","urlTemplate":"https:\/\/rdtestsystems.wpdrift.dev\/?s={search_term_string}"},"query-input":{"@type":"PropertyValueSpecification","valueRequired":true,"valueName":"search_term_string"}}],"inLanguage":"da-DK"}]}},"app_templates_about_top_banner_image":"","app_templates_about_top_banner_video":"","app_templates_about_top_banner_subtitle":"","app_templates_about_top_banner_title":"","app_templates_about_modules_sections":[],"app_templates_about_clients_bg_color":"transparent","app_templates_about_clients_title":"","app_templates_about_clients_logos":[],"app_templates_about_clients_button":{"value":"","url":"","anchor":"","blank":0},"app_templates_contact_top_banner_image":"","app_templates_contact_top_banner_video":"","app_templates_contact_top_banner_subtitle":"","app_templates_contact_top_banner_title":"","app_templates_contact_legal_company_name":"","app_templates_contact_legal_street":"","app_templates_contact_legal_zip":"","app_templates_contact_legal_city":"","app_templates_contact_offices_title":"","app_templates_contact_offices_description":"","app_templates_contact_form_subjects":[],"app_templates_contact_modules_sections":[],"app_templates_homepage_top_slider_slides":[],"app_templates_homepage_modules_sections":[],"app_templates_modules_top_banner_image":"11719","app_templates_modules_top_banner_video":"","app_templates_modules_top_banner_subtitle":"Test Systems","app_templates_modules_top_banner_title":"Vingetest","app_templates_modules_modules_sections":[{"_type":"content","nav_title":"Intro","bg_color":"transparent","title":"Testfaciliteter til vindm\u00f8llevinger","body":"Vindm\u00f8llevinger uds\u00e6ttes for b\u00e5de aerodynamiske belastninger og inertielle belastninger, hvilket f\u00e5r dem til at b\u00f8je og vride sig i forskellige retninger. Eftersom vingernes dimensioner og proportioner bliver st\u00f8rre og st\u00f8rre, stiller det nye krav til testudstyret.\r\n\r\nVores dybdeg\u00e5ende kendskab g\u00f8r os i stand til at hj\u00e6lpe dig med at v\u00e6lge den mest passende form for test; fra et standardiseret testsystem til et skr\u00e6ddersyet anl\u00e6g.","text_align":"center"},{"_type":"text_image","nav_title":"Udmattelsestestsystem","bg_color":"light","title":"Udmattelsestestsystem til vindm\u00f8llevinger","preface":"","image":"17191","video":"","autoplay":false,"position":"right","content":"Alle vores testsystemer giver dig mulighed for at verificere dine vindm\u00f8llevinger i henhold til den internationale standard IEC 61400-23. Testsystemet er modul\u00e6rt opbygget og kan p\u00e5 samme tid p\u00e5f\u00f8re b\u00e5de flap- og kantbelastninger, hvilket reducerer kundernes time to market ved at undg\u00e5 omstillingstid. Systemet kan bruges som en enkelt enhed til at teste flap- eller kantudmattelse, eller to enheder kan kombineres for at opn\u00e5 flerakset funktionalitet eller meget store belastninger i \u00e9n retning.\r\n\r\nDette giver en mere realistisk udmattelsestest. Systemet udnytter alle fordelene ved et elektrisk drevet system, s\u00e5som h\u00f8j effektivitet og pr\u00e6cis kontrol.\r\n\r\nVores patenterede backlash-fri system eliminerer de typiske problemer med tilbageslag i traditionelle geartransmissioner og sikrer en j\u00e6vn drift og belastningsp\u00e5f\u00f8ring. Excitersystemet er en alt-i-en-enhed, som kun kr\u00e6ver elektrisk tilslutning, hvilket g\u00f8r det fleksibelt og nemt at integrere.\r\n\r\nVi har udviklet et fuldskala, multiakset testsystem til tr\u00e6thedstest af blade op til 130 meter. Systemet er allerede solgt til <a href=\"https:\/\/rdtestsystems.wpdrift.dev\/insights\/new-test-method-will-reduce-time-to-market-for-large-wind-turbine-blades\/\">Blaest<\/a> i Danmark, <a href=\"https:\/\/rdtestsystems.wpdrift.dev\/insights\/new-test-bench-can-test-wind-turbine-blades-up-to-130-meters-long\/\">WTTC<\/a> in the USA, and\u00a0<a href=\"https:\/\/rdtestsystems.wpdrift.dev\/insights\/new-blade-exciter-for-nwetc-capable-of-testing-120-meter-blades\/\">NWETC<\/a> in Kina.","button":{"value":"","url":"\/da\/cases\/dual-axis-exciter\/","anchor":"L\u00e6s mere om R&D's Dual Axis Exciter","blank":"0"},"button_color":"btn-primary","services":[]},{"_type":"stats","nav_title":"Specifikationer","bg_color":"transparent","title":"Specifikationer","description":"","stats":[{"_type":"_","metric":"240","unit":"kN","title":"Kraftp\u00e5virkning p\u00e5 vinge"},{"_type":"_","metric":"440","unit":"kW","title":"Excitationskraft"},{"_type":"_","metric":"0.15 - 1","unit":"Hz","title":"Excitationsfrekvens"},{"_type":"_","metric":"3,800","unit":"mm","title":"Vertikal forskydning"}]},{"_type":"image_banner","nav_title":"Fordele","bg_color":"transparent","image":"12565","pretitle":"","title":"Fordele","description":"<ul>\r\n \t<li>H\u00f8j effektivitet (85 %) giver lave driftsomkostninger og et lavt CO2-aftryk<\/li>\r\n \t<li>Modulopbygget system, der d\u00e6kker mange forskellige testsituationer<\/li>\r\n \t<li>Patenteret backlash-fri transmission<\/li>\r\n \t<li>Brugervenligt interface med alle n\u00f8dvendige kontrolalgoritmer<\/li>\r\n \t<li>Flerakset funktionalitet, som reducerer time to market<\/li>\r\n \t<li>Paralleldrift, der g\u00f8r det muligt at excitere store vinger (&gt;120 m) med \u00e9n aksial belastning<\/li>\r\n \t<li>St\u00f8jsvag drift<\/li>\r\n<\/ul>","button":{"value":"","url":"","anchor":"","blank":"0"},"button_color":"btn-primary","services":[],"height":"short"},{"_type":"video-module","nav_title":"Video","bg_color":"transparent","title":"R&D Test Systems: Dual Axis Exciter","description":" Se den nye Dual Axis Exciter i Flap mode, Edge mode og Chaotic mode i en flerakset udmattelsestest i fuld skala.","video":"","embed":"https:\/\/youtu.be\/ZW-fIgRNdoQ","video_size":"md"},{"_type":"related_insights","nav_title":"","bg_color":"light","title":"","description":"","post_types":"insights","insights":[{"value":"post:insights:15790","type":"post","subtype":"insights","id":"15790"},{"value":"post:insights:16469","type":"post","subtype":"insights","id":"16469"},{"value":"post:insights:13529","type":"post","subtype":"insights","id":"13529"}],"insights_posttype":[],"cases":[]},{"_type":"contact","nav_title":"Kontakt","bg_color":"transparent","title":"Hvordan kan vi hj\u00e6lpe dig?","description":"Kontakt os for yderligere information om vores testsetup til vindm\u00f8llevinger. ","show_categories":false,"form_text":"N\u00e5r du indsender kontaktformularen, bekr\u00e6fter du samtidig, at du har l\u00e6st og accepteret vores privatlivspolitik.","subjects":[],"employees":[{"value":"post:employees:13783","type":"post","subtype":"employees","id":"13783"}],"hide_responsibilities":false}],"app_templates_modules_custom_backlink_link":{"value":"","url":"","anchor":"","blank":"0"},"app_templates_privacy_policy_top_banner_image":"","app_templates_privacy_policy_top_banner_video":"","app_templates_privacy_policy_top_banner_subtitle":"","app_templates_privacy_policy_top_banner_title":"","_links":{"self":[{"href":"https:\/\/rdtestsystems.wpdrift.dev\/da\/wp-json\/wp\/v2\/pages\/4978","targetHints":{"allow":["GET"]}}],"collection":[{"href":"https:\/\/rdtestsystems.wpdrift.dev\/da\/wp-json\/wp\/v2\/pages"}],"about":[{"href":"https:\/\/rdtestsystems.wpdrift.dev\/da\/wp-json\/wp\/v2\/types\/page"}],"author":[{"embeddable":true,"href":"https:\/\/rdtestsystems.wpdrift.dev\/da\/wp-json\/wp\/v2\/users\/1"}],"replies":[{"embeddable":true,"href":"https:\/\/rdtestsystems.wpdrift.dev\/da\/wp-json\/wp\/v2\/comments?post=4978"}],"version-history":[{"count":12,"href":"https:\/\/rdtestsystems.wpdrift.dev\/da\/wp-json\/wp\/v2\/pages\/4978\/revisions"}],"predecessor-version":[{"id":17203,"href":"https:\/\/rdtestsystems.wpdrift.dev\/da\/wp-json\/wp\/v2\/pages\/4978\/revisions\/17203"}],"wp:attachment":[{"href":"https:\/\/rdtestsystems.wpdrift.dev\/da\/wp-json\/wp\/v2\/media?parent=4978"}],"curies":[{"name":"wp","href":"https:\/\/api.w.org\/{rel}","templated":true}]}}