{"id":4809,"date":"2019-10-10T10:47:07","date_gmt":"2019-10-10T08:47:07","guid":{"rendered":"https:\/\/www.rd-as.com\/?page_id=4809"},"modified":"2021-10-13T12:36:58","modified_gmt":"2021-10-13T10:36:58","slug":"graesproteinfabrik","status":"publish","type":"page","link":"https:\/\/rdtestsystems.wpdrift.dev\/da\/graesproteinfabrik\/","title":{"rendered":"Gr\u00e6sproteinfabrik"},"content":{"rendered":"","protected":false},"excerpt":{"rendered":"","protected":false},"author":14,"featured_media":0,"parent":0,"menu_order":13,"comment_status":"closed","ping_status":"closed","template":"views\/template-modules.blade.php","meta":{"footnotes":""},"class_list":["post-4809","page","type-page","status-publish","hentry"],"yoast_head":"<!-- This site is optimized with the Yoast SEO plugin v25.7 - https:\/\/yoast.com\/wordpress\/plugins\/seo\/ -->\n<title>Gr\u00e6sproteinfabrik - \u00d8g din klimavenlighed med protein udvundet af gr\u00e6s<\/title>\n<meta name=\"description\" content=\"R&amp;D har udviklet en fabrik, der kan udvinde protein fra gr\u00e6s, hvilket tilbyder det danske landbrug et mere klimavenligt alternativ til sojaprotein.\" \/>\n<meta name=\"robots\" content=\"noindex, follow, max-snippet:-1, max-image-preview:large, max-video-preview:-1\" \/>\n<meta property=\"og:locale\" content=\"da_DK\" \/>\n<meta property=\"og:type\" content=\"article\" \/>\n<meta property=\"og:title\" content=\"Gr\u00e6sproteinfabrik - \u00d8g din klimavenlighed med protein udvundet af gr\u00e6s\" \/>\n<meta property=\"og:description\" content=\"R&amp;D har udviklet en fabrik, der kan udvinde protein fra gr\u00e6s, hvilket tilbyder det danske landbrug et mere klimavenligt alternativ til sojaprotein.\" \/>\n<meta property=\"og:url\" content=\"https:\/\/rdtestsystems.wpdrift.dev\/da\/graesproteinfabrik\/\" \/>\n<meta property=\"og:site_name\" content=\"R&amp;D Test Systems\" \/>\n<meta property=\"article:modified_time\" content=\"2021-10-13T10:36:58+00:00\" \/>\n<meta name=\"twitter:card\" content=\"summary_large_image\" \/>\n<script type=\"application\/ld+json\" class=\"yoast-schema-graph\">{\"@context\":\"https:\/\/schema.org\",\"@graph\":[{\"@type\":\"WebPage\",\"@id\":\"https:\/\/rdtestsystems.wpdrift.dev\/da\/graesproteinfabrik\/\",\"url\":\"https:\/\/rdtestsystems.wpdrift.dev\/da\/graesproteinfabrik\/\",\"name\":\"Gr\u00e6sproteinfabrik - \u00d8g din klimavenlighed med protein udvundet af gr\u00e6s\",\"isPartOf\":{\"@id\":\"https:\/\/rdtestsystems.wpdrift.dev\/#website\"},\"datePublished\":\"2019-10-10T08:47:07+00:00\",\"dateModified\":\"2021-10-13T10:36:58+00:00\",\"description\":\"R&D har udviklet en fabrik, der kan udvinde protein fra gr\u00e6s, hvilket tilbyder det danske landbrug et mere klimavenligt alternativ til sojaprotein.\",\"breadcrumb\":{\"@id\":\"https:\/\/rdtestsystems.wpdrift.dev\/da\/graesproteinfabrik\/#breadcrumb\"},\"inLanguage\":\"da-DK\",\"potentialAction\":[{\"@type\":\"ReadAction\",\"target\":[\"https:\/\/rdtestsystems.wpdrift.dev\/da\/graesproteinfabrik\/\"]}]},{\"@type\":\"BreadcrumbList\",\"@id\":\"https:\/\/rdtestsystems.wpdrift.dev\/da\/graesproteinfabrik\/#breadcrumb\",\"itemListElement\":[{\"@type\":\"ListItem\",\"position\":1,\"name\":\"Home\",\"item\":\"https:\/\/rdtestsystems.wpdrift.dev\/da\/\"},{\"@type\":\"ListItem\",\"position\":2,\"name\":\"Gr\u00e6sproteinfabrik\"}]},{\"@type\":\"WebSite\",\"@id\":\"https:\/\/rdtestsystems.wpdrift.dev\/#website\",\"url\":\"https:\/\/rdtestsystems.wpdrift.dev\/\",\"name\":\"R&amp;D Test Systems\",\"description\":\"Creating Value Through World-Class Engineering\",\"potentialAction\":[{\"@type\":\"SearchAction\",\"target\":{\"@type\":\"EntryPoint\",\"urlTemplate\":\"https:\/\/rdtestsystems.wpdrift.dev\/?s={search_term_string}\"},\"query-input\":{\"@type\":\"PropertyValueSpecification\",\"valueRequired\":true,\"valueName\":\"search_term_string\"}}],\"inLanguage\":\"da-DK\"}]}<\/script>\n<!-- \/ Yoast SEO plugin. -->","yoast_head_json":{"title":"Gr\u00e6sproteinfabrik - \u00d8g din klimavenlighed med protein udvundet af gr\u00e6s","description":"R&D har udviklet en fabrik, der kan udvinde protein fra gr\u00e6s, hvilket tilbyder det danske landbrug et mere klimavenligt alternativ til sojaprotein.","robots":{"index":"noindex","follow":"follow","max-snippet":"max-snippet:-1","max-image-preview":"max-image-preview:large","max-video-preview":"max-video-preview:-1"},"og_locale":"da_DK","og_type":"article","og_title":"Gr\u00e6sproteinfabrik - \u00d8g din klimavenlighed med protein udvundet af gr\u00e6s","og_description":"R&D har udviklet en fabrik, der kan udvinde protein fra gr\u00e6s, hvilket tilbyder det danske landbrug et mere klimavenligt alternativ til sojaprotein.","og_url":"https:\/\/rdtestsystems.wpdrift.dev\/da\/graesproteinfabrik\/","og_site_name":"R&amp;D Test Systems","article_modified_time":"2021-10-13T10:36:58+00:00","twitter_card":"summary_large_image","schema":{"@context":"https:\/\/schema.org","@graph":[{"@type":"WebPage","@id":"https:\/\/rdtestsystems.wpdrift.dev\/da\/graesproteinfabrik\/","url":"https:\/\/rdtestsystems.wpdrift.dev\/da\/graesproteinfabrik\/","name":"Gr\u00e6sproteinfabrik - \u00d8g din klimavenlighed med protein udvundet af gr\u00e6s","isPartOf":{"@id":"https:\/\/rdtestsystems.wpdrift.dev\/#website"},"datePublished":"2019-10-10T08:47:07+00:00","dateModified":"2021-10-13T10:36:58+00:00","description":"R&D har udviklet en fabrik, der kan udvinde protein fra gr\u00e6s, hvilket tilbyder det danske landbrug et mere klimavenligt alternativ til sojaprotein.","breadcrumb":{"@id":"https:\/\/rdtestsystems.wpdrift.dev\/da\/graesproteinfabrik\/#breadcrumb"},"inLanguage":"da-DK","potentialAction":[{"@type":"ReadAction","target":["https:\/\/rdtestsystems.wpdrift.dev\/da\/graesproteinfabrik\/"]}]},{"@type":"BreadcrumbList","@id":"https:\/\/rdtestsystems.wpdrift.dev\/da\/graesproteinfabrik\/#breadcrumb","itemListElement":[{"@type":"ListItem","position":1,"name":"Home","item":"https:\/\/rdtestsystems.wpdrift.dev\/da\/"},{"@type":"ListItem","position":2,"name":"Gr\u00e6sproteinfabrik"}]},{"@type":"WebSite","@id":"https:\/\/rdtestsystems.wpdrift.dev\/#website","url":"https:\/\/rdtestsystems.wpdrift.dev\/","name":"R&amp;D Test Systems","description":"Creating Value Through World-Class Engineering","potentialAction":[{"@type":"SearchAction","target":{"@type":"EntryPoint","urlTemplate":"https:\/\/rdtestsystems.wpdrift.dev\/?s={search_term_string}"},"query-input":{"@type":"PropertyValueSpecification","valueRequired":true,"valueName":"search_term_string"}}],"inLanguage":"da-DK"}]}},"app_templates_about_top_banner_image":"","app_templates_about_top_banner_video":"","app_templates_about_top_banner_subtitle":"","app_templates_about_top_banner_title":"","app_templates_about_modules_sections":[],"app_templates_about_clients_bg_color":"transparent","app_templates_about_clients_title":"","app_templates_about_clients_logos":[],"app_templates_about_clients_button":{"value":"","url":"","anchor":"","blank":0},"app_templates_contact_top_banner_image":"","app_templates_contact_top_banner_video":"","app_templates_contact_top_banner_subtitle":"","app_templates_contact_top_banner_title":"","app_templates_contact_legal_company_name":"","app_templates_contact_legal_street":"","app_templates_contact_legal_zip":"","app_templates_contact_legal_city":"","app_templates_contact_offices_title":"","app_templates_contact_offices_description":"","app_templates_contact_form_subjects":[],"app_templates_contact_modules_sections":[],"app_templates_homepage_top_slider_slides":[],"app_templates_homepage_modules_sections":[],"app_templates_modules_top_banner_image":"7526","app_templates_modules_top_banner_video":"","app_templates_modules_top_banner_subtitle":"Engineering & Automation ","app_templates_modules_top_banner_title":"Gr\u00e6sproteinfabrik: udvind protein af gr\u00e6s","app_templates_modules_modules_sections":[{"_type":"info_banner","nav_title":"Om","bg_color":"transparent","image":"5500","video":"","pretitle":"","title":"\u00d8g dit udbytte og din klimavenlighed med proteinfoder udvundet fra gr\u00e6s","preface":"Landbruget har fokus p\u00e5 b\u00e6redygtig produktion, hvor de blandt andet er udfordret af importen af soja fra Sydamerika og Asien.\r\n","content":"R&amp;D har i samarbejde med <a href=\"https:\/\/www.seges.dk\/da-dk\" target=\"_blank\" rel=\"noopener\">SEGES<\/a>, <a href=\"https:\/\/www.vja.dk\/\" target=\"_blank\" rel=\"noopener\">Vestjyllands Andel<\/a> og <a href=\"https:\/\/ausumgaard.dk\/\" target=\"_blank\" rel=\"noopener\">Ausumgaard<\/a> udviklet en fabrik, der kan udvinde protein fra gr\u00e6s, hvilket tilbyder danske grise- og fjerkr\u00e6sopdr\u00e6ttere et mere klimavenligt alternativ til sojaprotein, som p\u00e5 nuv\u00e6rende tidspunkt importeres fra Sydamerika og Asien.\r\n\r\nFabrikken til Ausumgaard bliver den f\u00f8rste af sin slags i Danmark og vil sikrer en ny produktionslinje af b\u00e6redygtigt og lokalt produceret, high-end proteinfoder.\r\n\r\nProjektet har f\u00e5et tilskud fra Gr\u00f8nt Udviklings- og Demonstrationsprogram (GUDP) under MIlj\u00f8- og F\u00f8devareministeriet.","button":{"value":"","url":"","anchor":"","blank":"0"},"button_color":"btn-wh","services":[],"position":"right","background_color":"semi-white"},{"_type":"video-module","nav_title":"Fordelene","bg_color":"transparent","title":"Fordelene ved gr\u00e6sproteinfabrikken","description":"Se videoen og f\u00e5 indsigt i fordelene ved gr\u00e6sproteinfabrikken","video":"4591","embed":"","video_size":"screen"},{"_type":"timeline","nav_title":"Processen","bg_color":"light","title":"Processen for udvinding af protein fra gr\u00e6s ","description":"","items":[{"_type":"_","label":"H\u00f8st","title":"","description":"H\u00f8stning af gr\u00e6sset"},{"_type":"_","label":"Snitning","title":"","description":"Snitning og presning af gr\u00e6sset.\r\nDet forarbejdede gr\u00e6s bliver brugt som foder til kv\u00e6g."},{"_type":"_","label":"Kompression","title":"","description":"Kompression af gr\u00e6sset"},{"_type":"_","label":"Gr\u00f8n juice","title":"","description":"Juicen gennemg\u00e5r enten g\u00e6ring eller varmebehandling"},{"_type":"_","label":"Rensning","title":"","description":"Rensning af gr\u00e6sset"},{"_type":"_","label":"Centrifugering","title":"","description":"Centrifugering af den behandlede gr\u00f8nne juice.\r\nDen resterende juice(brun juice) bliver brugt til produktion af biogas, marken eller yderligere behandling."},{"_type":"_","label":"Proteinpasta","title":"","description":""},{"_type":"_","label":"T\u00f8ring","title":"","description":"T\u00f8ring af proteinpasta"},{"_type":"_","label":"Proteinpulver","title":"","description":""},{"_type":"_","label":"Foder","title":"","description":"Proteinpulveret bliver blandet i foderet, som prim\u00e6rt henvender sig til grise og fjerkr\u00e6."}]},{"_type":"text_image","nav_title":"","bg_color":"transparent","title":"Fordelene ved gr\u00e6smarker","preface":"","image":"4575","video":"","autoplay":true,"position":"right","content":"Proteinet fra gr\u00e6s kan forbedre kv\u00e6g-, grise- og fjerkr\u00e6sproducenternes klimavenlighed betydeligt. Dertil kan gr\u00e6smarker ogs\u00e5 resultere i en mere b\u00e6redygtig og bedre udnyttelse af omr\u00e5derne. Fordelene inkluderer:\r\n<ul>\r\n \t<li>Minimerer ukrudt ved vekseldrift uden brug af pesticider<\/li>\r\n \t<li>Hj\u00e6lper jorden med at absorbere vand ved kraftig regn<\/li>\r\n \t<li>Tilbageholder vand i t\u00f8rkeperioder<\/li>\r\n \t<li>4 x h\u00f8stning p\u00e5 en periode p\u00e5 6 m\u00e5neder<\/li>\r\n<\/ul>","button":{"value":"","url":"https:\/\/www.youtube.com\/watch?v=_WPRAcYnpCI","anchor":"Interview med \u00f8kologisk griseproducent","blank":"0"},"button_color":"btn-primary","services":[]},{"_type":"text_columns","nav_title":"","bg_color":"transparent","title":"Hvordan gr\u00e6s bidrager til produktion af \u00f8kologisk biogas","text":"Foruden at man kan udvinde protein fra gr\u00e6s, kan fabrikken ogs\u00e5 bidrage til produktionen af \u00f8kologisk biogas.\r\n\r\nFabrikken bruger biprodukterne (presset gr\u00e6s osv.) til at for\u00f8ge produktionen af biogas. Det vil sikre optimal udnyttelse af biprodukterne fra produktionen af \u00f8kologisk gr\u00e6s protein, da det vil indg\u00e5 i recirkulering og en b\u00e6redygtig cyklus. Det tilbagev\u00e6rende t\u00f8rre materiale og v\u00e6ske bliver forvandlet til gr\u00f8n energi gennem biogasfabrikken. De efterf\u00f8lgende rester bliver spredt ud over gr\u00e6smarkerne, hvor de igen vil blive en del af recirkulationen."},{"_type":"video-module","nav_title":"Case: Gr\u00e6sproteinfabrik til Ausumgaard","bg_color":"transparent","title":"Bag kulisserne i udviklingen af den f\u00f8rste fabrik","description":"Kristian Lundgaard-Karlsh\u00f8j, ejeren af Ausumgaard, fort\u00e6ller fordelene ved at udvinde protein fra gr\u00e6s til \u00f8kologisk landbrug og b\u00e6redygtighed.","video":"4627","embed":"","video_size":"screen"},{"_type":"accordion","nav_title":"","bg_color":"light","title":"Gr\u00f8n bioraffinering i praksis","description":"Erfaringer fra Ausumgaard-anl\u00e6ggets f\u00f8rste \u00e5r. Pr\u00e6sentationer vist p\u00e5 informationsm\u00f8de p\u00e5 Ausumgaard den 29. september 2021. ","items":[{"_type":"_","industries":[],"title":"Forventet produktion af gr\u00e6sprotein og biogas mm. Erfaringer fra det f\u00f8rste \u00e5r","image":"","preface":"","text":"","button":{"value":"","url":"\/app\/uploads\/2021\/10\/Produktionserfaringer-Ausumgaard_Gron-bioraffinering-i-praksis_29092021.pdf","anchor":"v\/ Lars Villadsgaard Toft, SEGES ","blank":"0"}},{"_type":"_","industries":[],"title":"Landmandens \u00f8konomi i forbindelse med gr\u00e6sprotein","image":"","preface":"","text":"","button":{"value":"","url":"\/app\/uploads\/2021\/10\/Landmandens-okonomi-med-graesprotein_Gron-bioraffinering-i-praksis_29092021.pdf","anchor":"v\/ Jacob Krog, SEGES ","blank":"0"}},{"_type":"_","industries":[],"title":"Kvaliteten af gr\u00e6sprotein til foder. Gr\u00e6sproteinets andel i foderet og forventning til gr\u00e6sproteinets betydning i fremtidens foderforsyning","image":"","preface":"","text":"","button":{"value":"","url":"\/app\/uploads\/2021\/10\/Graesprotein-til-foder-Gron-bioraffinering-i-praksis_29092021.pdf","anchor":"v\/ Kristian Knage-Drangsfeldt, Vestjyllands Andel ","blank":"0"}},{"_type":"_","industries":[],"title":"Erfaring med at fodre med gr\u00e6sprotein og perspektiver for \u00f8kologiske griseproducenter","image":"","preface":"","text":"","button":{"value":"","url":"\/app\/uploads\/2021\/10\/Erfaringer-med-graesprotein-som-grisefoder_Gron-bioraffinering-i-praksis_29092021.pdf","anchor":"v\/ Sarah-Lina Aagaard Schild, SEGES ","blank":"0"}}]},{"_type":"related_insights","nav_title":"Nyheder","bg_color":"transparent","title":"Cases og nyheder","description":"L\u00e6s de seneste nyheder om udviklingen og konstruktionen af gr\u00e6sproteinfabrikken til dansk landbrug","post_types":"insights","insights":[{"value":"post:insights:7741","type":"post","subtype":"insights","id":"7741"},{"value":"post:insights:6311","type":"post","subtype":"insights","id":"6311"},{"value":"post:insights:5678","type":"post","subtype":"insights","id":"5678"},{"value":"post:insights:5503","type":"post","subtype":"insights","id":"5503"},{"value":"post:insights:3340","type":"post","subtype":"insights","id":"3340"},{"value":"post:insights:3348","type":"post","subtype":"insights","id":"3348"}],"insights_posttype":[],"cases":[]},{"_type":"image_links","nav_title":"","bg_color":"transparent","title":"Samarbejdspartnere","description":"","images":[{"_type":"_","image":"5524","link":{"value":"","url":"https:\/\/ausumgaard.dk\/","anchor":"","blank":"1"},"pretitle":"Ausumgaard"},{"_type":"_","image":"5532","link":{"value":"","url":"https:\/\/www.seges.dk\/da-dk","anchor":"","blank":"1"},"pretitle":"SEGES"},{"_type":"_","image":"5528","link":{"value":"","url":"https:\/\/www.vja.dk\/","anchor":"","blank":"1"},"pretitle":"Vestjyllands Andel"}]},{"_type":"contact","nav_title":"Kontakt","bg_color":"light","title":"Hvordan kan vi hj\u00e6lpe dig?","description":"","show_categories":false,"form_text":"N\u00e5r du indsender kontaktformularen, bekr\u00e6fter du samtidig, at du har l\u00e6st og accepteret vores privatlivspolitik.","subjects":[],"employees":[{"value":"post:employees:3142","type":"post","subtype":"employees","id":"3142"}],"hide_responsibilities":false}],"app_templates_modules_custom_backlink_link":{"value":"","url":"","anchor":"","blank":"0"},"app_templates_privacy_policy_top_banner_image":"","app_templates_privacy_policy_top_banner_video":"","app_templates_privacy_policy_top_banner_subtitle":"","app_templates_privacy_policy_top_banner_title":"","_links":{"self":[{"href":"https:\/\/rdtestsystems.wpdrift.dev\/da\/wp-json\/wp\/v2\/pages\/4809","targetHints":{"allow":["GET"]}}],"collection":[{"href":"https:\/\/rdtestsystems.wpdrift.dev\/da\/wp-json\/wp\/v2\/pages"}],"about":[{"href":"https:\/\/rdtestsystems.wpdrift.dev\/da\/wp-json\/wp\/v2\/types\/page"}],"author":[{"embeddable":true,"href":"https:\/\/rdtestsystems.wpdrift.dev\/da\/wp-json\/wp\/v2\/users\/14"}],"replies":[{"embeddable":true,"href":"https:\/\/rdtestsystems.wpdrift.dev\/da\/wp-json\/wp\/v2\/comments?post=4809"}],"version-history":[{"count":19,"href":"https:\/\/rdtestsystems.wpdrift.dev\/da\/wp-json\/wp\/v2\/pages\/4809\/revisions"}],"predecessor-version":[{"id":11194,"href":"https:\/\/rdtestsystems.wpdrift.dev\/da\/wp-json\/wp\/v2\/pages\/4809\/revisions\/11194"}],"wp:attachment":[{"href":"https:\/\/rdtestsystems.wpdrift.dev\/da\/wp-json\/wp\/v2\/media?parent=4809"}],"curies":[{"name":"wp","href":"https:\/\/api.w.org\/{rel}","templated":true}]}}