{"id":3187,"date":"2019-05-31T10:25:22","date_gmt":"2019-05-31T08:25:22","guid":{"rendered":"https:\/\/www.rd-as.com\/?page_id=3187"},"modified":"2025-09-24T14:30:23","modified_gmt":"2025-09-24T12:30:23","slug":"ledig-stilling-praktikplads","status":"publish","type":"page","link":"https:\/\/rdtestsystems.wpdrift.dev\/da\/ledige-stillinger\/ledig-stilling-praktikplads\/","title":{"rendered":"Ledig stilling: Praktikplads"},"content":{"rendered":"","protected":false},"excerpt":{"rendered":"","protected":false},"author":14,"featured_media":0,"parent":3195,"menu_order":17,"comment_status":"closed","ping_status":"closed","template":"views\/template-modules.blade.php","meta":{"footnotes":""},"class_list":["post-3187","page","type-page","status-publish","hentry"],"yoast_head":"<!-- This site is optimized with the Yoast SEO plugin v25.7 - https:\/\/yoast.com\/wordpress\/plugins\/seo\/ -->\n<title>R&amp;D Test Systems - Praktik og studerende<\/title>\n<meta name=\"description\" content=\"Vil du have indblik i dagligdagen i en international ingeni\u00f8rvirksomhed? S\u00e5 send os en ans\u00f8gning og bliv en del af world-class engineering.\" \/>\n<meta name=\"robots\" content=\"noindex, follow, max-snippet:-1, max-image-preview:large, max-video-preview:-1\" \/>\n<meta property=\"og:locale\" content=\"da_DK\" \/>\n<meta property=\"og:type\" content=\"article\" \/>\n<meta property=\"og:title\" content=\"R&amp;D Test Systems - Praktik og studerende\" \/>\n<meta property=\"og:description\" content=\"Vil du have indblik i dagligdagen i en international ingeni\u00f8rvirksomhed? S\u00e5 send os en ans\u00f8gning og bliv en del af world-class engineering.\" \/>\n<meta property=\"og:url\" content=\"https:\/\/rdtestsystems.wpdrift.dev\/da\/ledige-stillinger\/ledig-stilling-praktikplads\/\" \/>\n<meta property=\"og:site_name\" content=\"R&amp;D Test Systems\" \/>\n<meta property=\"article:modified_time\" content=\"2025-09-24T12:30:23+00:00\" \/>\n<meta name=\"twitter:card\" content=\"summary_large_image\" \/>\n<script type=\"application\/ld+json\" class=\"yoast-schema-graph\">{\"@context\":\"https:\/\/schema.org\",\"@graph\":[{\"@type\":\"WebPage\",\"@id\":\"https:\/\/rdtestsystems.wpdrift.dev\/da\/ledige-stillinger\/ledig-stilling-praktikplads\/\",\"url\":\"https:\/\/rdtestsystems.wpdrift.dev\/da\/ledige-stillinger\/ledig-stilling-praktikplads\/\",\"name\":\"R&D Test Systems - Praktik og studerende\",\"isPartOf\":{\"@id\":\"https:\/\/rdtestsystems.wpdrift.dev\/#website\"},\"datePublished\":\"2019-05-31T08:25:22+00:00\",\"dateModified\":\"2025-09-24T12:30:23+00:00\",\"description\":\"Vil du have indblik i dagligdagen i en international ingeni\u00f8rvirksomhed? S\u00e5 send os en ans\u00f8gning og bliv en del af world-class engineering.\",\"breadcrumb\":{\"@id\":\"https:\/\/rdtestsystems.wpdrift.dev\/da\/ledige-stillinger\/ledig-stilling-praktikplads\/#breadcrumb\"},\"inLanguage\":\"da-DK\",\"potentialAction\":[{\"@type\":\"ReadAction\",\"target\":[\"https:\/\/rdtestsystems.wpdrift.dev\/da\/ledige-stillinger\/ledig-stilling-praktikplads\/\"]}]},{\"@type\":\"BreadcrumbList\",\"@id\":\"https:\/\/rdtestsystems.wpdrift.dev\/da\/ledige-stillinger\/ledig-stilling-praktikplads\/#breadcrumb\",\"itemListElement\":[{\"@type\":\"ListItem\",\"position\":1,\"name\":\"Home\",\"item\":\"https:\/\/rdtestsystems.wpdrift.dev\/da\/\"},{\"@type\":\"ListItem\",\"position\":2,\"name\":\"Ledige stillinger\",\"item\":\"https:\/\/rdtestsystems.wpdrift.dev\/da\/ledige-stillinger\/\"},{\"@type\":\"ListItem\",\"position\":3,\"name\":\"Ledig stilling: Praktikplads\"}]},{\"@type\":\"WebSite\",\"@id\":\"https:\/\/rdtestsystems.wpdrift.dev\/#website\",\"url\":\"https:\/\/rdtestsystems.wpdrift.dev\/\",\"name\":\"R&amp;D Test Systems\",\"description\":\"Creating Value Through World-Class Engineering\",\"potentialAction\":[{\"@type\":\"SearchAction\",\"target\":{\"@type\":\"EntryPoint\",\"urlTemplate\":\"https:\/\/rdtestsystems.wpdrift.dev\/?s={search_term_string}\"},\"query-input\":{\"@type\":\"PropertyValueSpecification\",\"valueRequired\":true,\"valueName\":\"search_term_string\"}}],\"inLanguage\":\"da-DK\"}]}<\/script>\n<!-- \/ Yoast SEO plugin. -->","yoast_head_json":{"title":"R&D Test Systems - Praktik og studerende","description":"Vil du have indblik i dagligdagen i en international ingeni\u00f8rvirksomhed? S\u00e5 send os en ans\u00f8gning og bliv en del af world-class engineering.","robots":{"index":"noindex","follow":"follow","max-snippet":"max-snippet:-1","max-image-preview":"max-image-preview:large","max-video-preview":"max-video-preview:-1"},"og_locale":"da_DK","og_type":"article","og_title":"R&D Test Systems - Praktik og studerende","og_description":"Vil du have indblik i dagligdagen i en international ingeni\u00f8rvirksomhed? S\u00e5 send os en ans\u00f8gning og bliv en del af world-class engineering.","og_url":"https:\/\/rdtestsystems.wpdrift.dev\/da\/ledige-stillinger\/ledig-stilling-praktikplads\/","og_site_name":"R&amp;D Test Systems","article_modified_time":"2025-09-24T12:30:23+00:00","twitter_card":"summary_large_image","schema":{"@context":"https:\/\/schema.org","@graph":[{"@type":"WebPage","@id":"https:\/\/rdtestsystems.wpdrift.dev\/da\/ledige-stillinger\/ledig-stilling-praktikplads\/","url":"https:\/\/rdtestsystems.wpdrift.dev\/da\/ledige-stillinger\/ledig-stilling-praktikplads\/","name":"R&D Test Systems - Praktik og studerende","isPartOf":{"@id":"https:\/\/rdtestsystems.wpdrift.dev\/#website"},"datePublished":"2019-05-31T08:25:22+00:00","dateModified":"2025-09-24T12:30:23+00:00","description":"Vil du have indblik i dagligdagen i en international ingeni\u00f8rvirksomhed? S\u00e5 send os en ans\u00f8gning og bliv en del af world-class engineering.","breadcrumb":{"@id":"https:\/\/rdtestsystems.wpdrift.dev\/da\/ledige-stillinger\/ledig-stilling-praktikplads\/#breadcrumb"},"inLanguage":"da-DK","potentialAction":[{"@type":"ReadAction","target":["https:\/\/rdtestsystems.wpdrift.dev\/da\/ledige-stillinger\/ledig-stilling-praktikplads\/"]}]},{"@type":"BreadcrumbList","@id":"https:\/\/rdtestsystems.wpdrift.dev\/da\/ledige-stillinger\/ledig-stilling-praktikplads\/#breadcrumb","itemListElement":[{"@type":"ListItem","position":1,"name":"Home","item":"https:\/\/rdtestsystems.wpdrift.dev\/da\/"},{"@type":"ListItem","position":2,"name":"Ledige stillinger","item":"https:\/\/rdtestsystems.wpdrift.dev\/da\/ledige-stillinger\/"},{"@type":"ListItem","position":3,"name":"Ledig stilling: Praktikplads"}]},{"@type":"WebSite","@id":"https:\/\/rdtestsystems.wpdrift.dev\/#website","url":"https:\/\/rdtestsystems.wpdrift.dev\/","name":"R&amp;D Test Systems","description":"Creating Value Through World-Class Engineering","potentialAction":[{"@type":"SearchAction","target":{"@type":"EntryPoint","urlTemplate":"https:\/\/rdtestsystems.wpdrift.dev\/?s={search_term_string}"},"query-input":{"@type":"PropertyValueSpecification","valueRequired":true,"valueName":"search_term_string"}}],"inLanguage":"da-DK"}]}},"app_templates_about_top_banner_image":"","app_templates_about_top_banner_video":"","app_templates_about_top_banner_subtitle":"","app_templates_about_top_banner_title":"","app_templates_about_modules_sections":[],"app_templates_about_clients_bg_color":"transparent","app_templates_about_clients_title":"","app_templates_about_clients_logos":[],"app_templates_about_clients_button":{"value":"","url":"","anchor":"","blank":0},"app_templates_contact_top_banner_image":"","app_templates_contact_top_banner_video":"","app_templates_contact_top_banner_subtitle":"","app_templates_contact_top_banner_title":"","app_templates_contact_legal_company_name":"","app_templates_contact_legal_street":"","app_templates_contact_legal_zip":"","app_templates_contact_legal_city":"","app_templates_contact_offices_title":"","app_templates_contact_offices_description":"","app_templates_contact_form_subjects":[],"app_templates_contact_modules_sections":[],"app_templates_homepage_top_slider_slides":[],"app_templates_homepage_modules_sections":[],"app_templates_modules_top_banner_image":"15893","app_templates_modules_top_banner_video":"","app_templates_modules_top_banner_subtitle":"Karriere","app_templates_modules_top_banner_title":"Praktikplads","app_templates_modules_modules_sections":[{"_type":"text_columns","nav_title":"","bg_color":"transparent","title":"","text":"<h2>Vil du have indblik i dagligdagen i en international ingeni\u00f8rvirksomhed?<\/h2>\r\nR&amp;D Test Systems tilbyder praktikplads, hvor du kan f\u00e5 indblik i det daglige arbejde i en international ingeni\u00f8rvirksomhed. Som praktikant vil du blive en del af et profesionelt og socialt team og bliver integreret p\u00e5 samme vilk\u00e5r som vores fastansatte.\r\n\r\nDine opgaver vil variere afh\u00e6ngig af projektets omfang, men omfanget af ansvar og antallet af opgaver vil altid v\u00e6re p\u00e5 linje med resten af holdet.\r\n\r\nUnder dit praktikophold vil du f\u00e5 muligheden for at arbejde med projekter og opgaver, som udfordrer og begejstrer dig.\r\n\r\nVi har store forventninger til vores praktikanter, men vi forventer ogs\u00e5, at vores praktikanter stiller h\u00f8je krav til os.\r\n\r\n<strong>Vi tilbyder praktikpladser inden for f\u00f8lgende omr\u00e5der:<\/strong>\r\n<ul>\r\n \t<li>Mechanical Design<\/li>\r\n \t<li>Civil Engineering<\/li>\r\n \t<li>Software<\/li>\r\n \t<li>System Engineering<\/li>\r\n \t<li>Electrical Design<\/li>\r\n \t<li>Welding\/Svejsning<\/li>\r\n<\/ul>\r\nHvis du er optaget p\u00e5 en anden relevant uddannelse, h\u00f8rer vi ogs\u00e5 meget gerne fra dig."},{"_type":"info_banner","nav_title":"","bg_color":"transparent","image":"16814","video":"","pretitle":"","title":"Vi tilbyder","preface":"","content":"<ul>\r\n \t<li>En resultatorienteret og innovativ kultur, som fokuserer p\u00e5 udvikling og levering af verdensklasse ingeni\u00f8rarbejde<\/li>\r\n \t<li>Et opmuntrende og \u00e5bensindet arbejdsmilj\u00f8<\/li>\r\n \t<li>Karriereudviklingsmuligheder<\/li>\r\n \t<li>Muligheden for at g\u00f8re en forskel for vores kunder, mens du arbejder i vores ledende team af talentfulde og dedikerede kolleger p\u00e5 tv\u00e6rs af arbejdsomr\u00e5der og lokationer<\/li>\r\n \t<li>Fleksible arbejdstider<\/li>\r\n \t<li>Sociale aktiviteter uden for kontoret, hvor kolleger ofte socialiserer over mad, drinks eller sportsaktiviteter<\/li>\r\n<\/ul>","button":{"value":"","url":"","anchor":"","blank":"0"},"button_color":"btn-wh","services":[],"position":"left","background_color":"semi-secondary"},{"_type":"contact","nav_title":"","bg_color":"light","title":"Hvordan kan vi hj\u00e6lpe dig?","description":"Hvis du har sp\u00f8rgsm\u00e5l ang\u00e5ende stillingen, er du mere end velkommen til at kontakte os.","show_categories":false,"form_text":"N\u00e5r du indsender kontaktformularen, bekr\u00e6fter du samtidig, at du har l\u00e6st og accepteret vores privatlivspolitik.","subjects":[],"employees":[{"value":"post:employees:12316","type":"post","subtype":"employees","id":"12316"}],"hide_responsibilities":false}],"app_templates_modules_custom_backlink_link":{"value":"","url":"","anchor":"","blank":"0"},"app_templates_privacy_policy_top_banner_image":"","app_templates_privacy_policy_top_banner_video":"","app_templates_privacy_policy_top_banner_subtitle":"","app_templates_privacy_policy_top_banner_title":"","_links":{"self":[{"href":"https:\/\/rdtestsystems.wpdrift.dev\/da\/wp-json\/wp\/v2\/pages\/3187","targetHints":{"allow":["GET"]}}],"collection":[{"href":"https:\/\/rdtestsystems.wpdrift.dev\/da\/wp-json\/wp\/v2\/pages"}],"about":[{"href":"https:\/\/rdtestsystems.wpdrift.dev\/da\/wp-json\/wp\/v2\/types\/page"}],"author":[{"embeddable":true,"href":"https:\/\/rdtestsystems.wpdrift.dev\/da\/wp-json\/wp\/v2\/users\/14"}],"replies":[{"embeddable":true,"href":"https:\/\/rdtestsystems.wpdrift.dev\/da\/wp-json\/wp\/v2\/comments?post=3187"}],"version-history":[{"count":37,"href":"https:\/\/rdtestsystems.wpdrift.dev\/da\/wp-json\/wp\/v2\/pages\/3187\/revisions"}],"predecessor-version":[{"id":18891,"href":"https:\/\/rdtestsystems.wpdrift.dev\/da\/wp-json\/wp\/v2\/pages\/3187\/revisions\/18891"}],"up":[{"embeddable":true,"href":"https:\/\/rdtestsystems.wpdrift.dev\/da\/wp-json\/wp\/v2\/pages\/3195"}],"wp:attachment":[{"href":"https:\/\/rdtestsystems.wpdrift.dev\/da\/wp-json\/wp\/v2\/media?parent=3187"}],"curies":[{"name":"wp","href":"https:\/\/api.w.org\/{rel}","templated":true}]}}