{"id":3023,"date":"2019-05-16T10:38:46","date_gmt":"2019-05-16T08:38:46","guid":{"rendered":"https:\/\/www.rd-as.com\/?page_id=3023"},"modified":"2025-10-23T10:28:56","modified_gmt":"2025-10-23T08:28:56","slug":"group","status":"publish","type":"page","link":"https:\/\/rdtestsystems.wpdrift.dev\/da\/","title":{"rendered":"Group"},"content":{"rendered":"","protected":false},"excerpt":{"rendered":"","protected":false},"author":14,"featured_media":0,"parent":0,"menu_order":0,"comment_status":"closed","ping_status":"closed","template":"views\/template-homepage.blade.php","meta":{"footnotes":""},"class_list":["post-3023","page","type-page","status-publish","hentry"],"yoast_head":"<!-- This site is optimized with the Yoast SEO plugin v25.7 - https:\/\/yoast.com\/wordpress\/plugins\/seo\/ -->\n<title>R&amp;D Test Systems Test Systems | Skaber v\u00e6rdi gennem world-class engineering<\/title>\n<meta name=\"description\" content=\"R&amp;D Test Systems er en international ingeni\u00f8rvirksomhed, der leverer viden og testsystemer til vind - og flybranchen.\" \/>\n<meta name=\"robots\" content=\"noindex, follow, max-snippet:-1, max-image-preview:large, max-video-preview:-1\" \/>\n<meta property=\"og:locale\" content=\"da_DK\" \/>\n<meta property=\"og:type\" content=\"article\" \/>\n<meta property=\"og:title\" content=\"R&amp;D Test Systems Test Systems | Skaber v\u00e6rdi gennem world-class engineering\" \/>\n<meta property=\"og:description\" content=\"R&amp;D Test Systems er en international ingeni\u00f8rvirksomhed, der leverer viden og testsystemer til vind - og flybranchen.\" \/>\n<meta property=\"og:url\" content=\"https:\/\/rdtestsystems.wpdrift.dev\/da\/\" \/>\n<meta property=\"og:site_name\" content=\"R&amp;D Test Systems\" \/>\n<meta property=\"article:modified_time\" content=\"2025-10-23T08:28:56+00:00\" \/>\n<meta name=\"twitter:card\" content=\"summary_large_image\" \/>\n<script type=\"application\/ld+json\" class=\"yoast-schema-graph\">{\"@context\":\"https:\/\/schema.org\",\"@graph\":[{\"@type\":\"WebPage\",\"@id\":\"https:\/\/rdtestsystems.wpdrift.dev\/da\/\",\"url\":\"https:\/\/rdtestsystems.wpdrift.dev\/da\/\",\"name\":\"R&amp;D Test Systems Test Systems | Skaber v\u00e6rdi gennem world-class engineering\",\"isPartOf\":{\"@id\":\"https:\/\/rdtestsystems.wpdrift.dev\/#website\"},\"datePublished\":\"2019-05-16T08:38:46+00:00\",\"dateModified\":\"2025-10-23T08:28:56+00:00\",\"description\":\"R&D Test Systems er en international ingeni\u00f8rvirksomhed, der leverer viden og testsystemer til vind - og flybranchen.\",\"breadcrumb\":{\"@id\":\"https:\/\/rdtestsystems.wpdrift.dev\/da\/#breadcrumb\"},\"inLanguage\":\"da-DK\",\"potentialAction\":[{\"@type\":\"ReadAction\",\"target\":[\"https:\/\/rdtestsystems.wpdrift.dev\/da\/\"]}]},{\"@type\":\"BreadcrumbList\",\"@id\":\"https:\/\/rdtestsystems.wpdrift.dev\/da\/#breadcrumb\",\"itemListElement\":[{\"@type\":\"ListItem\",\"position\":1,\"name\":\"Home\",\"item\":\"https:\/\/rdtestsystems.wpdrift.dev\/da\/\"},{\"@type\":\"ListItem\",\"position\":2,\"name\":\"Group\"}]},{\"@type\":\"WebSite\",\"@id\":\"https:\/\/rdtestsystems.wpdrift.dev\/#website\",\"url\":\"https:\/\/rdtestsystems.wpdrift.dev\/\",\"name\":\"R&amp;D Test Systems\",\"description\":\"Creating Value Through World-Class Engineering\",\"potentialAction\":[{\"@type\":\"SearchAction\",\"target\":{\"@type\":\"EntryPoint\",\"urlTemplate\":\"https:\/\/rdtestsystems.wpdrift.dev\/?s={search_term_string}\"},\"query-input\":{\"@type\":\"PropertyValueSpecification\",\"valueRequired\":true,\"valueName\":\"search_term_string\"}}],\"inLanguage\":\"da-DK\"}]}<\/script>\n<!-- \/ Yoast SEO plugin. -->","yoast_head_json":{"title":"R&amp;D Test Systems Test Systems | Skaber v\u00e6rdi gennem world-class engineering","description":"R&D Test Systems er en international ingeni\u00f8rvirksomhed, der leverer viden og testsystemer til vind - og flybranchen.","robots":{"index":"noindex","follow":"follow","max-snippet":"max-snippet:-1","max-image-preview":"max-image-preview:large","max-video-preview":"max-video-preview:-1"},"og_locale":"da_DK","og_type":"article","og_title":"R&amp;D Test Systems Test Systems | Skaber v\u00e6rdi gennem world-class engineering","og_description":"R&D Test Systems er en international ingeni\u00f8rvirksomhed, der leverer viden og testsystemer til vind - og flybranchen.","og_url":"https:\/\/rdtestsystems.wpdrift.dev\/da\/","og_site_name":"R&amp;D Test Systems","article_modified_time":"2025-10-23T08:28:56+00:00","twitter_card":"summary_large_image","schema":{"@context":"https:\/\/schema.org","@graph":[{"@type":"WebPage","@id":"https:\/\/rdtestsystems.wpdrift.dev\/da\/","url":"https:\/\/rdtestsystems.wpdrift.dev\/da\/","name":"R&amp;D Test Systems Test Systems | Skaber v\u00e6rdi gennem world-class engineering","isPartOf":{"@id":"https:\/\/rdtestsystems.wpdrift.dev\/#website"},"datePublished":"2019-05-16T08:38:46+00:00","dateModified":"2025-10-23T08:28:56+00:00","description":"R&D Test Systems er en international ingeni\u00f8rvirksomhed, der leverer viden og testsystemer til vind - og flybranchen.","breadcrumb":{"@id":"https:\/\/rdtestsystems.wpdrift.dev\/da\/#breadcrumb"},"inLanguage":"da-DK","potentialAction":[{"@type":"ReadAction","target":["https:\/\/rdtestsystems.wpdrift.dev\/da\/"]}]},{"@type":"BreadcrumbList","@id":"https:\/\/rdtestsystems.wpdrift.dev\/da\/#breadcrumb","itemListElement":[{"@type":"ListItem","position":1,"name":"Home","item":"https:\/\/rdtestsystems.wpdrift.dev\/da\/"},{"@type":"ListItem","position":2,"name":"Group"}]},{"@type":"WebSite","@id":"https:\/\/rdtestsystems.wpdrift.dev\/#website","url":"https:\/\/rdtestsystems.wpdrift.dev\/","name":"R&amp;D Test Systems","description":"Creating Value Through World-Class Engineering","potentialAction":[{"@type":"SearchAction","target":{"@type":"EntryPoint","urlTemplate":"https:\/\/rdtestsystems.wpdrift.dev\/?s={search_term_string}"},"query-input":{"@type":"PropertyValueSpecification","valueRequired":true,"valueName":"search_term_string"}}],"inLanguage":"da-DK"}]}},"app_templates_about_top_banner_image":"","app_templates_about_top_banner_video":"","app_templates_about_top_banner_subtitle":"","app_templates_about_top_banner_title":"","app_templates_about_modules_sections":[],"app_templates_about_clients_bg_color":"transparent","app_templates_about_clients_title":"","app_templates_about_clients_logos":[],"app_templates_about_clients_button":{"value":"","url":"","anchor":"","blank":0},"app_templates_contact_top_banner_image":"","app_templates_contact_top_banner_video":"","app_templates_contact_top_banner_subtitle":"","app_templates_contact_top_banner_title":"","app_templates_contact_legal_company_name":"","app_templates_contact_legal_street":"","app_templates_contact_legal_zip":"","app_templates_contact_legal_city":"","app_templates_contact_offices_title":"","app_templates_contact_offices_description":"","app_templates_contact_form_subjects":[],"app_templates_contact_modules_sections":[],"app_templates_homepage_top_slider_slides":[{"_type":"_","title":"Vi forvandler dine udfordringer til world-class engineering","subtitle":"","image":"16645","video":"","link":{"value":"","url":"\/da\/services-products\/test-systems\/","anchor":"Test Systems","blank":"0"}}],"app_templates_homepage_modules_sections":[{"_type":"text_image_boxes","nav_title":"","bg_color":"transparent","boxes":[{"_type":"_","title":"Testsystemer til vindm\u00f8ller","image":"17987","body":"","link":{"value":"","url":"\/da\/services-products\/test-systems\/vind\/","anchor":"Test Systems \u2013 Vind","blank":"0"}},{"_type":"_","title":"Bolt-Check","image":"18816","body":"","link":{"value":"","url":"\/da\/bolt-check\/","anchor":"Bolt-Check","blank":"0"}},{"_type":"_","title":"Rain Erosion Tester","image":"16349","body":"","link":{"value":"","url":"\/da\/regnerosion-tester\/","anchor":"Rain Erosion Tester","blank":"0"}}]},{"_type":"content","nav_title":"","bg_color":"light","title":"Vi har installeret +40 testb\u00e6nke i 11 lande","body":"&nbsp;\r\n\r\n<img class=\"aligncenter wp-image-18127 \" src=\"https:\/\/rdtestsystems.wpdrift.dev\/app\/uploads\/2025\/06\/World-map_11-test-benches_transparent-1600x812.png\" alt=\"\" width=\"819\" height=\"416\" \/>","text_align":"center"},{"_type":"text_image","nav_title":"","bg_color":"transparent","title":"Vi \u00e6ndrer den m\u00e5de vores kunder udvikler og tester","preface":"Vi skaber v\u00e6rdi for vores kunder med l\u00f8sninger tilpasset deres behov, uanset om det er til produktudvikling eller et nyt testsystem.","image":"10850","video":"","autoplay":false,"position":"right","content":"","button":{"value":"","url":"\/da\/insights\/","anchor":"L\u00e6s vores seneste nyheder her.","blank":"0"},"button_color":"btn-primary","services":[]}],"app_templates_modules_top_banner_image":"","app_templates_modules_top_banner_video":"","app_templates_modules_top_banner_subtitle":"","app_templates_modules_top_banner_title":"","app_templates_modules_modules_sections":[],"app_templates_modules_custom_backlink_link":{"value":"","url":"","anchor":"","blank":0},"app_templates_privacy_policy_top_banner_image":"","app_templates_privacy_policy_top_banner_video":"","app_templates_privacy_policy_top_banner_subtitle":"","app_templates_privacy_policy_top_banner_title":"","_links":{"self":[{"href":"https:\/\/rdtestsystems.wpdrift.dev\/da\/wp-json\/wp\/v2\/pages\/3023","targetHints":{"allow":["GET"]}}],"collection":[{"href":"https:\/\/rdtestsystems.wpdrift.dev\/da\/wp-json\/wp\/v2\/pages"}],"about":[{"href":"https:\/\/rdtestsystems.wpdrift.dev\/da\/wp-json\/wp\/v2\/types\/page"}],"author":[{"embeddable":true,"href":"https:\/\/rdtestsystems.wpdrift.dev\/da\/wp-json\/wp\/v2\/users\/14"}],"replies":[{"embeddable":true,"href":"https:\/\/rdtestsystems.wpdrift.dev\/da\/wp-json\/wp\/v2\/comments?post=3023"}],"version-history":[{"count":123,"href":"https:\/\/rdtestsystems.wpdrift.dev\/da\/wp-json\/wp\/v2\/pages\/3023\/revisions"}],"predecessor-version":[{"id":18922,"href":"https:\/\/rdtestsystems.wpdrift.dev\/da\/wp-json\/wp\/v2\/pages\/3023\/revisions\/18922"}],"wp:attachment":[{"href":"https:\/\/rdtestsystems.wpdrift.dev\/da\/wp-json\/wp\/v2\/media?parent=3023"}],"curies":[{"name":"wp","href":"https:\/\/api.w.org\/{rel}","templated":true}]}}