{"id":2310,"date":"2019-05-02T14:29:42","date_gmt":"2019-05-02T12:29:42","guid":{"rendered":"https:\/\/www.rd-as.com\/?page_id=2310"},"modified":"2025-08-18T14:34:43","modified_gmt":"2025-08-18T12:34:43","slug":"karriere","status":"publish","type":"page","link":"https:\/\/rdtestsystems.wpdrift.dev\/da\/karriere\/","title":{"rendered":"Karriere"},"content":{"rendered":"","protected":false},"excerpt":{"rendered":"","protected":false},"author":14,"featured_media":0,"parent":0,"menu_order":16,"comment_status":"closed","ping_status":"closed","template":"views\/template-modules.blade.php","meta":{"footnotes":""},"class_list":["post-2310","page","type-page","status-publish","hentry"],"yoast_head":"<!-- This site is optimized with the Yoast SEO plugin v25.7 - https:\/\/yoast.com\/wordpress\/plugins\/seo\/ -->\n<title>Karriere | R&amp;D Test Systems Test Systems<\/title>\n<meta name=\"description\" content=\"Bliv en del af vores team og oplev den forskel, som vi kan skabe sammen. Vi lover, at du vil blive udfordret og f\u00e5 udvidet dine kompetencer.\" \/>\n<meta name=\"robots\" content=\"noindex, follow, max-snippet:-1, max-image-preview:large, max-video-preview:-1\" \/>\n<meta property=\"og:locale\" content=\"da_DK\" \/>\n<meta property=\"og:type\" content=\"article\" \/>\n<meta property=\"og:title\" content=\"Karriere | R&amp;D Test Systems Test Systems\" \/>\n<meta property=\"og:description\" content=\"Bliv en del af vores team og oplev den forskel, som vi kan skabe sammen. Vi lover, at du vil blive udfordret og f\u00e5 udvidet dine kompetencer.\" \/>\n<meta property=\"og:url\" content=\"https:\/\/rdtestsystems.wpdrift.dev\/da\/karriere\/\" \/>\n<meta property=\"og:site_name\" content=\"R&amp;D Test Systems\" \/>\n<meta property=\"article:modified_time\" content=\"2025-08-18T12:34:43+00:00\" \/>\n<meta name=\"twitter:card\" content=\"summary_large_image\" \/>\n<meta name=\"twitter:label1\" content=\"Est. reading time\" \/>\n\t<meta name=\"twitter:data1\" content=\"3 minutes\" \/>\n<script type=\"application\/ld+json\" class=\"yoast-schema-graph\">{\"@context\":\"https:\/\/schema.org\",\"@graph\":[{\"@type\":\"WebPage\",\"@id\":\"https:\/\/rdtestsystems.wpdrift.dev\/da\/karriere\/\",\"url\":\"https:\/\/rdtestsystems.wpdrift.dev\/da\/karriere\/\",\"name\":\"Karriere | R&amp;D Test Systems Test Systems\",\"isPartOf\":{\"@id\":\"https:\/\/rdtestsystems.wpdrift.dev\/#website\"},\"datePublished\":\"2019-05-02T12:29:42+00:00\",\"dateModified\":\"2025-08-18T12:34:43+00:00\",\"description\":\"Bliv en del af vores team og oplev den forskel, som vi kan skabe sammen. Vi lover, at du vil blive udfordret og f\u00e5 udvidet dine kompetencer.\",\"breadcrumb\":{\"@id\":\"https:\/\/rdtestsystems.wpdrift.dev\/da\/karriere\/#breadcrumb\"},\"inLanguage\":\"da-DK\",\"potentialAction\":[{\"@type\":\"ReadAction\",\"target\":[\"https:\/\/rdtestsystems.wpdrift.dev\/da\/karriere\/\"]}]},{\"@type\":\"BreadcrumbList\",\"@id\":\"https:\/\/rdtestsystems.wpdrift.dev\/da\/karriere\/#breadcrumb\",\"itemListElement\":[{\"@type\":\"ListItem\",\"position\":1,\"name\":\"Home\",\"item\":\"https:\/\/rdtestsystems.wpdrift.dev\/da\/\"},{\"@type\":\"ListItem\",\"position\":2,\"name\":\"Karriere\"}]},{\"@type\":\"WebSite\",\"@id\":\"https:\/\/rdtestsystems.wpdrift.dev\/#website\",\"url\":\"https:\/\/rdtestsystems.wpdrift.dev\/\",\"name\":\"R&amp;D Test Systems\",\"description\":\"Creating Value Through World-Class Engineering\",\"potentialAction\":[{\"@type\":\"SearchAction\",\"target\":{\"@type\":\"EntryPoint\",\"urlTemplate\":\"https:\/\/rdtestsystems.wpdrift.dev\/?s={search_term_string}\"},\"query-input\":{\"@type\":\"PropertyValueSpecification\",\"valueRequired\":true,\"valueName\":\"search_term_string\"}}],\"inLanguage\":\"da-DK\"}]}<\/script>\n<!-- \/ Yoast SEO plugin. -->","yoast_head_json":{"title":"Karriere | R&amp;D Test Systems Test Systems","description":"Bliv en del af vores team og oplev den forskel, som vi kan skabe sammen. Vi lover, at du vil blive udfordret og f\u00e5 udvidet dine kompetencer.","robots":{"index":"noindex","follow":"follow","max-snippet":"max-snippet:-1","max-image-preview":"max-image-preview:large","max-video-preview":"max-video-preview:-1"},"og_locale":"da_DK","og_type":"article","og_title":"Karriere | R&amp;D Test Systems Test Systems","og_description":"Bliv en del af vores team og oplev den forskel, som vi kan skabe sammen. Vi lover, at du vil blive udfordret og f\u00e5 udvidet dine kompetencer.","og_url":"https:\/\/rdtestsystems.wpdrift.dev\/da\/karriere\/","og_site_name":"R&amp;D Test Systems","article_modified_time":"2025-08-18T12:34:43+00:00","twitter_card":"summary_large_image","twitter_misc":{"Est. reading time":"3 minutes"},"schema":{"@context":"https:\/\/schema.org","@graph":[{"@type":"WebPage","@id":"https:\/\/rdtestsystems.wpdrift.dev\/da\/karriere\/","url":"https:\/\/rdtestsystems.wpdrift.dev\/da\/karriere\/","name":"Karriere | R&amp;D Test Systems Test Systems","isPartOf":{"@id":"https:\/\/rdtestsystems.wpdrift.dev\/#website"},"datePublished":"2019-05-02T12:29:42+00:00","dateModified":"2025-08-18T12:34:43+00:00","description":"Bliv en del af vores team og oplev den forskel, som vi kan skabe sammen. Vi lover, at du vil blive udfordret og f\u00e5 udvidet dine kompetencer.","breadcrumb":{"@id":"https:\/\/rdtestsystems.wpdrift.dev\/da\/karriere\/#breadcrumb"},"inLanguage":"da-DK","potentialAction":[{"@type":"ReadAction","target":["https:\/\/rdtestsystems.wpdrift.dev\/da\/karriere\/"]}]},{"@type":"BreadcrumbList","@id":"https:\/\/rdtestsystems.wpdrift.dev\/da\/karriere\/#breadcrumb","itemListElement":[{"@type":"ListItem","position":1,"name":"Home","item":"https:\/\/rdtestsystems.wpdrift.dev\/da\/"},{"@type":"ListItem","position":2,"name":"Karriere"}]},{"@type":"WebSite","@id":"https:\/\/rdtestsystems.wpdrift.dev\/#website","url":"https:\/\/rdtestsystems.wpdrift.dev\/","name":"R&amp;D Test Systems","description":"Creating Value Through World-Class Engineering","potentialAction":[{"@type":"SearchAction","target":{"@type":"EntryPoint","urlTemplate":"https:\/\/rdtestsystems.wpdrift.dev\/?s={search_term_string}"},"query-input":{"@type":"PropertyValueSpecification","valueRequired":true,"valueName":"search_term_string"}}],"inLanguage":"da-DK"}]}},"app_templates_about_top_banner_image":"","app_templates_about_top_banner_video":"","app_templates_about_top_banner_subtitle":"","app_templates_about_top_banner_title":"","app_templates_about_modules_sections":[],"app_templates_about_clients_bg_color":"transparent","app_templates_about_clients_title":"","app_templates_about_clients_logos":[],"app_templates_about_clients_button":{"value":"","url":"","anchor":"","blank":0},"app_templates_contact_top_banner_image":"","app_templates_contact_top_banner_video":"","app_templates_contact_top_banner_subtitle":"","app_templates_contact_top_banner_title":"","app_templates_contact_legal_company_name":"","app_templates_contact_legal_street":"","app_templates_contact_legal_zip":"","app_templates_contact_legal_city":"","app_templates_contact_offices_title":"","app_templates_contact_offices_description":"","app_templates_contact_form_subjects":[],"app_templates_contact_modules_sections":[],"app_templates_homepage_top_slider_slides":[],"app_templates_homepage_modules_sections":[],"app_templates_modules_top_banner_image":"14509","app_templates_modules_top_banner_video":"","app_templates_modules_top_banner_subtitle":"Karriere","app_templates_modules_top_banner_title":"Er du p\u00e5 udkig efter nye udfordringer?","app_templates_modules_modules_sections":[{"_type":"embed","nav_title":"","bg_color":"transparent","embed":"<!--HER STARTER SCRIPT \/ SCRIPT BEGINS HERE v1--><script src=\"https:\/\/recruit.hr-on.com\/frame-api\/hr.js\"type=\"text\/javascript\"><\/script> <div id=\"hr-on\"><noscript>This page requires javascript<br \/><\/noscript><\/div><script src=\"https:\/\/recruit.hr-on.com\/frame-api\/customers\/rdtestsystemsas.js\" type=\"text\/javascript\"><\/script><!--HER SLUTTER SCRIPT \/ SCRIPT ENDS HERE-->"},{"_type":"text_image","nav_title":"","bg_color":"transparent","title":"Bliv en del af os og v\u00e6r med til at skabe fremtidens teknologi","preface":"","image":"15863","video":"","autoplay":false,"position":"right","content":"Noget af det, der g\u00f8r R&amp;D Test Systems unik som arbejdsplads, er vores m\u00e5de at v\u00e6re overfor hinanden p\u00e5. Du vil hurtigt opleve, at du er en del af en virksomhed, hvor vi s\u00e6tter pris p\u00e5 kollegaskabet - og som vi alle ved, g\u00f8r det ogs\u00e5 arbejdet nemmere, n\u00e5r man kender hinanden.\r\n\r\nVi er altid p\u00e5 udkig efter kompetente og engagerede medarbejdere, som str\u00e6ber efter at l\u00f8se opgaver i et meget professionelt og socialt milj\u00f8.\r\n\r\nVi tilbyder:\r\n<ul>\r\n \t<li>En resultatorienteret og innovativ kultur, som fokuserer p\u00e5 udvikling og levering af verdensklasse ingeni\u00f8rarbejde<\/li>\r\n \t<li>Et opmuntrende og \u00e5bensindet arbejdsmilj\u00f8<\/li>\r\n \t<li>Karriereudviklingsmuligheder<\/li>\r\n \t<li>Muligheden for at g\u00f8re en forskel for vores kunder, mens du arbejder sammen med et team af talentfulde og dedikerede kolleger p\u00e5 tv\u00e6rs af arbejdsomr\u00e5der og lokationer<\/li>\r\n \t<li>Fleksible arbejdstider<\/li>\r\n \t<li>Sociale aktiviteter uden for kontoret, hvor kolleger ofte socialiserer over mad, drinks eller sportslige aktiviteter<\/li>\r\n<\/ul>","button":{"value":"","url":"https:\/\/www.youtube.com\/watch?v=oB27dCOPoYw","anchor":"M\u00f8d en af vores medarbejdere","blank":"0"},"button_color":"btn-primary","services":[]},{"_type":"text_image","nav_title":"","bg_color":"light","title":"Studerende og praktikophold","preface":"","image":"17740","video":"","autoplay":false,"position":"left","content":"Ved R&amp;D Test Systems giver vi plads til at vores praktikanter kan komme med egne id\u00e9er og ikke mindst bruge den viden, som de har l\u00e6rt p\u00e5 studiet. Du vil f\u00e5 mange forskellige opgaver og ansvar p\u00e5 niveau med resten af teamet.\r\n\r\n<span style=\"font-size: 1rem; letter-spacing: 0.03em;\">Som en del af teamet, f\u00e5r du mulighed for at arbejde med nogle af branchens mest innovative og kompetente hjerner. Du vil dele viden med dine kollegaer og sammen finder I l\u00f8sninger p\u00e5 komplekse problemstillinger. Gennem dit praktikophold, vil du f\u00e5 indsigt i professionelle udfordringer i en international ingeni\u00f8rvirksomhed.<\/span>","button":{"value":"","url":"\/da\/ledige-stillinger\/ledig-stilling-praktikplads\/","anchor":"L\u00e6s mere om din praktikplads hos R&D Test Systems","blank":"0"},"button_color":"btn-primary","services":[]},{"_type":"slider","nav_title":"","bg_color":"transparent","title":"Vores sociale arrangementer","description":"Udover vores \u00e5rlige julefrokost, arrangerer vores personaleforening n\u00e6sten hver m\u00e5ned forskellige sociale aktiviteter, som kan v\u00e6ret alt fra sportsaktiviteter, madkurser eller fredagsbar.\r\n","position":"left","slides":[{"_type":"_","pretitle":"Sociale events","title":"Julefrokost","subtitle":"","content":"Hvert \u00e5r holder vi vores \u00e5rlige julefrokost, hvor vi nyder l\u00e6kker julemad, skaber mindev\u00e6rdige \u00f8jeblikke og fejrer en dejlig aften med anerkendelse af vores h\u00e5rde arbejde, venskaber og \u00e5ret, vi har delt sammen.","image":"17356","link":{"value":"","url":"","anchor":"","blank":"0"},"box_color":"secondary"},{"_type":"_","pretitle":"Sociale events","title":"R&D Flex Systems","subtitle":"","content":"Hver uge har vores medarbejdere mulighed for at deltage i tr\u00e6ning med R&D Flex Systems i vores hjemmebyggede udend\u00f8rs fitnessomr\u00e5de, som styrker b\u00e5de kroppen og relationerne mellem kolleger.","image":"17389","link":{"value":"","url":"","anchor":"","blank":"0"},"box_color":"secondary"},{"_type":"_","pretitle":"Sociale events","title":"Gokart","subtitle":"","content":"Vi s\u00e6tter stor pris p\u00e5 teamwork og at have det sjovt, da vi mener, det hj\u00e6lper vores team med at arbejde bedre sammen for at skabe bedre l\u00f8sninger til vores kunder. Dette gokartarrangement var ingen undtagelse fra vores andre sjove arrangementer, og vi havde en fantastisk aften sammen.","image":"17376","link":{"value":"","url":"","anchor":"","blank":"0"},"box_color":"secondary"},{"_type":"_","pretitle":"Sociale events","title":"Keramikarrangement","subtitle":"","content":"Gennem \u00e5ret har vi mange forskellige arrangementer \u2013 fra actionfyldt gokart til kreative events, hvor unikke ideer og kreationer bliver til virkelighed.","image":"17368","link":{"value":"","url":"","anchor":"","blank":"0"},"box_color":"secondary"},{"_type":"_","pretitle":"Sociale events","title":"Kn\u00e6k Cancer l\u00f8bet","subtitle":"","content":"Flere af vores medarbejdere deltog i \"Kn\u00e6k Cancer\"-l\u00f8bet, som udover at st\u00f8tte kampen mod kr\u00e6ft ogs\u00e5 satte fokus p\u00e5 motion som en m\u00e5de at s\u00e6nke risikoen for kr\u00e6ft.","image":"17360","link":{"value":"","url":"","anchor":"","blank":"0"},"box_color":"secondary"},{"_type":"_","pretitle":"Sociale events","title":"Fredagsbar","subtitle":"","content":"Vores Staff Social Club arrangerer mange forskellige events gennem \u00e5ret, som for eksempel fredagsbarer med drinks, sjove quizzer og beer pong-turnering.","image":"17372","link":{"value":"","url":"","anchor":"","blank":"0"},"box_color":"secondary"},{"_type":"_","pretitle":"Sociale events","title":"DHL Stafetten","subtitle":"","content":"Flere af vores medarbejdere deltager i DHL Stafetten, et \u00e5rligt firmaevent, hvor medarbejdere kan danne hold og l\u00f8be et 5x5 km stafetl\u00f8b.","image":"17394","link":{"value":"","url":"","anchor":"","blank":"0"},"box_color":"secondary"},{"_type":"_","pretitle":"Sociale events","title":"Sommerfest","subtitle":"","content":"Hvert \u00e5r holder vi vores \u00e5rlige sommerfest med l\u00e6kker mad, god musik og tid til at have det sjovt med kollegerne.","image":"17384","link":{"value":"","url":"","anchor":"","blank":"0"},"box_color":"secondary"}]},{"_type":"contact","nav_title":"","bg_color":"light","title":"Hvordan kan vi hj\u00e6lpe dig?","description":"Hvis du har sp\u00f8rgsm\u00e5l ang\u00e5ende vores ledige stillinger, rekrutteringsprocessen, osv., er du mere end velkommen til at kontakte os. ","show_categories":false,"form_text":"N\u00e5r du indsender kontaktformularen, bekr\u00e6fter du samtidig, at du har l\u00e6st og accepteret vores privatlivspolitik.","subjects":[],"employees":[],"hide_responsibilities":false}],"app_templates_modules_custom_backlink_link":{"value":"","url":"","anchor":"","blank":"0"},"app_templates_privacy_policy_top_banner_image":"","app_templates_privacy_policy_top_banner_video":"","app_templates_privacy_policy_top_banner_subtitle":"","app_templates_privacy_policy_top_banner_title":"","_links":{"self":[{"href":"https:\/\/rdtestsystems.wpdrift.dev\/da\/wp-json\/wp\/v2\/pages\/2310","targetHints":{"allow":["GET"]}}],"collection":[{"href":"https:\/\/rdtestsystems.wpdrift.dev\/da\/wp-json\/wp\/v2\/pages"}],"about":[{"href":"https:\/\/rdtestsystems.wpdrift.dev\/da\/wp-json\/wp\/v2\/types\/page"}],"author":[{"embeddable":true,"href":"https:\/\/rdtestsystems.wpdrift.dev\/da\/wp-json\/wp\/v2\/users\/14"}],"replies":[{"embeddable":true,"href":"https:\/\/rdtestsystems.wpdrift.dev\/da\/wp-json\/wp\/v2\/comments?post=2310"}],"version-history":[{"count":180,"href":"https:\/\/rdtestsystems.wpdrift.dev\/da\/wp-json\/wp\/v2\/pages\/2310\/revisions"}],"predecessor-version":[{"id":18588,"href":"https:\/\/rdtestsystems.wpdrift.dev\/da\/wp-json\/wp\/v2\/pages\/2310\/revisions\/18588"}],"wp:attachment":[{"href":"https:\/\/rdtestsystems.wpdrift.dev\/da\/wp-json\/wp\/v2\/media?parent=2310"}],"curies":[{"name":"wp","href":"https:\/\/api.w.org\/{rel}","templated":true}]}}