{"id":18789,"date":"2025-07-22T14:04:54","date_gmt":"2025-07-22T12:04:54","guid":{"rendered":"https:\/\/rdtestsystems.com\/bolt-check\/design-engineering\/"},"modified":"2025-09-09T11:01:58","modified_gmt":"2025-09-09T09:01:58","slug":"design-engineering","status":"publish","type":"page","link":"https:\/\/rdtestsystems.wpdrift.dev\/da\/bolt-check\/design-engineering\/","title":{"rendered":"Design &#038; Engineering"},"content":{"rendered":"","protected":false},"excerpt":{"rendered":"","protected":false},"author":23,"featured_media":0,"parent":5802,"menu_order":3,"comment_status":"closed","ping_status":"closed","template":"views\/template-modules.blade.php","meta":{"footnotes":""},"class_list":["post-18789","page","type-page","status-publish","hentry"],"yoast_head":"<!-- This site is optimized with the Yoast SEO plugin v25.7 - https:\/\/yoast.com\/wordpress\/plugins\/seo\/ -->\n<title>Design &amp; Engineering - R&amp;D Test Systems<\/title>\n<meta name=\"robots\" content=\"noindex, follow, max-snippet:-1, max-image-preview:large, max-video-preview:-1\" \/>\n<meta property=\"og:locale\" content=\"da_DK\" \/>\n<meta property=\"og:type\" content=\"article\" \/>\n<meta property=\"og:title\" content=\"Design &amp; Engineering - R&amp;D Test Systems\" \/>\n<meta property=\"og:url\" content=\"https:\/\/rdtestsystems.wpdrift.dev\/da\/bolt-check\/design-engineering\/\" \/>\n<meta property=\"og:site_name\" content=\"R&amp;D Test Systems\" \/>\n<meta property=\"article:modified_time\" content=\"2025-09-09T09:01:58+00:00\" \/>\n<meta name=\"twitter:card\" content=\"summary_large_image\" \/>\n<script type=\"application\/ld+json\" class=\"yoast-schema-graph\">{\"@context\":\"https:\/\/schema.org\",\"@graph\":[{\"@type\":\"WebPage\",\"@id\":\"https:\/\/rdtestsystems.wpdrift.dev\/da\/bolt-check\/design-engineering\/\",\"url\":\"https:\/\/rdtestsystems.wpdrift.dev\/da\/bolt-check\/design-engineering\/\",\"name\":\"Design & Engineering - R&amp;D Test Systems\",\"isPartOf\":{\"@id\":\"https:\/\/rdtestsystems.wpdrift.dev\/#website\"},\"datePublished\":\"2025-07-22T12:04:54+00:00\",\"dateModified\":\"2025-09-09T09:01:58+00:00\",\"breadcrumb\":{\"@id\":\"https:\/\/rdtestsystems.wpdrift.dev\/da\/bolt-check\/design-engineering\/#breadcrumb\"},\"inLanguage\":\"da-DK\",\"potentialAction\":[{\"@type\":\"ReadAction\",\"target\":[\"https:\/\/rdtestsystems.wpdrift.dev\/da\/bolt-check\/design-engineering\/\"]}]},{\"@type\":\"BreadcrumbList\",\"@id\":\"https:\/\/rdtestsystems.wpdrift.dev\/da\/bolt-check\/design-engineering\/#breadcrumb\",\"itemListElement\":[{\"@type\":\"ListItem\",\"position\":1,\"name\":\"Home\",\"item\":\"https:\/\/rdtestsystems.wpdrift.dev\/da\/\"},{\"@type\":\"ListItem\",\"position\":2,\"name\":\"Bolt-Check\",\"item\":\"https:\/\/rdtestsystems.wpdrift.dev\/da\/bolt-check\/\"},{\"@type\":\"ListItem\",\"position\":3,\"name\":\"Design &#038; Engineering\"}]},{\"@type\":\"WebSite\",\"@id\":\"https:\/\/rdtestsystems.wpdrift.dev\/#website\",\"url\":\"https:\/\/rdtestsystems.wpdrift.dev\/\",\"name\":\"R&amp;D Test Systems\",\"description\":\"Creating Value Through World-Class Engineering\",\"potentialAction\":[{\"@type\":\"SearchAction\",\"target\":{\"@type\":\"EntryPoint\",\"urlTemplate\":\"https:\/\/rdtestsystems.wpdrift.dev\/?s={search_term_string}\"},\"query-input\":{\"@type\":\"PropertyValueSpecification\",\"valueRequired\":true,\"valueName\":\"search_term_string\"}}],\"inLanguage\":\"da-DK\"}]}<\/script>\n<!-- \/ Yoast SEO plugin. -->","yoast_head_json":{"title":"Design & Engineering - R&amp;D Test Systems","robots":{"index":"noindex","follow":"follow","max-snippet":"max-snippet:-1","max-image-preview":"max-image-preview:large","max-video-preview":"max-video-preview:-1"},"og_locale":"da_DK","og_type":"article","og_title":"Design & Engineering - R&amp;D Test Systems","og_url":"https:\/\/rdtestsystems.wpdrift.dev\/da\/bolt-check\/design-engineering\/","og_site_name":"R&amp;D Test Systems","article_modified_time":"2025-09-09T09:01:58+00:00","twitter_card":"summary_large_image","schema":{"@context":"https:\/\/schema.org","@graph":[{"@type":"WebPage","@id":"https:\/\/rdtestsystems.wpdrift.dev\/da\/bolt-check\/design-engineering\/","url":"https:\/\/rdtestsystems.wpdrift.dev\/da\/bolt-check\/design-engineering\/","name":"Design & Engineering - R&amp;D Test Systems","isPartOf":{"@id":"https:\/\/rdtestsystems.wpdrift.dev\/#website"},"datePublished":"2025-07-22T12:04:54+00:00","dateModified":"2025-09-09T09:01:58+00:00","breadcrumb":{"@id":"https:\/\/rdtestsystems.wpdrift.dev\/da\/bolt-check\/design-engineering\/#breadcrumb"},"inLanguage":"da-DK","potentialAction":[{"@type":"ReadAction","target":["https:\/\/rdtestsystems.wpdrift.dev\/da\/bolt-check\/design-engineering\/"]}]},{"@type":"BreadcrumbList","@id":"https:\/\/rdtestsystems.wpdrift.dev\/da\/bolt-check\/design-engineering\/#breadcrumb","itemListElement":[{"@type":"ListItem","position":1,"name":"Home","item":"https:\/\/rdtestsystems.wpdrift.dev\/da\/"},{"@type":"ListItem","position":2,"name":"Bolt-Check","item":"https:\/\/rdtestsystems.wpdrift.dev\/da\/bolt-check\/"},{"@type":"ListItem","position":3,"name":"Design &#038; Engineering"}]},{"@type":"WebSite","@id":"https:\/\/rdtestsystems.wpdrift.dev\/#website","url":"https:\/\/rdtestsystems.wpdrift.dev\/","name":"R&amp;D Test Systems","description":"Creating Value Through World-Class Engineering","potentialAction":[{"@type":"SearchAction","target":{"@type":"EntryPoint","urlTemplate":"https:\/\/rdtestsystems.wpdrift.dev\/?s={search_term_string}"},"query-input":{"@type":"PropertyValueSpecification","valueRequired":true,"valueName":"search_term_string"}}],"inLanguage":"da-DK"}]}},"app_templates_about_top_banner_image":"","app_templates_about_top_banner_video":"","app_templates_about_top_banner_subtitle":"","app_templates_about_top_banner_title":"","app_templates_about_modules_sections":[],"app_templates_about_clients_bg_color":"transparent","app_templates_about_clients_title":"","app_templates_about_clients_logos":[],"app_templates_about_clients_button":{"value":"","url":"","anchor":"","blank":0},"app_templates_contact_top_banner_image":"","app_templates_contact_top_banner_video":"","app_templates_contact_top_banner_subtitle":"","app_templates_contact_top_banner_title":"","app_templates_contact_legal_company_name":"","app_templates_contact_legal_street":"","app_templates_contact_legal_zip":"","app_templates_contact_legal_city":"","app_templates_contact_offices_title":"","app_templates_contact_offices_description":"","app_templates_contact_form_subjects":[],"app_templates_contact_modules_sections":[],"app_templates_homepage_top_slider_slides":[],"app_templates_homepage_modules_sections":[],"app_templates_modules_top_banner_image":"17645","app_templates_modules_top_banner_video":"","app_templates_modules_top_banner_subtitle":"Design & Engineering","app_templates_modules_top_banner_title":"Forbedr beregning af klemkraft og optimeret bolt-design","app_templates_modules_modules_sections":[{"_type":"text_image","nav_title":"","bg_color":"transparent","title":"Reducer usikkerhed og optimer dine bolt-designs","preface":"","image":"18015","video":"","autoplay":false,"position":"right","content":"<p data-start=\"218\" data-end=\"459\">I vindm\u00f8lleengineering er design af boltesamlinger afg\u00f8rende for strukturel integritet, v\u00e6gt, omkostninger og langtidsholdbarhed. Ingeni\u00f8rer skal v\u00e6re sikre p\u00e5, at deres beregninger opn\u00e5r den tilsigtede forsp\u00e6nding under virkelige forhold.<\/p>\r\n<p data-start=\"461\" data-end=\"841\">Bolt-Check reducerer usikkerhed ved at give dit designteam mulighed for at verificere teoretiske beregninger af klemkraft gennem fysiske tests. Det hj\u00e6lper med at optimere samlingskonfigurationer, minimere materialeforbrug og specificere f\u00e6rre eller mindre bolte, hvor det er muligt \u2013 hvilket sparer b\u00e5de v\u00e6gt og omkostninger uden at g\u00e5 p\u00e5 kompromis med sikkerhed eller ydeevne.<\/p>","button":{"value":"","url":"","anchor":"","blank":"0"},"button_color":"btn-primary","services":[]},{"_type":"content","nav_title":"","bg_color":"light","title":"","body":"<h2><em>\u201cF\u00f8r var det en tidskr\u00e6vende opgave at m\u00e5le hver bolt manuelt. Nu, med RFID-tags og Bolt-Checks enkle brugerflade, kan vi gennemf\u00f8re inspektioner meget hurtigere.\"<\/em><\/h2>\r\n- Pascal Rothstein, Tekniker hos mh<sup>2<\/sup>\r\n\r\n<a href=\"https:\/\/rdtestsystems.wpdrift.dev\/cases\/mh2-offshore-optimizes-offshore-wind-turbine-maintenance\/\">L\u00e6s casen om, hvordan Bolt-Check forbedrede effektivitet og pr\u00e6cision i boltsp\u00e6ndingsopgaver.<\/a>","text_align":"center"},{"_type":"text_image","nav_title":"","bg_color":"transparent","title":"","preface":"<b>Valid\u00e9r, udf\u00f8r og forbedr dit design<\/b>","image":"18507","video":"","autoplay":false,"position":"right","content":"<p data-start=\"1144\" data-end=\"1445\">Med Bolt-Check kan du sikre, at din designintention bliver udf\u00f8rt pr\u00e6cist under samling. Installationsteams guides af dine specifikationer og kan sp\u00e6nde bolte til at matche dine beregnede forsp\u00e6ndingsv\u00e6rdier \u2013 hvilket sikrer konsistens fra design til felt.<\/p>\r\n<p data-start=\"1447\" data-end=\"1700\">Derudover giver Bolt-Check dig adgang til reelle boltdata p\u00e5 tv\u00e6rs af dine applikationer. Denne feedback-loop g\u00f8r det muligt at forfine interne designguides, validere antagelser og l\u00f8bende forbedre fremtidige designs baseret p\u00e5 faktiske driftsforhold.<\/p>\r\n<p data-start=\"1702\" data-end=\"1835\">Fra koncept til installation underst\u00f8tter Bolt-Check en mere sikker, valideret og databaseret tilgang til design af boltesamlinger.<\/p>","button":{"value":"","url":"","anchor":"","blank":"0"},"button_color":"btn-primary","services":[]},{"_type":"text_image","nav_title":"","bg_color":"transparent","title":"","preface":"<b>Hvordan Bolt-Check skaber v\u00e6rdi for design og engineering:<\/b>","image":"18484","video":"","autoplay":false,"position":"left","content":"<ul>\r\n \t<li>Reduceret usikkerhed i forsp\u00e6ndingsberegninger<\/li>\r\n \t<li>Optimer design til f\u00e6rre eller mindre bolte, reducer materialeforbrug og v\u00e6gt<\/li>\r\n \t<li>Valid\u00e9r specifikationer for klemkraft gennem fysiske tests<\/li>\r\n \t<li>Sikr pr\u00e6cision ved installation i felten i overensstemmelse med designintention<\/li>\r\n \t<li>\u00d8g tilliden til samlingsydelse og strukturel p\u00e5lidelighed<\/li>\r\n<\/ul>","button":{"value":"","url":"mailto:sales@bolt-check.com","anchor":"Tal med vores eksperter","blank":"0"},"button_color":"btn-yellow","services":[]},{"_type":"image_banner","nav_title":"","bg_color":"transparent","image":"18461","pretitle":"N\u00f8glefunktioner","title":"Optimer designet af boltesamlinger","description":"<ul>\r\n \t<li>\r\n<h5>Test og valid\u00e9r samlingsdesign for at reducere usikkerhed<\/h5>\r\n<\/li>\r\n \t<li>\r\n<h5>Bekr\u00e6ft, at den specificerede klemkraft opn\u00e5s konsekvent<\/h5>\r\n<\/li>\r\n \t<li>\r\n<h5>Muligg\u00f8r materialebesparelse og v\u00e6gtreduktion gennem optimerede designs<\/h5>\r\n<\/li>\r\n \t<li>\r\n<h5>Oprethold installationsn\u00f8jagtighed gennem verificeret tilsp\u00e6nding<\/h5>\r\n<\/li>\r\n \t<li>\r\n<h5>Underst\u00f8t dokumentation til designverifikationsprocesser<\/h5>\r\n<\/li>\r\n<\/ul>","button":{"value":"","url":"","anchor":"","blank":"0"},"button_color":"btn-primary","services":[],"height":"short"},{"_type":"contact","nav_title":"","bg_color":"transparent","title":"Kontakt os","description":"Vil du udforske, hvordan Bolt-Check kan forbedre din designproces og hj\u00e6lpe med at optimere dine vindm\u00f8llestrukturer?\r\n\r\n<b>Kontakt os for en teknisk dialog eller demonstration.<\/b>","show_categories":false,"form_text":"","subjects":[{"_type":"_","subject":"Anmod om tilbud"},{"_type":"_","subject":"Book en demonstration"},{"_type":"_","subject":"Uddannelse"},{"_type":"_","subject":"Kalibrering"},{"_type":"_","subject":"Andet"}],"employees":[{"value":"post:employees:18093","type":"post","subtype":"employees","id":"18093"}],"hide_responsibilities":false}],"app_templates_modules_custom_backlink_link":{"value":"","url":"","anchor":"","blank":"0"},"app_templates_privacy_policy_top_banner_image":"","app_templates_privacy_policy_top_banner_video":"","app_templates_privacy_policy_top_banner_subtitle":"","app_templates_privacy_policy_top_banner_title":"","_links":{"self":[{"href":"https:\/\/rdtestsystems.wpdrift.dev\/da\/wp-json\/wp\/v2\/pages\/18789","targetHints":{"allow":["GET"]}}],"collection":[{"href":"https:\/\/rdtestsystems.wpdrift.dev\/da\/wp-json\/wp\/v2\/pages"}],"about":[{"href":"https:\/\/rdtestsystems.wpdrift.dev\/da\/wp-json\/wp\/v2\/types\/page"}],"author":[{"embeddable":true,"href":"https:\/\/rdtestsystems.wpdrift.dev\/da\/wp-json\/wp\/v2\/users\/23"}],"replies":[{"embeddable":true,"href":"https:\/\/rdtestsystems.wpdrift.dev\/da\/wp-json\/wp\/v2\/comments?post=18789"}],"version-history":[{"count":9,"href":"https:\/\/rdtestsystems.wpdrift.dev\/da\/wp-json\/wp\/v2\/pages\/18789\/revisions"}],"predecessor-version":[{"id":18836,"href":"https:\/\/rdtestsystems.wpdrift.dev\/da\/wp-json\/wp\/v2\/pages\/18789\/revisions\/18836"}],"up":[{"embeddable":true,"href":"https:\/\/rdtestsystems.wpdrift.dev\/da\/wp-json\/wp\/v2\/pages\/5802"}],"wp:attachment":[{"href":"https:\/\/rdtestsystems.wpdrift.dev\/da\/wp-json\/wp\/v2\/media?parent=18789"}],"curies":[{"name":"wp","href":"https:\/\/api.w.org\/{rel}","templated":true}]}}