{"id":18786,"date":"2025-07-22T14:06:08","date_gmt":"2025-07-22T12:06:08","guid":{"rendered":"https:\/\/rdtestsystems.com\/bolt-check\/bolt-manufacturer\/"},"modified":"2025-09-03T11:13:07","modified_gmt":"2025-09-03T09:13:07","slug":"bolt-manufacturer","status":"publish","type":"page","link":"https:\/\/rdtestsystems.wpdrift.dev\/da\/bolt-check\/bolt-manufacturer\/","title":{"rendered":"Boltproducent"},"content":{"rendered":"","protected":false},"excerpt":{"rendered":"","protected":false},"author":23,"featured_media":0,"parent":5802,"menu_order":2,"comment_status":"closed","ping_status":"closed","template":"views\/template-modules.blade.php","meta":{"footnotes":""},"class_list":["post-18786","page","type-page","status-publish","hentry"],"yoast_head":"<!-- This site is optimized with the Yoast SEO plugin v25.7 - https:\/\/yoast.com\/wordpress\/plugins\/seo\/ -->\n<title>Boltproducent - R&amp;D Test Systems<\/title>\n<meta name=\"robots\" content=\"noindex, follow, max-snippet:-1, max-image-preview:large, max-video-preview:-1\" \/>\n<meta property=\"og:locale\" content=\"da_DK\" \/>\n<meta property=\"og:type\" content=\"article\" \/>\n<meta property=\"og:title\" content=\"Boltproducent - R&amp;D Test Systems\" \/>\n<meta property=\"og:url\" content=\"https:\/\/rdtestsystems.wpdrift.dev\/da\/bolt-check\/bolt-manufacturer\/\" \/>\n<meta property=\"og:site_name\" content=\"R&amp;D Test Systems\" \/>\n<meta property=\"article:modified_time\" content=\"2025-09-03T09:13:07+00:00\" \/>\n<meta name=\"twitter:card\" content=\"summary_large_image\" \/>\n<script type=\"application\/ld+json\" class=\"yoast-schema-graph\">{\"@context\":\"https:\/\/schema.org\",\"@graph\":[{\"@type\":\"WebPage\",\"@id\":\"https:\/\/rdtestsystems.wpdrift.dev\/da\/bolt-check\/bolt-manufacturer\/\",\"url\":\"https:\/\/rdtestsystems.wpdrift.dev\/da\/bolt-check\/bolt-manufacturer\/\",\"name\":\"Boltproducent - R&amp;D Test Systems\",\"isPartOf\":{\"@id\":\"https:\/\/rdtestsystems.wpdrift.dev\/#website\"},\"datePublished\":\"2025-07-22T12:06:08+00:00\",\"dateModified\":\"2025-09-03T09:13:07+00:00\",\"breadcrumb\":{\"@id\":\"https:\/\/rdtestsystems.wpdrift.dev\/da\/bolt-check\/bolt-manufacturer\/#breadcrumb\"},\"inLanguage\":\"da-DK\",\"potentialAction\":[{\"@type\":\"ReadAction\",\"target\":[\"https:\/\/rdtestsystems.wpdrift.dev\/da\/bolt-check\/bolt-manufacturer\/\"]}]},{\"@type\":\"BreadcrumbList\",\"@id\":\"https:\/\/rdtestsystems.wpdrift.dev\/da\/bolt-check\/bolt-manufacturer\/#breadcrumb\",\"itemListElement\":[{\"@type\":\"ListItem\",\"position\":1,\"name\":\"Home\",\"item\":\"https:\/\/rdtestsystems.wpdrift.dev\/da\/\"},{\"@type\":\"ListItem\",\"position\":2,\"name\":\"Bolt-Check\",\"item\":\"https:\/\/rdtestsystems.wpdrift.dev\/da\/bolt-check\/\"},{\"@type\":\"ListItem\",\"position\":3,\"name\":\"Boltproducent\"}]},{\"@type\":\"WebSite\",\"@id\":\"https:\/\/rdtestsystems.wpdrift.dev\/#website\",\"url\":\"https:\/\/rdtestsystems.wpdrift.dev\/\",\"name\":\"R&amp;D Test Systems\",\"description\":\"Creating Value Through World-Class Engineering\",\"potentialAction\":[{\"@type\":\"SearchAction\",\"target\":{\"@type\":\"EntryPoint\",\"urlTemplate\":\"https:\/\/rdtestsystems.wpdrift.dev\/?s={search_term_string}\"},\"query-input\":{\"@type\":\"PropertyValueSpecification\",\"valueRequired\":true,\"valueName\":\"search_term_string\"}}],\"inLanguage\":\"da-DK\"}]}<\/script>\n<!-- \/ Yoast SEO plugin. -->","yoast_head_json":{"title":"Boltproducent - R&amp;D Test Systems","robots":{"index":"noindex","follow":"follow","max-snippet":"max-snippet:-1","max-image-preview":"max-image-preview:large","max-video-preview":"max-video-preview:-1"},"og_locale":"da_DK","og_type":"article","og_title":"Boltproducent - R&amp;D Test Systems","og_url":"https:\/\/rdtestsystems.wpdrift.dev\/da\/bolt-check\/bolt-manufacturer\/","og_site_name":"R&amp;D Test Systems","article_modified_time":"2025-09-03T09:13:07+00:00","twitter_card":"summary_large_image","schema":{"@context":"https:\/\/schema.org","@graph":[{"@type":"WebPage","@id":"https:\/\/rdtestsystems.wpdrift.dev\/da\/bolt-check\/bolt-manufacturer\/","url":"https:\/\/rdtestsystems.wpdrift.dev\/da\/bolt-check\/bolt-manufacturer\/","name":"Boltproducent - R&amp;D Test Systems","isPartOf":{"@id":"https:\/\/rdtestsystems.wpdrift.dev\/#website"},"datePublished":"2025-07-22T12:06:08+00:00","dateModified":"2025-09-03T09:13:07+00:00","breadcrumb":{"@id":"https:\/\/rdtestsystems.wpdrift.dev\/da\/bolt-check\/bolt-manufacturer\/#breadcrumb"},"inLanguage":"da-DK","potentialAction":[{"@type":"ReadAction","target":["https:\/\/rdtestsystems.wpdrift.dev\/da\/bolt-check\/bolt-manufacturer\/"]}]},{"@type":"BreadcrumbList","@id":"https:\/\/rdtestsystems.wpdrift.dev\/da\/bolt-check\/bolt-manufacturer\/#breadcrumb","itemListElement":[{"@type":"ListItem","position":1,"name":"Home","item":"https:\/\/rdtestsystems.wpdrift.dev\/da\/"},{"@type":"ListItem","position":2,"name":"Bolt-Check","item":"https:\/\/rdtestsystems.wpdrift.dev\/da\/bolt-check\/"},{"@type":"ListItem","position":3,"name":"Boltproducent"}]},{"@type":"WebSite","@id":"https:\/\/rdtestsystems.wpdrift.dev\/#website","url":"https:\/\/rdtestsystems.wpdrift.dev\/","name":"R&amp;D Test Systems","description":"Creating Value Through World-Class Engineering","potentialAction":[{"@type":"SearchAction","target":{"@type":"EntryPoint","urlTemplate":"https:\/\/rdtestsystems.wpdrift.dev\/?s={search_term_string}"},"query-input":{"@type":"PropertyValueSpecification","valueRequired":true,"valueName":"search_term_string"}}],"inLanguage":"da-DK"}]}},"app_templates_about_top_banner_image":"","app_templates_about_top_banner_video":"","app_templates_about_top_banner_subtitle":"","app_templates_about_top_banner_title":"","app_templates_about_modules_sections":[],"app_templates_about_clients_bg_color":"transparent","app_templates_about_clients_title":"","app_templates_about_clients_logos":[],"app_templates_about_clients_button":{"value":"","url":"","anchor":"","blank":0},"app_templates_contact_top_banner_image":"","app_templates_contact_top_banner_video":"","app_templates_contact_top_banner_subtitle":"","app_templates_contact_top_banner_title":"","app_templates_contact_legal_company_name":"","app_templates_contact_legal_street":"","app_templates_contact_legal_zip":"","app_templates_contact_legal_city":"","app_templates_contact_offices_title":"","app_templates_contact_offices_description":"","app_templates_contact_form_subjects":[],"app_templates_contact_modules_sections":[],"app_templates_homepage_top_slider_slides":[],"app_templates_homepage_modules_sections":[],"app_templates_modules_top_banner_image":"17470","app_templates_modules_top_banner_video":"","app_templates_modules_top_banner_subtitle":"Boltproducent","app_templates_modules_top_banner_title":"For\u00f8g v\u00e6rdien af dine bolte","app_templates_modules_modules_sections":[{"_type":"text_image","nav_title":"","bg_color":"transparent","title":"Bring dine bolte til live","preface":"","image":"18467","video":"","autoplay":false,"position":"right","content":"<p data-start=\"175\" data-end=\"512\">Som boltproducent spiller du en central rolle i at sikre integriteten og sikkerheden af boltesamlinger i vindm\u00f8ller og andre h\u00f8jtydende applikationer. Med stigende forventninger fra OEM\u2019er og installat\u00f8rer om h\u00f8jere standarder, bedre dokumentation og smartere l\u00f8sninger kr\u00e6ver det mere end kvalitet alene at forblive konkurrencedygtig.<\/p>\r\n<p data-start=\"514\" data-end=\"919\">Ved at integrere Bolt-Check i din produktion bliver hver bolt fuldt sporbar gennem hele dens livscyklus. Et unikt ID-tag kobler bolten til data som type, st\u00f8rrelse, materialeklasse, E-modul, batchnummer og ultralydsm\u00e5linger. Ved scanning af tagget f\u00e5r man \u00f8jeblikkelig adgang til disse informationer, hvilket hj\u00e6lper dine kunder med at forbedre kvalitetskontrol, serviceplanl\u00e6gning og livscyklusstyring.<\/p>","button":{"value":"","url":"mailto:sales@bolt-check.com","anchor":"Tal med os om at integrere Bolt-Check i din produktion","blank":"0"},"button_color":"btn-yellow","services":[]},{"_type":"content","nav_title":"","bg_color":"light","title":"","body":"<h2><em>\"\"Bolt-Check giver en enkel, men meget effektiv m\u00e5de at verificere sp\u00e6nding p\u00e5. Fasteners m\u00e5les p\u00e5 fabrikken, installeres og genm\u00e5les derefter i felten for at kontrollere eventuelt sp\u00e6ndingstab. Det er en ligetil proces, der g\u00f8r det muligt for kunderne at sikre, at deres fasteners forbliver sikre.\"<\/em><\/h2>\r\n- Boltproducent der har Bolt-Check integreret","text_align":"center"},{"_type":"text_image","nav_title":"","bg_color":"transparent","title":"","preface":"<b>Tilbyd verificeret ydeevne og skab ny v\u00e6rdi for dine kunder<\/b>","image":"18526","video":"","autoplay":false,"position":"left","content":"<p data-start=\"1324\" data-end=\"1597\">Bolt-Check giver mere end dokumentation. Ved at udf\u00f8re en ultralyds-referencem\u00e5ling p\u00e5 hver bolt under produktionen leverer du et p\u00e5lideligt udgangspunkt for fremtidige m\u00e5linger af forl\u00e6ngelse og sp\u00e6nding.<\/p>\r\n<p data-start=\"1599\" data-end=\"1840\">Dette hj\u00e6lper dine kunder med at forenkle installation, reducere kompleksitet p\u00e5 site og sikre ensartet m\u00e5len\u00f8jagtighed. Det muligg\u00f8r ogs\u00e5 et skifte fra faste serviceintervaller til pr\u00e6diktiv vedligehold baseret p\u00e5 den faktiske boltydelse.<\/p>\r\n<p data-start=\"1842\" data-end=\"1940\">Med Bolt-Check leverer du mere end bolte \u2014 du leverer indsigt, p\u00e5lidelighed og langsigtet v\u00e6rdi.<\/p>","button":{"value":"","url":"","anchor":"","blank":"0"},"button_color":"btn-primary","services":[]},{"_type":"image_banner","nav_title":"","bg_color":"transparent","image":"18288","pretitle":"N\u00f8glefunktioner","title":"Giv kunderne flere grunde til at v\u00e6lge dig","description":"<ul data-start=\"362\" data-end=\"616\">\r\n \t<li data-start=\"362\" data-end=\"402\">\r\n<h5 data-start=\"364\" data-end=\"402\">Fuldt dokumenterede og sporbare bolte<\/h5>\r\n<\/li>\r\n \t<li data-start=\"362\" data-end=\"402\">\r\n<h5 data-start=\"364\" data-end=\"402\">\u00d8jeblikkelig dataadgang via scannbart ID-tag<\/h5>\r\n<\/li>\r\n \t<li data-start=\"362\" data-end=\"402\">\r\n<h5 data-start=\"364\" data-end=\"402\">Indeholder st\u00f8rrelse, materialeklasse, E-modul og batchinfo<\/h5>\r\n<\/li>\r\n \t<li data-start=\"362\" data-end=\"402\">\r\n<h5 data-start=\"364\" data-end=\"402\">Referencem\u00e5linger muligg\u00f8r sp\u00e6ndingskontrol i felten<\/h5>\r\n<\/li>\r\n \t<li data-start=\"362\" data-end=\"402\">\r\n<h5 data-start=\"364\" data-end=\"402\">Underst\u00f8tter pr\u00e6diktiv vedligehold med reelle boltdata<\/h5>\r\n<\/li>\r\n<\/ul>","button":{"value":"","url":"mailto:sales@bolt-check.com","anchor":"Begynd at levere smartere, sporbare bolte i dag","blank":"0"},"button_color":"btn-yellow","services":[],"height":"short"},{"_type":"timeline","nav_title":"","bg_color":"transparent","title":"S\u00e5dan fungerer det","description":"Processen med at implementere Bolt-Check og det unikke RFID-tag i bolte.","items":[{"_type":"_","label":"1. Forbered bolt","title":"","description":"<h5>1. Forbered bolt til tag<\/h5>\r\nFor at rumme RFID-tagget bores et foruddefineret lille hul i toppen af bolten eller studsen."},{"_type":"_","label":"2. Tilf\u00f8j RFID tag","title":"","description":"<h5>2. Tilf\u00f8j RFID-tag til bolt<\/h5>\r\nLim det lille gule RFID-tag ned i det borede hul i bolten eller studsen."},{"_type":"_","label":"3. Pr\u00e6-m\u00e5ling","title":"","description":"<h5>3. Registr\u00e9r data og pr\u00e6-m\u00e5ling<\/h5>\r\nRegistr\u00e9r og tilf\u00f8j data som type, st\u00f8rrelse, materialeklasse, E-modul og batchnummer, og udf\u00f8r en pr\u00e6-m\u00e5ling af bolten med Bolt-Check."}]},{"_type":"contact","nav_title":"","bg_color":"light","title":"Lad os tale bolt-kvalitet","description":"Vil du vide mere om Bolt-Check og im\u00f8dekomme kundernes krav til dokumentation og sporbarhed?\r\n\r\n<b>Kontakt os for en teknisk dialog eller demonstration.<\/b>","show_categories":false,"form_text":"","subjects":[{"_type":"_","subject":"Anmod om tilbud"},{"_type":"_","subject":"Book en demonstration"},{"_type":"_","subject":"Uddannelse"},{"_type":"_","subject":"Kalibrering"},{"_type":"_","subject":"Andet"}],"employees":[{"value":"post:employees:18093","type":"post","subtype":"employees","id":"18093"}],"hide_responsibilities":false}],"app_templates_modules_custom_backlink_link":{"value":"","url":"","anchor":"","blank":"0"},"app_templates_privacy_policy_top_banner_image":"","app_templates_privacy_policy_top_banner_video":"","app_templates_privacy_policy_top_banner_subtitle":"","app_templates_privacy_policy_top_banner_title":"","_links":{"self":[{"href":"https:\/\/rdtestsystems.wpdrift.dev\/da\/wp-json\/wp\/v2\/pages\/18786","targetHints":{"allow":["GET"]}}],"collection":[{"href":"https:\/\/rdtestsystems.wpdrift.dev\/da\/wp-json\/wp\/v2\/pages"}],"about":[{"href":"https:\/\/rdtestsystems.wpdrift.dev\/da\/wp-json\/wp\/v2\/types\/page"}],"author":[{"embeddable":true,"href":"https:\/\/rdtestsystems.wpdrift.dev\/da\/wp-json\/wp\/v2\/users\/23"}],"replies":[{"embeddable":true,"href":"https:\/\/rdtestsystems.wpdrift.dev\/da\/wp-json\/wp\/v2\/comments?post=18786"}],"version-history":[{"count":3,"href":"https:\/\/rdtestsystems.wpdrift.dev\/da\/wp-json\/wp\/v2\/pages\/18786\/revisions"}],"predecessor-version":[{"id":18812,"href":"https:\/\/rdtestsystems.wpdrift.dev\/da\/wp-json\/wp\/v2\/pages\/18786\/revisions\/18812"}],"up":[{"embeddable":true,"href":"https:\/\/rdtestsystems.wpdrift.dev\/da\/wp-json\/wp\/v2\/pages\/5802"}],"wp:attachment":[{"href":"https:\/\/rdtestsystems.wpdrift.dev\/da\/wp-json\/wp\/v2\/media?parent=18786"}],"curies":[{"name":"wp","href":"https:\/\/api.w.org\/{rel}","templated":true}]}}