{"id":18784,"date":"2025-07-22T13:15:53","date_gmt":"2025-07-22T11:15:53","guid":{"rendered":"https:\/\/rdtestsystems.com\/bolt-check\/installation\/"},"modified":"2025-09-24T13:51:08","modified_gmt":"2025-09-24T11:51:08","slug":"installation","status":"publish","type":"page","link":"https:\/\/rdtestsystems.wpdrift.dev\/da\/bolt-check\/installation\/","title":{"rendered":"Installation"},"content":{"rendered":"","protected":false},"excerpt":{"rendered":"","protected":false},"author":23,"featured_media":0,"parent":5802,"menu_order":1,"comment_status":"closed","ping_status":"closed","template":"views\/template-modules.blade.php","meta":{"footnotes":""},"class_list":["post-18784","page","type-page","status-publish","hentry"],"yoast_head":"<!-- This site is optimized with the Yoast SEO plugin v25.7 - https:\/\/yoast.com\/wordpress\/plugins\/seo\/ -->\n<title>Installation - R&amp;D Test Systems<\/title>\n<meta name=\"robots\" content=\"noindex, follow, max-snippet:-1, max-image-preview:large, max-video-preview:-1\" \/>\n<meta property=\"og:locale\" content=\"da_DK\" \/>\n<meta property=\"og:type\" content=\"article\" \/>\n<meta property=\"og:title\" content=\"Installation - R&amp;D Test Systems\" \/>\n<meta property=\"og:url\" content=\"https:\/\/rdtestsystems.wpdrift.dev\/da\/bolt-check\/installation\/\" \/>\n<meta property=\"og:site_name\" content=\"R&amp;D Test Systems\" \/>\n<meta property=\"article:modified_time\" content=\"2025-09-24T11:51:08+00:00\" \/>\n<meta name=\"twitter:card\" content=\"summary_large_image\" \/>\n<script type=\"application\/ld+json\" class=\"yoast-schema-graph\">{\"@context\":\"https:\/\/schema.org\",\"@graph\":[{\"@type\":\"WebPage\",\"@id\":\"https:\/\/rdtestsystems.wpdrift.dev\/da\/bolt-check\/installation\/\",\"url\":\"https:\/\/rdtestsystems.wpdrift.dev\/da\/bolt-check\/installation\/\",\"name\":\"Installation - R&amp;D Test Systems\",\"isPartOf\":{\"@id\":\"https:\/\/rdtestsystems.wpdrift.dev\/#website\"},\"datePublished\":\"2025-07-22T11:15:53+00:00\",\"dateModified\":\"2025-09-24T11:51:08+00:00\",\"breadcrumb\":{\"@id\":\"https:\/\/rdtestsystems.wpdrift.dev\/da\/bolt-check\/installation\/#breadcrumb\"},\"inLanguage\":\"da-DK\",\"potentialAction\":[{\"@type\":\"ReadAction\",\"target\":[\"https:\/\/rdtestsystems.wpdrift.dev\/da\/bolt-check\/installation\/\"]}]},{\"@type\":\"BreadcrumbList\",\"@id\":\"https:\/\/rdtestsystems.wpdrift.dev\/da\/bolt-check\/installation\/#breadcrumb\",\"itemListElement\":[{\"@type\":\"ListItem\",\"position\":1,\"name\":\"Home\",\"item\":\"https:\/\/rdtestsystems.wpdrift.dev\/da\/\"},{\"@type\":\"ListItem\",\"position\":2,\"name\":\"Bolt-Check\",\"item\":\"https:\/\/rdtestsystems.wpdrift.dev\/da\/bolt-check\/\"},{\"@type\":\"ListItem\",\"position\":3,\"name\":\"Installation\"}]},{\"@type\":\"WebSite\",\"@id\":\"https:\/\/rdtestsystems.wpdrift.dev\/#website\",\"url\":\"https:\/\/rdtestsystems.wpdrift.dev\/\",\"name\":\"R&amp;D Test Systems\",\"description\":\"Creating Value Through World-Class Engineering\",\"potentialAction\":[{\"@type\":\"SearchAction\",\"target\":{\"@type\":\"EntryPoint\",\"urlTemplate\":\"https:\/\/rdtestsystems.wpdrift.dev\/?s={search_term_string}\"},\"query-input\":{\"@type\":\"PropertyValueSpecification\",\"valueRequired\":true,\"valueName\":\"search_term_string\"}}],\"inLanguage\":\"da-DK\"}]}<\/script>\n<!-- \/ Yoast SEO plugin. -->","yoast_head_json":{"title":"Installation - R&amp;D Test Systems","robots":{"index":"noindex","follow":"follow","max-snippet":"max-snippet:-1","max-image-preview":"max-image-preview:large","max-video-preview":"max-video-preview:-1"},"og_locale":"da_DK","og_type":"article","og_title":"Installation - R&amp;D Test Systems","og_url":"https:\/\/rdtestsystems.wpdrift.dev\/da\/bolt-check\/installation\/","og_site_name":"R&amp;D Test Systems","article_modified_time":"2025-09-24T11:51:08+00:00","twitter_card":"summary_large_image","schema":{"@context":"https:\/\/schema.org","@graph":[{"@type":"WebPage","@id":"https:\/\/rdtestsystems.wpdrift.dev\/da\/bolt-check\/installation\/","url":"https:\/\/rdtestsystems.wpdrift.dev\/da\/bolt-check\/installation\/","name":"Installation - R&amp;D Test Systems","isPartOf":{"@id":"https:\/\/rdtestsystems.wpdrift.dev\/#website"},"datePublished":"2025-07-22T11:15:53+00:00","dateModified":"2025-09-24T11:51:08+00:00","breadcrumb":{"@id":"https:\/\/rdtestsystems.wpdrift.dev\/da\/bolt-check\/installation\/#breadcrumb"},"inLanguage":"da-DK","potentialAction":[{"@type":"ReadAction","target":["https:\/\/rdtestsystems.wpdrift.dev\/da\/bolt-check\/installation\/"]}]},{"@type":"BreadcrumbList","@id":"https:\/\/rdtestsystems.wpdrift.dev\/da\/bolt-check\/installation\/#breadcrumb","itemListElement":[{"@type":"ListItem","position":1,"name":"Home","item":"https:\/\/rdtestsystems.wpdrift.dev\/da\/"},{"@type":"ListItem","position":2,"name":"Bolt-Check","item":"https:\/\/rdtestsystems.wpdrift.dev\/da\/bolt-check\/"},{"@type":"ListItem","position":3,"name":"Installation"}]},{"@type":"WebSite","@id":"https:\/\/rdtestsystems.wpdrift.dev\/#website","url":"https:\/\/rdtestsystems.wpdrift.dev\/","name":"R&amp;D Test Systems","description":"Creating Value Through World-Class Engineering","potentialAction":[{"@type":"SearchAction","target":{"@type":"EntryPoint","urlTemplate":"https:\/\/rdtestsystems.wpdrift.dev\/?s={search_term_string}"},"query-input":{"@type":"PropertyValueSpecification","valueRequired":true,"valueName":"search_term_string"}}],"inLanguage":"da-DK"}]}},"app_templates_about_top_banner_image":"","app_templates_about_top_banner_video":"","app_templates_about_top_banner_subtitle":"","app_templates_about_top_banner_title":"","app_templates_about_modules_sections":[],"app_templates_about_clients_bg_color":"transparent","app_templates_about_clients_title":"","app_templates_about_clients_logos":[],"app_templates_about_clients_button":{"value":"","url":"","anchor":"","blank":0},"app_templates_contact_top_banner_image":"","app_templates_contact_top_banner_video":"","app_templates_contact_top_banner_subtitle":"","app_templates_contact_top_banner_title":"","app_templates_contact_legal_company_name":"","app_templates_contact_legal_street":"","app_templates_contact_legal_zip":"","app_templates_contact_legal_city":"","app_templates_contact_offices_title":"","app_templates_contact_offices_description":"","app_templates_contact_form_subjects":[],"app_templates_contact_modules_sections":[],"app_templates_homepage_top_slider_slides":[],"app_templates_homepage_modules_sections":[],"app_templates_modules_top_banner_image":"18015","app_templates_modules_top_banner_video":"","app_templates_modules_top_banner_subtitle":"Installation","app_templates_modules_top_banner_title":"Sikker, p\u00e5lidelig og databaseret boltinstallation","app_templates_modules_modules_sections":[{"_type":"text_image","nav_title":"","bg_color":"transparent","title":"Enkel boltinstallation","preface":"","image":"17451","video":"","autoplay":false,"position":"right","content":"<p data-start=\"193\" data-end=\"419\">Under installation af vindm\u00f8ller er pr\u00e6cision og dokumentation afg\u00f8rende. Hver boltesamling skal opfylde strenge specifikationer for at sikre langtidsholdbarhed og sikkerhed, og tilsp\u00e6ndingsprocessen skal v\u00e6re fuldt sporbar.<\/p>\r\n<p data-start=\"421\" data-end=\"577\">Med Bolt-Check kan installationsteams udf\u00f8re databaseret bolt-tilsp\u00e6nding med h\u00f8j pr\u00e6cision og sikre, at hver samling bliver korrekt og p\u00e5lideligt udf\u00f8rt.<\/p>\r\n<p data-start=\"579\" data-end=\"875\">Manuel dataindtastning fjernes, da alle tilsp\u00e6ndingsdata automatisk registreres og uploades til skyen. Dette reducerer risikoen for menneskelige fejl og sikrer, at kritisk dokumentation aldrig g\u00e5r tabt. Processen str\u00f8mliner arbejdsgange og underst\u00f8tter fuld overholdelse af OEM- og projektkrav.<\/p>\r\n<p data-start=\"877\" data-end=\"997\"><strong>Kort sagt g\u00f8r Bolt-Check boltinstallation enklere samtidig med at n\u00f8jagtighed, sporbarhed og ansvarlighed forbedres.<\/strong><\/p>","button":{"value":"","url":"","anchor":"","blank":"0"},"button_color":"btn-primary","services":[]},{"_type":"content","nav_title":"","bg_color":"light","title":"","body":"<h2><em>\"Alle store bolte, der kr\u00e6ver pr\u00e6cis sp\u00e6nding, b\u00f8r kontrolleres med ultralydsm\u00e5ling. Det \u00f8ger boltens levetid og sikrer ensartet og korrekt tilsp\u00e6nding.\u201d<\/em><\/h2>\r\n- Mr. Ey\u00f0finnur Lenvig, Tekniker hos J&amp;K Petersen Contractors\r\n\r\n<a href=\"https:\/\/rdtestsystems.wpdrift.dev\/cases\/reduction-of-service-maintenance-costs-by-75-percent\/\">L\u00e6s casen om, hvordan Bolt-Check reducerede vedligeholdelsesomkostningerne med 75 %.<\/a>","text_align":"center"},{"_type":"text_image","nav_title":"","bg_color":"transparent","title":"","preface":"<b>Hvordan Bolt-Check skaber v\u00e6rdi for installationsteams:<\/b>","image":"18873","video":"","autoplay":false,"position":"left","content":"<ul>\r\n \t<li>Muligg\u00f8r pr\u00e6cis, specifikationsbaseret bolt-tilsp\u00e6nding<\/li>\r\n \t<li>Fjerner behovet for manuel dataindtastning<\/li>\r\n \t<li>Gemmer dokumentation automatisk i skyen<\/li>\r\n \t<li>Minimerer risikoen for menneskelige fejl under installation<\/li>\r\n \t<li>Sikrer fuld sporbarhed og projekt-overholdelse<\/li>\r\n<\/ul>","button":{"value":"","url":"mailto:sales@bolt-check.com","anchor":"Tal med vores eksperter","blank":"0"},"button_color":"btn-yellow","services":[]},{"_type":"image_banner","nav_title":"","bg_color":"transparent","image":"18360","pretitle":"N\u00f8glefunktioner","title":"Pr\u00e6cis tilsp\u00e6nding med fuld dokumentation","description":"<ul>\r\n \t<li data-start=\"273\" data-end=\"337\">\r\n<h5 data-start=\"275\" data-end=\"337\">H\u00f8jpr\u00e6cis boltsp\u00e6ndingsverifikation under installation<\/h5>\r\n<\/li>\r\n \t<li data-start=\"273\" data-end=\"337\">\r\n<h5 data-start=\"275\" data-end=\"337\">Automatisk registrering og lagring af tilsp\u00e6ndingsdata<\/h5>\r\n<\/li>\r\n \t<li data-start=\"273\" data-end=\"337\">\r\n<h5 data-start=\"275\" data-end=\"337\">Cloud-baseret adgang til al boltdokumentation<\/h5>\r\n<\/li>\r\n \t<li data-start=\"273\" data-end=\"337\">\r\n<h5 data-start=\"275\" data-end=\"337\">Underst\u00f8tter installation i henhold til designspecifikationer<\/h5>\r\n<\/li>\r\n \t<li data-start=\"273\" data-end=\"337\">\r\n<h5 data-start=\"275\" data-end=\"337\">Muligg\u00f8r fuld sporbarhed fra moment til endelig aflevering<\/h5>\r\n<\/li>\r\n<\/ul>","button":{"value":"","url":"","anchor":"","blank":"0"},"button_color":"btn-primary","services":[],"height":"short"},{"_type":"contact","nav_title":"","bg_color":"transparent","title":"Kontakt os","description":"Vil du h\u00f8re, hvordan Bolt-Check kan forbedre kvaliteten og effektiviteten af dine installationer?\r\n\r\n<b>Kontakt os for en teknisk dialog eller demonstration.<\/b>","show_categories":false,"form_text":"","subjects":[{"_type":"_","subject":"Anmod om tilbud"},{"_type":"_","subject":"Book en demonstration"},{"_type":"_","subject":"Uddannelse"},{"_type":"_","subject":"Kalibrering"},{"_type":"_","subject":"Andet"}],"employees":[{"value":"post:employees:18093","type":"post","subtype":"employees","id":"18093"}],"hide_responsibilities":false}],"app_templates_modules_custom_backlink_link":{"value":"","url":"","anchor":"","blank":"0"},"app_templates_privacy_policy_top_banner_image":"","app_templates_privacy_policy_top_banner_video":"","app_templates_privacy_policy_top_banner_subtitle":"","app_templates_privacy_policy_top_banner_title":"","_links":{"self":[{"href":"https:\/\/rdtestsystems.wpdrift.dev\/da\/wp-json\/wp\/v2\/pages\/18784","targetHints":{"allow":["GET"]}}],"collection":[{"href":"https:\/\/rdtestsystems.wpdrift.dev\/da\/wp-json\/wp\/v2\/pages"}],"about":[{"href":"https:\/\/rdtestsystems.wpdrift.dev\/da\/wp-json\/wp\/v2\/types\/page"}],"author":[{"embeddable":true,"href":"https:\/\/rdtestsystems.wpdrift.dev\/da\/wp-json\/wp\/v2\/users\/23"}],"replies":[{"embeddable":true,"href":"https:\/\/rdtestsystems.wpdrift.dev\/da\/wp-json\/wp\/v2\/comments?post=18784"}],"version-history":[{"count":4,"href":"https:\/\/rdtestsystems.wpdrift.dev\/da\/wp-json\/wp\/v2\/pages\/18784\/revisions"}],"predecessor-version":[{"id":18885,"href":"https:\/\/rdtestsystems.wpdrift.dev\/da\/wp-json\/wp\/v2\/pages\/18784\/revisions\/18885"}],"up":[{"embeddable":true,"href":"https:\/\/rdtestsystems.wpdrift.dev\/da\/wp-json\/wp\/v2\/pages\/5802"}],"wp:attachment":[{"href":"https:\/\/rdtestsystems.wpdrift.dev\/da\/wp-json\/wp\/v2\/media?parent=18784"}],"curies":[{"name":"wp","href":"https:\/\/api.w.org\/{rel}","templated":true}]}}