{"id":18781,"date":"2025-07-22T14:05:09","date_gmt":"2025-07-22T12:05:09","guid":{"rendered":"https:\/\/rdtestsystems.com\/bolt-check\/service-retrofit\/"},"modified":"2025-09-25T15:49:26","modified_gmt":"2025-09-25T13:49:26","slug":"service-retrofit","status":"publish","type":"page","link":"https:\/\/rdtestsystems.wpdrift.dev\/da\/bolt-check\/service-retrofit\/","title":{"rendered":"Service og Retrofit"},"content":{"rendered":"","protected":false},"excerpt":{"rendered":"","protected":false},"author":23,"featured_media":0,"parent":5802,"menu_order":0,"comment_status":"closed","ping_status":"closed","template":"views\/template-modules.blade.php","meta":{"footnotes":""},"class_list":["post-18781","page","type-page","status-publish","hentry"],"yoast_head":"<!-- This site is optimized with the Yoast SEO plugin v25.7 - https:\/\/yoast.com\/wordpress\/plugins\/seo\/ -->\n<title>Service og Retrofit - R&amp;D Test Systems<\/title>\n<meta name=\"robots\" content=\"noindex, follow, max-snippet:-1, max-image-preview:large, max-video-preview:-1\" \/>\n<meta property=\"og:locale\" content=\"da_DK\" \/>\n<meta property=\"og:type\" content=\"article\" \/>\n<meta property=\"og:title\" content=\"Service og Retrofit - R&amp;D Test Systems\" \/>\n<meta property=\"og:url\" content=\"https:\/\/rdtestsystems.wpdrift.dev\/da\/bolt-check\/service-retrofit\/\" \/>\n<meta property=\"og:site_name\" content=\"R&amp;D Test Systems\" \/>\n<meta property=\"article:modified_time\" content=\"2025-09-25T13:49:26+00:00\" \/>\n<meta name=\"twitter:card\" content=\"summary_large_image\" \/>\n<script type=\"application\/ld+json\" class=\"yoast-schema-graph\">{\"@context\":\"https:\/\/schema.org\",\"@graph\":[{\"@type\":\"WebPage\",\"@id\":\"https:\/\/rdtestsystems.wpdrift.dev\/da\/bolt-check\/service-retrofit\/\",\"url\":\"https:\/\/rdtestsystems.wpdrift.dev\/da\/bolt-check\/service-retrofit\/\",\"name\":\"Service og Retrofit - R&amp;D Test Systems\",\"isPartOf\":{\"@id\":\"https:\/\/rdtestsystems.wpdrift.dev\/#website\"},\"datePublished\":\"2025-07-22T12:05:09+00:00\",\"dateModified\":\"2025-09-25T13:49:26+00:00\",\"breadcrumb\":{\"@id\":\"https:\/\/rdtestsystems.wpdrift.dev\/da\/bolt-check\/service-retrofit\/#breadcrumb\"},\"inLanguage\":\"da-DK\",\"potentialAction\":[{\"@type\":\"ReadAction\",\"target\":[\"https:\/\/rdtestsystems.wpdrift.dev\/da\/bolt-check\/service-retrofit\/\"]}]},{\"@type\":\"BreadcrumbList\",\"@id\":\"https:\/\/rdtestsystems.wpdrift.dev\/da\/bolt-check\/service-retrofit\/#breadcrumb\",\"itemListElement\":[{\"@type\":\"ListItem\",\"position\":1,\"name\":\"Home\",\"item\":\"https:\/\/rdtestsystems.wpdrift.dev\/da\/\"},{\"@type\":\"ListItem\",\"position\":2,\"name\":\"Bolt-Check\",\"item\":\"https:\/\/rdtestsystems.wpdrift.dev\/da\/bolt-check\/\"},{\"@type\":\"ListItem\",\"position\":3,\"name\":\"Service og Retrofit\"}]},{\"@type\":\"WebSite\",\"@id\":\"https:\/\/rdtestsystems.wpdrift.dev\/#website\",\"url\":\"https:\/\/rdtestsystems.wpdrift.dev\/\",\"name\":\"R&amp;D Test Systems\",\"description\":\"Creating Value Through World-Class Engineering\",\"potentialAction\":[{\"@type\":\"SearchAction\",\"target\":{\"@type\":\"EntryPoint\",\"urlTemplate\":\"https:\/\/rdtestsystems.wpdrift.dev\/?s={search_term_string}\"},\"query-input\":{\"@type\":\"PropertyValueSpecification\",\"valueRequired\":true,\"valueName\":\"search_term_string\"}}],\"inLanguage\":\"da-DK\"}]}<\/script>\n<!-- \/ Yoast SEO plugin. -->","yoast_head_json":{"title":"Service og Retrofit - R&amp;D Test Systems","robots":{"index":"noindex","follow":"follow","max-snippet":"max-snippet:-1","max-image-preview":"max-image-preview:large","max-video-preview":"max-video-preview:-1"},"og_locale":"da_DK","og_type":"article","og_title":"Service og Retrofit - R&amp;D Test Systems","og_url":"https:\/\/rdtestsystems.wpdrift.dev\/da\/bolt-check\/service-retrofit\/","og_site_name":"R&amp;D Test Systems","article_modified_time":"2025-09-25T13:49:26+00:00","twitter_card":"summary_large_image","schema":{"@context":"https:\/\/schema.org","@graph":[{"@type":"WebPage","@id":"https:\/\/rdtestsystems.wpdrift.dev\/da\/bolt-check\/service-retrofit\/","url":"https:\/\/rdtestsystems.wpdrift.dev\/da\/bolt-check\/service-retrofit\/","name":"Service og Retrofit - R&amp;D Test Systems","isPartOf":{"@id":"https:\/\/rdtestsystems.wpdrift.dev\/#website"},"datePublished":"2025-07-22T12:05:09+00:00","dateModified":"2025-09-25T13:49:26+00:00","breadcrumb":{"@id":"https:\/\/rdtestsystems.wpdrift.dev\/da\/bolt-check\/service-retrofit\/#breadcrumb"},"inLanguage":"da-DK","potentialAction":[{"@type":"ReadAction","target":["https:\/\/rdtestsystems.wpdrift.dev\/da\/bolt-check\/service-retrofit\/"]}]},{"@type":"BreadcrumbList","@id":"https:\/\/rdtestsystems.wpdrift.dev\/da\/bolt-check\/service-retrofit\/#breadcrumb","itemListElement":[{"@type":"ListItem","position":1,"name":"Home","item":"https:\/\/rdtestsystems.wpdrift.dev\/da\/"},{"@type":"ListItem","position":2,"name":"Bolt-Check","item":"https:\/\/rdtestsystems.wpdrift.dev\/da\/bolt-check\/"},{"@type":"ListItem","position":3,"name":"Service og Retrofit"}]},{"@type":"WebSite","@id":"https:\/\/rdtestsystems.wpdrift.dev\/#website","url":"https:\/\/rdtestsystems.wpdrift.dev\/","name":"R&amp;D Test Systems","description":"Creating Value Through World-Class Engineering","potentialAction":[{"@type":"SearchAction","target":{"@type":"EntryPoint","urlTemplate":"https:\/\/rdtestsystems.wpdrift.dev\/?s={search_term_string}"},"query-input":{"@type":"PropertyValueSpecification","valueRequired":true,"valueName":"search_term_string"}}],"inLanguage":"da-DK"}]}},"app_templates_about_top_banner_image":"","app_templates_about_top_banner_video":"","app_templates_about_top_banner_subtitle":"","app_templates_about_top_banner_title":"","app_templates_about_modules_sections":[],"app_templates_about_clients_bg_color":"transparent","app_templates_about_clients_title":"","app_templates_about_clients_logos":[],"app_templates_about_clients_button":{"value":"","url":"","anchor":"","blank":0},"app_templates_contact_top_banner_image":"","app_templates_contact_top_banner_video":"","app_templates_contact_top_banner_subtitle":"","app_templates_contact_top_banner_title":"","app_templates_contact_legal_company_name":"","app_templates_contact_legal_street":"","app_templates_contact_legal_zip":"","app_templates_contact_legal_city":"","app_templates_contact_offices_title":"","app_templates_contact_offices_description":"","app_templates_contact_form_subjects":[],"app_templates_contact_modules_sections":[],"app_templates_homepage_top_slider_slides":[],"app_templates_homepage_modules_sections":[],"app_templates_modules_top_banner_image":"18432","app_templates_modules_top_banner_video":"","app_templates_modules_top_banner_subtitle":"Service & Retrofit","app_templates_modules_top_banner_title":"Sikrere, hurtigere og mere pr\u00e6cis boltvedligehold","app_templates_modules_modules_sections":[{"_type":"text_image","nav_title":"","bg_color":"transparent","title":"S\u00e6t en ny standard for boltservice og retrofit","preface":"","image":"18389","video":"","autoplay":false,"position":"right","content":"<p data-start=\"218\" data-end=\"515\">Service- og retrofitarbejde p\u00e5 vindm\u00f8ller kr\u00e6ver pr\u00e6cision, sikkerhed og effektiv planl\u00e6gning. Vedligeholdelse og opdatering af boltesamlinger \u2013 is\u00e6r p\u00e5 \u00e6ldre m\u00f8ller \u2013 kr\u00e6ver metoder, der reducerer teknikerens arbejdsbyrde, samtidig med at samlingens integritet og korrekt dokumentation bevares.<\/p>\r\n<p data-start=\"517\" data-end=\"746\">Ved kun at identificere de bolte, der kr\u00e6ver justering, reducerer Bolt-Check un\u00f8dvendigt arbejde og tunge l\u00f8ft. Det \u00f8ger sikkerheden for teknikeren, fremskynder serviceopgaver og sikrer effektiv udnyttelse af tid og ressourcer.<\/p>\r\n<p data-start=\"748\" data-end=\"999\">Bolt-Check automatiserer datalogning og dokumentation, fjerner behovet for manuel indtastning og reducerer risikoen for menneskelige fejl i m\u00e5ling og rapportering. Med p\u00e5lidelige, pr\u00e6cise data kan teknikere arbejde hurtigere og med st\u00f8rre sikkerhed.<\/p>\r\n<p data-start=\"1001\" data-end=\"1256\">Ved at levere n\u00f8jagtige tilstandsdata for hver boltesamling muligg\u00f8r Bolt-Check bedre service- og vedligeholdelsesplanl\u00e6gning, f\u00e6rre un\u00f8dvendige bes\u00f8g p\u00e5 site og underst\u00f8tter strategier for levetidsforl\u00e6ngelse \u2013 alt sammen med h\u00f8je sikkerhedsstandarder.<\/p>","button":{"value":"","url":"","anchor":"","blank":"0"},"button_color":"btn-primary","services":[]},{"_type":"content","nav_title":"","bg_color":"light","title":"","body":"<h2><em>\u201cDen st\u00f8rste fordel er, at vi ikke beh\u00f8ver at r\u00f8re bolten for at kontrollere dens tilstand. N\u00e5r man p\u00e5f\u00f8rer kraft, kan det \u00e6ndre boltens opf\u00f8rsel, men med Bolt-Check f\u00e5r vi pr\u00e6cise m\u00e5linger uden indblanding.\u201d<\/em><\/h2>\r\n- Pascal Rothstein, Tekniker hos mh<sup>2<\/sup>\r\n\r\n<a href=\"https:\/\/rdtestsystems.wpdrift.dev\/cases\/mh2-offshore-optimizes-offshore-wind-turbine-maintenance\/\">L\u00e6s casen om, hvordan Bolt-Check forbedrede effektivitet og pr\u00e6cision i boltsp\u00e6ndingsopgaver.<\/a>","text_align":"center"},{"_type":"text_image","nav_title":"","bg_color":"transparent","title":"","preface":"<b>Hvordan Bolt-Check skaber v\u00e6rdi for service og retrofit:<\/b>","image":"18450","video":"","autoplay":false,"position":"left","content":"Uanset om du forl\u00e6nger m\u00f8llens levetid eller forbedrer servicearbejdsgange, giver Bolt-Check dig v\u00e6rkt\u00f8jerne til at g\u00f8re det med sikkerhed, pr\u00e6cision og dokumentation, du kan stole p\u00e5.\r\n<ul>\r\n \t<li>Identificerer kun de bolte, der kr\u00e6ver service<\/li>\r\n \t<li>Fremskynder vedligehold og hj\u00e6lper teknikere med at fokusere deres tid<\/li>\r\n \t<li>Automatiserer datalogning og fjerner manuel dokumentation<\/li>\r\n \t<li>Reducerer risikoen for menneskelige fejl og sikrer p\u00e5lidelige registreringer<\/li>\r\n \t<li>Muligg\u00f8r databaseret serviceplanl\u00e6gning og f\u00e6rre sitebes\u00f8g<\/li>\r\n \t<li>Underst\u00f8tter levetidsforl\u00e6ngelse med tilstandsdata for bolte<\/li>\r\n<\/ul>","button":{"value":"","url":"mailto:sales@bolt-check.com","anchor":"Book en demo og se, hvordan Bolt-Check kan hj\u00e6lpe dig","blank":"0"},"button_color":"btn-yellow","services":[]},{"_type":"image_banner","nav_title":"","bg_color":"transparent","image":"18395","pretitle":"N\u00f8glefunktioner","title":"Optimer vedligehold med verificerede data","description":"<ul>\r\n \t<li data-start=\"408\" data-end=\"464\">\r\n<h5 data-start=\"410\" data-end=\"464\">Identificerer kun de bolte, der kr\u00e6ver eftersp\u00e6nding<\/h5>\r\n<\/li>\r\n \t<li data-start=\"408\" data-end=\"464\">\r\n<h5 data-start=\"410\" data-end=\"464\">Opfanger og gemmer tilsp\u00e6ndingsdata automatisk<\/h5>\r\n<\/li>\r\n \t<li data-start=\"408\" data-end=\"464\">\r\n<h5 data-start=\"410\" data-end=\"464\">Eliminerer manuel dataindtastning og menneskelige fejl<\/h5>\r\n<\/li>\r\n \t<li data-start=\"408\" data-end=\"464\">\r\n<h5 data-start=\"410\" data-end=\"464\">Giver cloud-baseret adgang til pr\u00e6cise boltdata<\/h5>\r\n<\/li>\r\n \t<li data-start=\"408\" data-end=\"464\">\r\n<h5 data-start=\"410\" data-end=\"464\">Muligg\u00f8r tilstandsbaseret vedligehold og planl\u00e6gning af levetidsforl\u00e6ngelse<\/h5>\r\n<\/li>\r\n<\/ul>","button":{"value":"","url":"","anchor":"","blank":"0"},"button_color":"btn-primary","services":[],"height":"short"},{"_type":"contact","nav_title":"","bg_color":"transparent","title":"Kontakt os","description":"Vil du h\u00f8re, hvordan Bolt-Check kan forbedre HSE, hastighed og dokumentation i dine service- og retrofitarbejder?\r\n\r\n<b>Kontakt os for en teknisk dialog eller demonstration.<\/b>","show_categories":false,"form_text":"","subjects":[{"_type":"_","subject":"Anmod om tilbud"},{"_type":"_","subject":"Book en demonstration"},{"_type":"_","subject":"Uddannelse"},{"_type":"_","subject":"Kalibrering"},{"_type":"_","subject":"Andet"}],"employees":[{"value":"post:employees:18093","type":"post","subtype":"employees","id":"18093"}],"hide_responsibilities":false}],"app_templates_modules_custom_backlink_link":{"value":"","url":"","anchor":"","blank":"0"},"app_templates_privacy_policy_top_banner_image":"","app_templates_privacy_policy_top_banner_video":"","app_templates_privacy_policy_top_banner_subtitle":"","app_templates_privacy_policy_top_banner_title":"","_links":{"self":[{"href":"https:\/\/rdtestsystems.wpdrift.dev\/da\/wp-json\/wp\/v2\/pages\/18781","targetHints":{"allow":["GET"]}}],"collection":[{"href":"https:\/\/rdtestsystems.wpdrift.dev\/da\/wp-json\/wp\/v2\/pages"}],"about":[{"href":"https:\/\/rdtestsystems.wpdrift.dev\/da\/wp-json\/wp\/v2\/types\/page"}],"author":[{"embeddable":true,"href":"https:\/\/rdtestsystems.wpdrift.dev\/da\/wp-json\/wp\/v2\/users\/23"}],"replies":[{"embeddable":true,"href":"https:\/\/rdtestsystems.wpdrift.dev\/da\/wp-json\/wp\/v2\/comments?post=18781"}],"version-history":[{"count":4,"href":"https:\/\/rdtestsystems.wpdrift.dev\/da\/wp-json\/wp\/v2\/pages\/18781\/revisions"}],"predecessor-version":[{"id":18893,"href":"https:\/\/rdtestsystems.wpdrift.dev\/da\/wp-json\/wp\/v2\/pages\/18781\/revisions\/18893"}],"up":[{"embeddable":true,"href":"https:\/\/rdtestsystems.wpdrift.dev\/da\/wp-json\/wp\/v2\/pages\/5802"}],"wp:attachment":[{"href":"https:\/\/rdtestsystems.wpdrift.dev\/da\/wp-json\/wp\/v2\/media?parent=18781"}],"curies":[{"name":"wp","href":"https:\/\/api.w.org\/{rel}","templated":true}]}}