{"id":14524,"date":"2022-11-08T14:22:56","date_gmt":"2022-11-08T13:22:56","guid":{"rendered":"https:\/\/www.rd-as.com\/digital-solutions\/"},"modified":"2025-09-22T13:07:47","modified_gmt":"2025-09-22T11:07:47","slug":"digital-solutions","status":"publish","type":"page","link":"https:\/\/rdtestsystems.wpdrift.dev\/da\/digital-solutions\/","title":{"rendered":"Digital Solutions"},"content":{"rendered":"","protected":false},"excerpt":{"rendered":"","protected":false},"author":23,"featured_media":14131,"parent":0,"menu_order":5,"comment_status":"closed","ping_status":"closed","template":"views\/template-modules.blade.php","meta":{"footnotes":""},"class_list":["post-14524","page","type-page","status-publish","has-post-thumbnail","hentry"],"yoast_head":"<!-- This site is optimized with the Yoast SEO plugin v25.7 - https:\/\/yoast.com\/wordpress\/plugins\/seo\/ -->\n<title>Digital Solutions | R&amp;D Test Systems Test Systems<\/title>\n<meta name=\"description\" content=\"R&amp;D A\/S is certified according to several certifications and we have a clear quality policy that works across the organization.\" \/>\n<meta name=\"robots\" content=\"noindex, follow, max-snippet:-1, max-image-preview:large, max-video-preview:-1\" \/>\n<meta property=\"og:locale\" content=\"da_DK\" \/>\n<meta property=\"og:type\" content=\"article\" \/>\n<meta property=\"og:title\" content=\"Digital Solutions | R&amp;D Test Systems Test Systems\" \/>\n<meta property=\"og:description\" content=\"R&amp;D A\/S is certified according to several certifications and we have a clear quality policy that works across the organization.\" \/>\n<meta property=\"og:url\" content=\"https:\/\/rdtestsystems.wpdrift.dev\/da\/digital-solutions\/\" \/>\n<meta property=\"og:site_name\" content=\"R&amp;D Test Systems\" \/>\n<meta property=\"article:modified_time\" content=\"2025-09-22T11:07:47+00:00\" \/>\n<meta property=\"og:image\" content=\"https:\/\/rdtestsystems.wpdrift.dev\/app\/uploads\/2022\/11\/AdobeStock_366262717-Converted.jpg\" \/>\n\t<meta property=\"og:image:width\" content=\"2292\" \/>\n\t<meta property=\"og:image:height\" content=\"834\" \/>\n\t<meta property=\"og:image:type\" content=\"image\/jpeg\" \/>\n<meta name=\"twitter:card\" content=\"summary_large_image\" \/>\n<meta name=\"twitter:label1\" content=\"Est. reading time\" \/>\n\t<meta name=\"twitter:data1\" content=\"1 minute\" \/>\n<script type=\"application\/ld+json\" class=\"yoast-schema-graph\">{\"@context\":\"https:\/\/schema.org\",\"@graph\":[{\"@type\":\"WebPage\",\"@id\":\"https:\/\/rdtestsystems.wpdrift.dev\/da\/digital-solutions\/\",\"url\":\"https:\/\/rdtestsystems.wpdrift.dev\/da\/digital-solutions\/\",\"name\":\"Digital Solutions | R&amp;D Test Systems Test Systems\",\"isPartOf\":{\"@id\":\"https:\/\/rdtestsystems.wpdrift.dev\/#website\"},\"primaryImageOfPage\":{\"@id\":\"https:\/\/rdtestsystems.wpdrift.dev\/da\/digital-solutions\/#primaryimage\"},\"image\":{\"@id\":\"https:\/\/rdtestsystems.wpdrift.dev\/da\/digital-solutions\/#primaryimage\"},\"thumbnailUrl\":\"https:\/\/rdtestsystems.wpdrift.dev\/app\/uploads\/2022\/11\/AdobeStock_366262717-Converted.jpg\",\"datePublished\":\"2022-11-08T13:22:56+00:00\",\"dateModified\":\"2025-09-22T11:07:47+00:00\",\"description\":\"R&D A\/S is certified according to several certifications and we have a clear quality policy that works across the organization.\",\"breadcrumb\":{\"@id\":\"https:\/\/rdtestsystems.wpdrift.dev\/da\/digital-solutions\/#breadcrumb\"},\"inLanguage\":\"da-DK\",\"potentialAction\":[{\"@type\":\"ReadAction\",\"target\":[\"https:\/\/rdtestsystems.wpdrift.dev\/da\/digital-solutions\/\"]}]},{\"@type\":\"ImageObject\",\"inLanguage\":\"da-DK\",\"@id\":\"https:\/\/rdtestsystems.wpdrift.dev\/da\/digital-solutions\/#primaryimage\",\"url\":\"https:\/\/rdtestsystems.wpdrift.dev\/app\/uploads\/2022\/11\/AdobeStock_366262717-Converted.jpg\",\"contentUrl\":\"https:\/\/rdtestsystems.wpdrift.dev\/app\/uploads\/2022\/11\/AdobeStock_366262717-Converted.jpg\",\"width\":2292,\"height\":834,\"caption\":\"Digital\"},{\"@type\":\"BreadcrumbList\",\"@id\":\"https:\/\/rdtestsystems.wpdrift.dev\/da\/digital-solutions\/#breadcrumb\",\"itemListElement\":[{\"@type\":\"ListItem\",\"position\":1,\"name\":\"Home\",\"item\":\"https:\/\/rdtestsystems.wpdrift.dev\/da\/\"},{\"@type\":\"ListItem\",\"position\":2,\"name\":\"Digital Solutions\"}]},{\"@type\":\"WebSite\",\"@id\":\"https:\/\/rdtestsystems.wpdrift.dev\/#website\",\"url\":\"https:\/\/rdtestsystems.wpdrift.dev\/\",\"name\":\"R&amp;D Test Systems\",\"description\":\"Creating Value Through World-Class Engineering\",\"potentialAction\":[{\"@type\":\"SearchAction\",\"target\":{\"@type\":\"EntryPoint\",\"urlTemplate\":\"https:\/\/rdtestsystems.wpdrift.dev\/?s={search_term_string}\"},\"query-input\":{\"@type\":\"PropertyValueSpecification\",\"valueRequired\":true,\"valueName\":\"search_term_string\"}}],\"inLanguage\":\"da-DK\"}]}<\/script>\n<!-- \/ Yoast SEO plugin. -->","yoast_head_json":{"title":"Digital Solutions | R&amp;D Test Systems Test Systems","description":"R&D A\/S is certified according to several certifications and we have a clear quality policy that works across the organization.","robots":{"index":"noindex","follow":"follow","max-snippet":"max-snippet:-1","max-image-preview":"max-image-preview:large","max-video-preview":"max-video-preview:-1"},"og_locale":"da_DK","og_type":"article","og_title":"Digital Solutions | R&amp;D Test Systems Test Systems","og_description":"R&D A\/S is certified according to several certifications and we have a clear quality policy that works across the organization.","og_url":"https:\/\/rdtestsystems.wpdrift.dev\/da\/digital-solutions\/","og_site_name":"R&amp;D Test Systems","article_modified_time":"2025-09-22T11:07:47+00:00","og_image":[{"width":2292,"height":834,"url":"https:\/\/rdtestsystems.wpdrift.dev\/app\/uploads\/2022\/11\/AdobeStock_366262717-Converted.jpg","type":"image\/jpeg"}],"twitter_card":"summary_large_image","twitter_misc":{"Est. reading time":"1 minute"},"schema":{"@context":"https:\/\/schema.org","@graph":[{"@type":"WebPage","@id":"https:\/\/rdtestsystems.wpdrift.dev\/da\/digital-solutions\/","url":"https:\/\/rdtestsystems.wpdrift.dev\/da\/digital-solutions\/","name":"Digital Solutions | R&amp;D Test Systems Test Systems","isPartOf":{"@id":"https:\/\/rdtestsystems.wpdrift.dev\/#website"},"primaryImageOfPage":{"@id":"https:\/\/rdtestsystems.wpdrift.dev\/da\/digital-solutions\/#primaryimage"},"image":{"@id":"https:\/\/rdtestsystems.wpdrift.dev\/da\/digital-solutions\/#primaryimage"},"thumbnailUrl":"https:\/\/rdtestsystems.wpdrift.dev\/app\/uploads\/2022\/11\/AdobeStock_366262717-Converted.jpg","datePublished":"2022-11-08T13:22:56+00:00","dateModified":"2025-09-22T11:07:47+00:00","description":"R&D A\/S is certified according to several certifications and we have a clear quality policy that works across the organization.","breadcrumb":{"@id":"https:\/\/rdtestsystems.wpdrift.dev\/da\/digital-solutions\/#breadcrumb"},"inLanguage":"da-DK","potentialAction":[{"@type":"ReadAction","target":["https:\/\/rdtestsystems.wpdrift.dev\/da\/digital-solutions\/"]}]},{"@type":"ImageObject","inLanguage":"da-DK","@id":"https:\/\/rdtestsystems.wpdrift.dev\/da\/digital-solutions\/#primaryimage","url":"https:\/\/rdtestsystems.wpdrift.dev\/app\/uploads\/2022\/11\/AdobeStock_366262717-Converted.jpg","contentUrl":"https:\/\/rdtestsystems.wpdrift.dev\/app\/uploads\/2022\/11\/AdobeStock_366262717-Converted.jpg","width":2292,"height":834,"caption":"Digital"},{"@type":"BreadcrumbList","@id":"https:\/\/rdtestsystems.wpdrift.dev\/da\/digital-solutions\/#breadcrumb","itemListElement":[{"@type":"ListItem","position":1,"name":"Home","item":"https:\/\/rdtestsystems.wpdrift.dev\/da\/"},{"@type":"ListItem","position":2,"name":"Digital Solutions"}]},{"@type":"WebSite","@id":"https:\/\/rdtestsystems.wpdrift.dev\/#website","url":"https:\/\/rdtestsystems.wpdrift.dev\/","name":"R&amp;D Test Systems","description":"Creating Value Through World-Class Engineering","potentialAction":[{"@type":"SearchAction","target":{"@type":"EntryPoint","urlTemplate":"https:\/\/rdtestsystems.wpdrift.dev\/?s={search_term_string}"},"query-input":{"@type":"PropertyValueSpecification","valueRequired":true,"valueName":"search_term_string"}}],"inLanguage":"da-DK"}]}},"app_templates_about_top_banner_image":"","app_templates_about_top_banner_video":"","app_templates_about_top_banner_subtitle":"","app_templates_about_top_banner_title":"","app_templates_about_modules_sections":[],"app_templates_about_clients_bg_color":"transparent","app_templates_about_clients_title":"","app_templates_about_clients_logos":[],"app_templates_about_clients_button":{"value":"","url":"","anchor":"","blank":0},"app_templates_contact_top_banner_image":"","app_templates_contact_top_banner_video":"","app_templates_contact_top_banner_subtitle":"","app_templates_contact_top_banner_title":"","app_templates_contact_legal_company_name":"","app_templates_contact_legal_street":"","app_templates_contact_legal_zip":"","app_templates_contact_legal_city":"","app_templates_contact_offices_title":"","app_templates_contact_offices_description":"","app_templates_contact_form_subjects":[],"app_templates_contact_modules_sections":[],"app_templates_homepage_top_slider_slides":[],"app_templates_homepage_modules_sections":[],"app_templates_modules_top_banner_image":"14129","app_templates_modules_top_banner_video":"","app_templates_modules_top_banner_subtitle":"Digital Solutions","app_templates_modules_top_banner_title":"Reduc\u00e9r testtid med simulering","app_templates_modules_modules_sections":[{"_type":"text_image","nav_title":"","bg_color":"transparent","title":"Bringer vindindustrien til den digitale tidsalder","preface":"Hurtigere validering, time-to-market og forbedring af samlede omkostninger ved test af nye vindm\u00f8ller.","image":"14449","video":"","autoplay":false,"position":"left","content":"Med en succesfuld track record af testsystemer til vindindustrien forts\u00e6tter R&amp;D Test Systems med at udvide sine fokusomr\u00e5der til digitale teknologier og optimering af tests ved at fjerne afstanden mellem test og simulering. Med en digital transformation af tests ved integrering af simulering og data, er det muligt at opn\u00e5 mere omkostnings- og tidseffektive testkampagner, hvilket forkorter time-to-market for vindm\u00f8llerne.\r\n\r\nVores digitale l\u00f8sninger er m\u00e5lrettet til dine behov, hvilket kan v\u00e6re en l\u00f8sning til at optimere dine simuleringer eller en opgradering til din eksisterende testb\u00e6nk. Vi tilbyder en r\u00e6kke forskellige l\u00f8sninger, fra komponentsimuleringer til hybridtest.","button":{"value":"","url":"","anchor":"","blank":"0"},"button_color":"btn-primary","services":[]},{"_type":"content","nav_title":"","bg_color":"light","title":"Modelbaseret System Engineering","body":"Hos R&amp;D Test Systems arbejder vi med \"Model-Based System Engineering\" (MBSE). Det betyder, at vi s\u00e6tter \"modellen\" i centrum for systemdesignet p\u00e5 tv\u00e6rs af ingeni\u00f8rdiscipliner, fra den konceptuelle designfase til udviklings-, idrifts\u00e6ttelses- og senere livscyklusfase. De digitale modelleringsmilj\u00f8er udnytter vores design og valideringer samtidig med, at det er innovativt og optimeret.\r\n\r\nMed vores tv\u00e6rfaglige ingeni\u00f8rteam og dokumenterede kompetencer hj\u00e6lper vi vores kunder i deres digitaliseringsrejse.","text_align":"center"},{"_type":"text_image","nav_title":"","bg_color":"transparent","title":"Simuleringer p\u00e5 komponentniveau","preface":"","image":"14320","video":"","autoplay":false,"position":"right","content":"Vi leverer simuleringer p\u00e5 komponentniveau m\u00e5lrettet forskellige systemer s\u00e5som hydraulik, mekanik, el og elektronik osv. Disse digitale l\u00f8sninger vil tilf\u00f8re v\u00e6rdi til din virksomhed og samtidig sikre overholdelse af sikkerhedskrav. Desuden vil forebyggende processer og vedligeholdelse ved hj\u00e6lp af simuleringer \u00f8ge aktivernes levetid og mindske vedligeholdelsesomkostningerne.","button":{"value":"","url":"","anchor":"","blank":"0"},"button_color":"btn-primary","services":[]},{"_type":"text_image","nav_title":"","bg_color":"transparent","title":"Modelintegration og simuleringer p\u00e5 systemniveau","preface":"","image":"14326","video":"","autoplay":false,"position":"left","content":"Vores tv\u00e6rfaglige ingeni\u00f8rteam kan hj\u00e6lpe dig med at definere brugergr\u00e6nseflader mellem dine simuleringsmodeller og udnytte dine komponentmodeller til koblede simuleringer i et integreret framework. Desuden kan vi inkludere applikationer oven i disse simuleringsmilj\u00f8er baseret p\u00e5 dine behov. Dermed f\u00e5r du mere realistiske simuleringsmodeller og indsigt i dit system.\r\n\r\nVi leverer simuleringer p\u00e5 systemniveau, der er fokuseret p\u00e5 forskellige niveauer af applikationer. Nogle af fokusomr\u00e5derne er; drift og vedligeholdelse, testpr\u00f8vev\u00e6rkt\u00f8jer, testvurderings- og rapporteringsv\u00e6rkt\u00f8jer og testudf\u00f8relse. Vi hj\u00e6lper dig ogs\u00e5 med at identificere og se muligheder. Vores digitale l\u00f8sninger hj\u00e6lper dig med at estimere og reducere omkostningerne ved test, reducere time-to-market, \u00f8ge aktivernes levetid, s\u00e6nke vedligeholdelsesomkostningerne og definere den resterende brugstid.","button":{"value":"","url":"","anchor":"","blank":"0"},"button_color":"btn-primary","services":[]},{"_type":"text_image","nav_title":"","bg_color":"transparent","title":"Produktsimuleringer","preface":"","image":"14464","video":"","autoplay":false,"position":"right","content":"Vores ingeni\u00f8rkompetencer og digitale l\u00f8sninger er ikke kun begr\u00e6nset til testb\u00e6nke, men ogs\u00e5 vindm\u00f8lleprodukter. Med vores simulerings- og datavidenskabelige erfaringer kan vi hj\u00e6lpe dig p\u00e5 forskellige omr\u00e5der, fra design til drift. Vores digitale tilbud omfatter, men er ikke begr\u00e6nset til; lejedesign, design af kr\u00f8je- og pitchsystem, fejlmonitorering, osv. Disse l\u00f8sninger giver dig ogs\u00e5 mulighed for at optimere omkostningerne ved at bruge leverand\u00f8rscreening og risikovurdering.","button":{"value":"","url":"","anchor":"","blank":"0"},"button_color":"btn-primary","services":[]},{"_type":"image_hotspots","nav_title":"","bg_color":"light","image":"14473","title":"Klik for at finde din nye digitale l\u00f8sning","description":"Klik for at se nogle af de digitale l\u00f8sninger, som vi tilbyder.","hotspots":[{"_type":"_","left":"14","top":"8","title":"Komponentsimuleringer","subtitle":"","description":"Vi leverer simuleringer p\u00e5 komponentniveau m\u00e5lrettet mod forskellige systemer s\u00e5som hydraulik, mekanik, el og elektronik mv.\r\n\r\nNogle af de digitale l\u00f8sninger, der tilbydes til hydraulik, er:\r\n<ul>\r\n \t<li>L\u00e6kageestimator<\/li>\r\n \t<li>Akkumulatoroverv\u00e5gning<\/li>\r\n \t<li>Slid p\u00e5 cylindert\u00e6tning<\/li>\r\n<\/ul>","link":{"value":"","url":"","anchor":"","blank":"0"},"button_color":"btn-primary","services":[]},{"_type":"_","left":"26","top":"14","title":"Modelintegration","subtitle":"","description":"Med vores tv\u00e6rfaglige ingeni\u00f8rkompetencer hj\u00e6lper vi dig med at koble simuleringerne p\u00e5 komponentniveau i et integreret system.","link":{"value":"","url":"","anchor":"","blank":"0"},"button_color":"btn-primary","services":[]},{"_type":"_","left":"32","top":"33","title":"Produktsimuleringer","subtitle":"","description":"Med vores erfaring inden for vindspecialister tilbyder vi ogs\u00e5 digitale l\u00f8sninger til vores kunder inden for produktdesign og udviklingscyklus.\r\n\r\nNogle af de digitale l\u00f8sninger, der er til produktsimuleringerne er:\r\n<ul>\r\n \t<li>Vingelejedesign<\/li>\r\n \t<li>Sundhedsoverv\u00e5gning<\/li>\r\n \t<li>Design af kr\u00f8je- og pitchsystem<\/li>\r\n<\/ul>","link":{"value":"","url":"","anchor":"","blank":"0"},"button_color":"btn-primary","services":[]},{"_type":"_","left":"15","top":"63","title":"Systemsimuleringer","subtitle":"","description":"Med en succesfuld track record af testsystemer til vindindustrien forbedrer R&amp;D Test Systems tests ved at reducere testtid med simulering\r\n\r\nNogle af de digitale l\u00f8sninger, der tilbydes til testsystemerne, er:\r\n<ul>\r\n \t<li>Avanceret visualisering<\/li>\r\n \t<li>Testb\u00e6nk optimering<\/li>\r\n \t<li>Virtuel test<\/li>\r\n \t<li>Forudsigende vedligeholdelse<\/li>\r\n \t<li>Damage Counter<\/li>\r\n \t<li>Datastyring<\/li>\r\n \t<li>Datadrevet Root-Cause Analysis<\/li>\r\n<\/ul>","link":{"value":"","url":"","anchor":"","blank":"0"},"button_color":"btn-primary","services":[]},{"_type":"_","left":"49","top":"37","title":"Datastyring","subtitle":"","description":"Data er en afg\u00f8rende del af b\u00e5de simulering og eksperimenter. Datastyring er afg\u00f8rende for effektive vurderinger og fremskridt i beslutningsprocessen. Vi udvikler en datastyringsplatform til at hj\u00e6lpe dig med at opbevare, f\u00e5 adgang til og efterbehandle de data, du har indsamlet fra eksperimenterne og simuleringerne. Desuden kan data med st\u00f8tte fra machine learning bruges til root-cause analyse.","link":{"value":"","url":"","anchor":"","blank":"0"},"button_color":"btn-primary","services":[]},{"_type":"_","left":"65","top":"65","title":"Drift & Vedligeholdelse","subtitle":"","description":"Vores m\u00e5l er at hj\u00e6lpe vores kunder med at reducere deres time-to-market og omkostningerne ved test.\r\n\r\nTestb\u00e6nke er udstyret med flere sensorer for at sikre sikker driften. Med integrationen af simulering og data ville brugerne blive mere informeret om den fysiske testb\u00e6nk.\r\n\r\nDesuden kan sensordataene ogs\u00e5 bruges til forudsigelig vedligeholdelse, hvilket reducerer testb\u00e6nkens nedetid og vedligeholdelsesomkostninger.","link":{"value":"","url":"","anchor":"","blank":"0"},"button_color":"btn-primary","services":[]},{"_type":"_","left":"76","top":"27","title":"Testudf\u00f8relse","subtitle":"","description":"Vi tilbyder avancerede testudf\u00f8relsesl\u00f8sninger for at forbedre outputtet af dine eksperimenter med mere realistiske og p\u00e5lidelige testudf\u00f8relser.\r\n\r\nNogle af de digitale l\u00f8sninger, der er til produktsimuleringerne er:\r\n<ul>\r\n \t<li>Hybridtest<\/li>\r\n \t<li>Hardware-in-the-loop test<\/li>\r\n \t<li>Net-emulering<\/li>\r\n<\/ul>","link":{"value":"","url":"","anchor":"","blank":"0"},"button_color":"btn-primary","services":[]},{"_type":"_","left":"83","top":"33","title":"Eksperimentelt design","subtitle":"","description":"Vi hj\u00e6lper vores kunder med at maksimere brugen af deres testb\u00e6nke. Sensorplacering, overv\u00e5gning, dataopbevaring, efterbehandling, systemidentifikation, root-cause analyse, simuleringsvalidering og kalibrering er nogle af de eksempler, som vi fokuserer p\u00e5 for at p\u00e5virke produktudvikling og design med.","link":{"value":"","url":"","anchor":"","blank":"0"},"button_color":"btn-primary","services":[]}]},{"_type":"video-module","nav_title":"","bg_color":"transparent","title":"Vores digitale ambitioner ","description":" Vi bruger digitaliserings-og simuleringsmodeller til at forbedre informationen forud for tests, \u00f8ge gennemsigtigheden af resultater og forkorte time-to-market for vores kunder. ","video":"16083","embed":"","video_size":"md"},{"_type":"related_insights","nav_title":"","bg_color":"light","title":"Nyheder","description":"L\u00e6s de seneste nyheder fra R&D Test Systems, hvor du kan f\u00e5 et glimt af vores verden og de l\u00f8sninger, som vi har leveret til vores kunder.","post_types":"insights","insights":[{"value":"post:insights:16258","type":"post","subtype":"insights","id":"16258"},{"value":"post:insights:15096","type":"post","subtype":"insights","id":"15096"},{"value":"post:insights:14412","type":"post","subtype":"insights","id":"14412"},{"value":"post:insights:13926","type":"post","subtype":"insights","id":"13926"},{"value":"post:insights:14073","type":"post","subtype":"insights","id":"14073"}],"insights_posttype":[],"cases":[]},{"_type":"contact","nav_title":"","bg_color":"transparent","title":"Hvordan kan vi hj\u00e6lpe dig?","description":"","show_categories":false,"form_text":"","subjects":[],"employees":[{"value":"post:employees:13783","type":"post","subtype":"employees","id":"13783"}],"hide_responsibilities":false}],"app_templates_modules_custom_backlink_link":{"value":"","url":"","anchor":"","blank":"0"},"app_templates_privacy_policy_top_banner_image":"","app_templates_privacy_policy_top_banner_video":"","app_templates_privacy_policy_top_banner_subtitle":"","app_templates_privacy_policy_top_banner_title":"","_links":{"self":[{"href":"https:\/\/rdtestsystems.wpdrift.dev\/da\/wp-json\/wp\/v2\/pages\/14524","targetHints":{"allow":["GET"]}}],"collection":[{"href":"https:\/\/rdtestsystems.wpdrift.dev\/da\/wp-json\/wp\/v2\/pages"}],"about":[{"href":"https:\/\/rdtestsystems.wpdrift.dev\/da\/wp-json\/wp\/v2\/types\/page"}],"author":[{"embeddable":true,"href":"https:\/\/rdtestsystems.wpdrift.dev\/da\/wp-json\/wp\/v2\/users\/23"}],"replies":[{"embeddable":true,"href":"https:\/\/rdtestsystems.wpdrift.dev\/da\/wp-json\/wp\/v2\/comments?post=14524"}],"version-history":[{"count":10,"href":"https:\/\/rdtestsystems.wpdrift.dev\/da\/wp-json\/wp\/v2\/pages\/14524\/revisions"}],"predecessor-version":[{"id":18851,"href":"https:\/\/rdtestsystems.wpdrift.dev\/da\/wp-json\/wp\/v2\/pages\/14524\/revisions\/18851"}],"wp:featuredmedia":[{"embeddable":true,"href":"https:\/\/rdtestsystems.wpdrift.dev\/da\/wp-json\/wp\/v2\/media\/14131"}],"wp:attachment":[{"href":"https:\/\/rdtestsystems.wpdrift.dev\/da\/wp-json\/wp\/v2\/media?parent=14524"}],"curies":[{"name":"wp","href":"https:\/\/api.w.org\/{rel}","templated":true}]}}